{"id":337,"date":"2024-10-22T14:52:52","date_gmt":"2024-10-22T19:52:52","guid":{"rendered":"https:\/\/masquerades.noma.org\/?page_id=337"},"modified":"2025-07-09T11:33:01","modified_gmt":"2025-07-09T16:33:01","slug":"herve-youmbi","status":"publish","type":"page","link":"https:\/\/masquerades.noma.org\/fr\/meet-the-artists\/herve-youmbi\/","title":{"rendered":"Herv\u00e9 Youmbi"},"content":{"rendered":"<div class=\"wp-block-cover alignfull is-light has-custom-content-position is-position-bottom-center inner-max-width-none\" style=\"padding-top:var(--wp--preset--spacing--50);padding-right:var(--wp--preset--spacing--50);padding-bottom:var(--wp--preset--spacing--50);padding-left:var(--wp--preset--spacing--50);min-height:70vh;aspect-ratio:unset;\"><img loading=\"lazy\" decoding=\"async\" width=\"1080\" height=\"810\" class=\"wp-block-cover__image-background wp-image-390\" alt=\"\" src=\"https:\/\/masquerades.noma.org\/wp-content\/uploads\/2024\/10\/Herve-Youmbi.jpg\" style=\"object-position:22% 48%\" data-object-fit=\"cover\" data-object-position=\"22% 48%\" srcset=\"https:\/\/masquerades.noma.org\/wp-content\/uploads\/2024\/10\/Herve-Youmbi.jpg 1080w, https:\/\/masquerades.noma.org\/wp-content\/uploads\/2024\/10\/Herve-Youmbi-300x225.jpg 300w, https:\/\/masquerades.noma.org\/wp-content\/uploads\/2024\/10\/Herve-Youmbi-1024x768.jpg 1024w, https:\/\/masquerades.noma.org\/wp-content\/uploads\/2024\/10\/Herve-Youmbi-768x576.jpg 768w, https:\/\/masquerades.noma.org\/wp-content\/uploads\/2024\/10\/Herve-Youmbi-16x12.jpg 16w\" sizes=\"auto, (max-width: 1080px) 100vw, 1080px\" \/><span aria-hidden=\"true\" class=\"wp-block-cover__background has-background-dim-0 has-background-dim\" style=\"background-color:#bdb5ac\"><\/span><div class=\"wp-block-cover__inner-container is-layout-flow wp-block-cover-is-layout-flow\">\n<div class=\"wp-block-columns alignfull are-vertically-aligned-bottom no-gap is-layout-flex wp-container-core-columns-is-layout-28f84493 wp-block-columns-is-layout-flex\">\n<div class=\"wp-block-column is-vertically-aligned-bottom margin-bottom-none is-layout-flow wp-container-core-column-is-layout-8a368f38 wp-block-column-is-layout-flow\">\n<div class=\"wp-block-group has-background is-layout-constrained wp-container-core-group-is-layout-f611be13 wp-block-group-is-layout-constrained\" style=\"background-color:#121212d4;padding-top:var(--wp--preset--spacing--50);padding-right:var(--wp--preset--spacing--50);padding-bottom:var(--wp--preset--spacing--50);padding-left:var(--wp--preset--spacing--50)\">\n<h2 class=\"wp-block-heading has-ast-global-color-4-color has-text-color has-link-color wp-elements-0de828118d3ba02d229f8d9953a72c38\">Herv\u00e9 Youmbi<\/h2>\n\n\n\n<h3 class=\"wp-block-heading has-ast-global-color-5-color has-text-color has-link-color wp-elements-416937021cd555be1cec13819ce7f4a2\">Cameroun<\/h3>\n<\/div>\n<\/div>\n\n\n\n<div class=\"wp-block-column is-vertically-aligned-bottom is-layout-flow wp-block-column-is-layout-flow\"><\/div>\n<\/div>\n<\/div><\/div>\n\n\n\n<div style=\"height:16px\" aria-hidden=\"true\" class=\"wp-block-spacer\"><\/div>\n\n\n\n<p class=\"caption\">Herv\u00e9 Youmbi. Photo gracieusement fournie par la galerie Axis.<\/p>\n\n\n\n<div class=\"wp-block-columns is-layout-flex wp-container-core-columns-is-layout-e0e4babd wp-block-columns-is-layout-flex\" style=\"padding-right:0;padding-left:0\">\n<div class=\"wp-block-column is-layout-flow wp-block-column-is-layout-flow\">\n<figure class=\"wp-block-image aligncenter size-full is-resized\"><img loading=\"lazy\" decoding=\"async\" width=\"166\" height=\"167\" src=\"https:\/\/masquerades.noma.org\/wp-content\/uploads\/2025\/06\/BB4.png\" alt=\"\" class=\"wp-image-884\" style=\"width:56px\" srcset=\"https:\/\/masquerades.noma.org\/wp-content\/uploads\/2025\/06\/BB4.png 166w, https:\/\/masquerades.noma.org\/wp-content\/uploads\/2025\/06\/BB4-150x150.png 150w, https:\/\/masquerades.noma.org\/wp-content\/uploads\/2025\/06\/BB4-12x12.png 12w\" sizes=\"auto, (max-width: 166px) 100vw, 166px\" \/><\/figure>\n\n\n\n<p><strong>Herv\u00e9 Youmbi<\/strong> (n\u00e9 en 1973) est n\u00e9 \u00e0 Bangui, en R\u00e9publique centrafricaine, et a grandi \u00e0 Douala, au Cameroun. C'est un artiste contemporain renomm\u00e9, profond\u00e9ment influenc\u00e9 par l'histoire complexe de l'Afrique. La pratique conceptuelle de Youmbi explore les questions d'identit\u00e9, de pouvoir et de l'h\u00e9ritage du colonialisme \u00e0 travers des portraits et des masques hybrides qui comblent le foss\u00e9 entre les rituels traditionnels africains et le monde de l'art contemporain mondial.<\/p>\n\n\n\n<figure class=\"wp-block-embed is-type-video is-provider-vimeo wp-block-embed-vimeo wp-embed-aspect-16-9 wp-has-aspect-ratio\"><div class=\"wp-block-embed__wrapper\">\n<div class=\"ast-oembed-container\" style=\"height: 100%;\"><iframe loading=\"lazy\" title=\"Herv\u00e9 Youmbi Bamileke Tso Masquerade du cri\" src=\"https:\/\/player.vimeo.com\/video\/1082587681?h=e6bb467394&amp;dnt=1&amp;app_id=122963\" width=\"500\" height=\"281\" frameborder=\"0\" allow=\"autoplay; fullscreen; picture-in-picture; clipboard-write; encrypted-media; web-share\"><\/iframe><\/div>\n<\/div><\/figure>\n<\/div>\n\n\n\n<div class=\"wp-block-column is-layout-flow wp-block-column-is-layout-flow\">\n<figure class=\"wp-block-image size-full is-resized max-width-half-page\"><img loading=\"lazy\" decoding=\"async\" width=\"370\" height=\"436\" src=\"https:\/\/masquerades.noma.org\/wp-content\/uploads\/2024\/12\/Masks-240923_Page_038_Image_0001.jpg\" alt=\"\" class=\"wp-image-561\" style=\"width:800px\" srcset=\"https:\/\/masquerades.noma.org\/wp-content\/uploads\/2024\/12\/Masks-240923_Page_038_Image_0001.jpg 370w, https:\/\/masquerades.noma.org\/wp-content\/uploads\/2024\/12\/Masks-240923_Page_038_Image_0001-255x300.jpg 255w, https:\/\/masquerades.noma.org\/wp-content\/uploads\/2024\/12\/Masks-240923_Page_038_Image_0001-10x12.jpg 10w\" sizes=\"auto, (max-width: 370px) 100vw, 370px\" \/><figcaption class=\"wp-element-caption\">Herv\u00e9 Youmbi travaillant sur les ajustements de son <em>Masque Tso Scream<\/em>, 2022. Photo, Landry Youmbi.<\/figcaption><\/figure>\n<\/div>\n<\/div>\n\n\n\n<div class=\"wp-block-columns is-layout-flex wp-container-core-columns-is-layout-f9967c49 wp-block-columns-is-layout-flex\" style=\"padding-top:0;padding-right:0;padding-left:0\">\n<div class=\"wp-block-column is-layout-flow wp-block-column-is-layout-flow\">\n<p>Les contributions de Youmbi \u00e0 ce projet rendent hommage \u00e0 ses collaborations avec des artistes talentueux de la r\u00e9gion des Grassfields au Cameroun. Le travail collaboratif permet \u00e0 Youmbi de naviguer avec succ\u00e8s dans les r\u00e8gles \u00e9tablies de la soci\u00e9t\u00e9 du masque et de cr\u00e9er des masques hybrides passionnants qui m\u00e9langent des ic\u00f4nes interculturelles populaires avec des genres renomm\u00e9s du masque.<\/p>\n<\/div>\n\n\n\n<div class=\"wp-block-column is-layout-flow wp-block-column-is-layout-flow\">\n<p>Les notions de circulation sont omnipr\u00e9sentes dans l'\u0153uvre de Youmbi. En transf\u00e9rant des sculptures qui ont \u00e9t\u00e9 rituellement mises en sc\u00e8ne \u00ab sur le terrain \u00bb dans des galeries d'art et des mus\u00e9es, et en leur permettant de retourner ensuite chez leurs nouveaux propri\u00e9taires si ceux-ci le souhaitent, il cr\u00e9e des liens entre les institutions et les communaut\u00e9s d'origine, remet en question la permanence et la fonction des \u0153uvres d'art dans les mus\u00e9es et brise la dichotomie entre \u00ab l'art classique \u00bb africain et \u00ab l'art contemporain \u00bb.<\/p>\n\n\n\n<div class=\"wp-block-buttons is-layout-flex wp-block-buttons-is-layout-flex\">\n<div class=\"wp-block-button\"><a class=\"wp-block-button__link wp-element-button\" href=\"https:\/\/masquerades.noma.org\/fr\/masquerades-in-action\/cameroon\/\">Voir la galerie Cameroun<\/a><\/div>\n\n\n\n<div class=\"wp-block-button\"><a class=\"wp-block-button__link wp-element-button\" href=\"https:\/\/masquerades.noma.org\/fr\/exhibition-themes\/collaboration\/\">Th\u00e8me de collaboration<\/a><\/div>\n\n\n\n<div class=\"wp-block-button\"><a class=\"wp-block-button__link wp-element-button\" href=\"https:\/\/masquerades.noma.org\/fr\/meet-the-artists\/chief-ekpenyong-bassey-nsa\/\">Artiste suivant<\/a><\/div>\n<\/div>\n<\/div>\n<\/div>\n\n\n\n<p><\/p>","protected":false},"excerpt":{"rendered":"<p>Herv\u00e9 Youmbi. Photo courtesy of Axis Gallery. Herv\u00e9 Youmbi (b. 1973) was born in Bangui, Central African Republic, and raised [&hellip;]<\/p>","protected":false},"author":1,"featured_media":390,"parent":110,"menu_order":0,"comment_status":"closed","ping_status":"closed","template":"","meta":{"_acf_changed":false,"site-sidebar-layout":"default","site-content-layout":"","ast-site-content-layout":"","site-content-style":"default","site-sidebar-style":"default","ast-global-header-display":"","ast-banner-title-visibility":"","ast-main-header-display":"","ast-hfb-above-header-display":"","ast-hfb-below-header-display":"","ast-hfb-mobile-header-display":"","site-post-title":"","ast-breadcrumbs-content":"","ast-featured-img":"","footer-sml-layout":"","theme-transparent-header-meta":"","adv-header-id-meta":"","stick-header-meta":"","header-above-stick-meta":"","header-main-stick-meta":"","header-below-stick-meta":"","astra-migrate-meta-layouts":"default","ast-page-background-enabled":"default","ast-page-background-meta":{"desktop":{"background-color":"var(--ast-global-color-4)","background-image":"","background-repeat":"repeat","background-position":"center center","background-size":"auto","background-attachment":"scroll","background-type":"","background-media":"","overlay-type":"","overlay-color":"","overlay-opacity":"","overlay-gradient":""},"tablet":{"background-color":"","background-image":"","background-repeat":"repeat","background-position":"center center","background-size":"auto","background-attachment":"scroll","background-type":"","background-media":"","overlay-type":"","overlay-color":"","overlay-opacity":"","overlay-gradient":""},"mobile":{"background-color":"","background-image":"","background-repeat":"repeat","background-position":"center center","background-size":"auto","background-attachment":"scroll","background-type":"","background-media":"","overlay-type":"","overlay-color":"","overlay-opacity":"","overlay-gradient":""}},"ast-content-background-meta":{"desktop":{"background-color":"var(--ast-global-color-5)","background-image":"","background-repeat":"repeat","background-position":"center center","background-size":"auto","background-attachment":"scroll","background-type":"","background-media":"","overlay-type":"","overlay-color":"","overlay-opacity":"","overlay-gradient":""},"tablet":{"background-color":"var(--ast-global-color-5)","background-image":"","background-repeat":"repeat","background-position":"center center","background-size":"auto","background-attachment":"scroll","background-type":"","background-media":"","overlay-type":"","overlay-color":"","overlay-opacity":"","overlay-gradient":""},"mobile":{"background-color":"var(--ast-global-color-5)","background-image":"","background-repeat":"repeat","background-position":"center center","background-size":"auto","background-attachment":"scroll","background-type":"","background-media":"","overlay-type":"","overlay-color":"","overlay-opacity":"","overlay-gradient":""}},"footnotes":""},"class_list":["post-337","page","type-page","status-publish","has-post-thumbnail","hentry"],"acf":[],"yoast_head":"<!-- This site is optimized with the Yoast SEO plugin v25.3.1 - https:\/\/yoast.com\/wordpress\/plugins\/seo\/ -->\n<title>Herv\u00e9 Youmbi - New African Masquerades<\/title>\n<meta name=\"robots\" content=\"noindex, follow, max-snippet:-1, max-image-preview:large, max-video-preview:-1\" \/>\n<meta property=\"og:locale\" content=\"fr_FR\" \/>\n<meta property=\"og:type\" content=\"article\" \/>\n<meta property=\"og:title\" content=\"Herv\u00e9 Youmbi - New African Masquerades\" \/>\n<meta property=\"og:description\" content=\"Herv\u00e9 Youmbi. Photo courtesy of Axis Gallery. Herv\u00e9 Youmbi (b. 1973) was born in Bangui, Central African Republic, and raised [&hellip;]\" \/>\n<meta property=\"og:url\" content=\"https:\/\/masquerades.noma.org\/fr\/meet-the-artists\/herve-youmbi\/\" \/>\n<meta property=\"og:site_name\" content=\"New African Masquerades\" \/>\n<meta property=\"article:modified_time\" content=\"2025-07-09T16:33:01+00:00\" \/>\n<meta property=\"og:image\" content=\"https:\/\/masquerades.noma.org\/wp-content\/uploads\/2024\/10\/Herve-Youmbi.jpg\" \/>\n\t<meta property=\"og:image:width\" content=\"1080\" \/>\n\t<meta property=\"og:image:height\" content=\"810\" \/>\n\t<meta property=\"og:image:type\" content=\"image\/jpeg\" \/>\n<meta name=\"twitter:card\" content=\"summary_large_image\" \/>\n<meta name=\"twitter:label1\" content=\"Dur\u00e9e de lecture estim\u00e9e\" \/>\n\t<meta name=\"twitter:data1\" content=\"2 minutes\" \/>\n<script type=\"application\/ld+json\" class=\"yoast-schema-graph\">{\"@context\":\"https:\/\/schema.org\",\"@graph\":[{\"@type\":\"WebPage\",\"@id\":\"https:\/\/masquerades.noma.org\/meet-the-artists\/herve-youmbi\/\",\"url\":\"https:\/\/masquerades.noma.org\/meet-the-artists\/herve-youmbi\/\",\"name\":\"Herv\u00e9 Youmbi - New African Masquerades\",\"isPartOf\":{\"@id\":\"https:\/\/masquerades.noma.org\/#website\"},\"primaryImageOfPage\":{\"@id\":\"https:\/\/masquerades.noma.org\/meet-the-artists\/herve-youmbi\/#primaryimage\"},\"image\":{\"@id\":\"https:\/\/masquerades.noma.org\/meet-the-artists\/herve-youmbi\/#primaryimage\"},\"thumbnailUrl\":\"https:\/\/masquerades.noma.org\/wp-content\/uploads\/2024\/10\/Herve-Youmbi.jpg\",\"datePublished\":\"2024-10-22T19:52:52+00:00\",\"dateModified\":\"2025-07-09T16:33:01+00:00\",\"breadcrumb\":{\"@id\":\"https:\/\/masquerades.noma.org\/meet-the-artists\/herve-youmbi\/#breadcrumb\"},\"inLanguage\":\"fr-FR\",\"potentialAction\":[{\"@type\":\"ReadAction\",\"target\":[\"https:\/\/masquerades.noma.org\/meet-the-artists\/herve-youmbi\/\"]}]},{\"@type\":\"ImageObject\",\"inLanguage\":\"fr-FR\",\"@id\":\"https:\/\/masquerades.noma.org\/meet-the-artists\/herve-youmbi\/#primaryimage\",\"url\":\"https:\/\/masquerades.noma.org\/wp-content\/uploads\/2024\/10\/Herve-Youmbi.jpg\",\"contentUrl\":\"https:\/\/masquerades.noma.org\/wp-content\/uploads\/2024\/10\/Herve-Youmbi.jpg\",\"width\":1080,\"height\":810},{\"@type\":\"BreadcrumbList\",\"@id\":\"https:\/\/masquerades.noma.org\/meet-the-artists\/herve-youmbi\/#breadcrumb\",\"itemListElement\":[{\"@type\":\"ListItem\",\"position\":1,\"name\":\"Home\",\"item\":\"https:\/\/masquerades.noma.org\/\"},{\"@type\":\"ListItem\",\"position\":2,\"name\":\"Meet The Artists\",\"item\":\"https:\/\/masquerades.noma.org\/meet-the-artists\/\"},{\"@type\":\"ListItem\",\"position\":3,\"name\":\"Herv\u00e9 Youmbi\"}]},{\"@type\":\"WebSite\",\"@id\":\"https:\/\/masquerades.noma.org\/#website\",\"url\":\"https:\/\/masquerades.noma.org\/\",\"name\":\"New Masks Now\",\"description\":\"Artistic Innovations and Collaborations\",\"publisher\":{\"@id\":\"https:\/\/masquerades.noma.org\/#organization\"},\"potentialAction\":[{\"@type\":\"SearchAction\",\"target\":{\"@type\":\"EntryPoint\",\"urlTemplate\":\"https:\/\/masquerades.noma.org\/?s={search_term_string}\"},\"query-input\":{\"@type\":\"PropertyValueSpecification\",\"valueRequired\":true,\"valueName\":\"search_term_string\"}}],\"inLanguage\":\"fr-FR\"},{\"@type\":\"Organization\",\"@id\":\"https:\/\/masquerades.noma.org\/#organization\",\"name\":\"New Orleans Museum of Art\",\"url\":\"https:\/\/masquerades.noma.org\/\",\"logo\":{\"@type\":\"ImageObject\",\"inLanguage\":\"fr-FR\",\"@id\":\"https:\/\/masquerades.noma.org\/#\/schema\/logo\/image\/\",\"url\":\"https:\/\/masquerades.noma.org\/wp-content\/uploads\/2023\/11\/nmn-banner.jpg\",\"contentUrl\":\"https:\/\/masquerades.noma.org\/wp-content\/uploads\/2023\/11\/nmn-banner.jpg\",\"width\":900,\"height\":295,\"caption\":\"New Orleans Museum of Art\"},\"image\":{\"@id\":\"https:\/\/masquerades.noma.org\/#\/schema\/logo\/image\/\"}}]}<\/script>\n<!-- \/ Yoast SEO plugin. -->","yoast_head_json":{"title":"Herv\u00e9 Youmbi - New African Masquerades","robots":{"index":"noindex","follow":"follow","max-snippet":"max-snippet:-1","max-image-preview":"max-image-preview:large","max-video-preview":"max-video-preview:-1"},"og_locale":"fr_FR","og_type":"article","og_title":"Herv\u00e9 Youmbi - New African Masquerades","og_description":"Herv\u00e9 Youmbi. Photo courtesy of Axis Gallery. Herv\u00e9 Youmbi (b. 1973) was born in Bangui, Central African Republic, and raised [&hellip;]","og_url":"https:\/\/masquerades.noma.org\/fr\/meet-the-artists\/herve-youmbi\/","og_site_name":"New African Masquerades","article_modified_time":"2025-07-09T16:33:01+00:00","og_image":[{"width":1080,"height":810,"url":"https:\/\/masquerades.noma.org\/wp-content\/uploads\/2024\/10\/Herve-Youmbi.jpg","type":"image\/jpeg"}],"twitter_card":"summary_large_image","twitter_misc":{"Dur\u00e9e de lecture estim\u00e9e":"2 minutes"},"schema":{"@context":"https:\/\/schema.org","@graph":[{"@type":"WebPage","@id":"https:\/\/masquerades.noma.org\/meet-the-artists\/herve-youmbi\/","url":"https:\/\/masquerades.noma.org\/meet-the-artists\/herve-youmbi\/","name":"Herv\u00e9 Youmbi - New African Masquerades","isPartOf":{"@id":"https:\/\/masquerades.noma.org\/#website"},"primaryImageOfPage":{"@id":"https:\/\/masquerades.noma.org\/meet-the-artists\/herve-youmbi\/#primaryimage"},"image":{"@id":"https:\/\/masquerades.noma.org\/meet-the-artists\/herve-youmbi\/#primaryimage"},"thumbnailUrl":"https:\/\/masquerades.noma.org\/wp-content\/uploads\/2024\/10\/Herve-Youmbi.jpg","datePublished":"2024-10-22T19:52:52+00:00","dateModified":"2025-07-09T16:33:01+00:00","breadcrumb":{"@id":"https:\/\/masquerades.noma.org\/meet-the-artists\/herve-youmbi\/#breadcrumb"},"inLanguage":"fr-FR","potentialAction":[{"@type":"ReadAction","target":["https:\/\/masquerades.noma.org\/meet-the-artists\/herve-youmbi\/"]}]},{"@type":"ImageObject","inLanguage":"fr-FR","@id":"https:\/\/masquerades.noma.org\/meet-the-artists\/herve-youmbi\/#primaryimage","url":"https:\/\/masquerades.noma.org\/wp-content\/uploads\/2024\/10\/Herve-Youmbi.jpg","contentUrl":"https:\/\/masquerades.noma.org\/wp-content\/uploads\/2024\/10\/Herve-Youmbi.jpg","width":1080,"height":810},{"@type":"BreadcrumbList","@id":"https:\/\/masquerades.noma.org\/meet-the-artists\/herve-youmbi\/#breadcrumb","itemListElement":[{"@type":"ListItem","position":1,"name":"Home","item":"https:\/\/masquerades.noma.org\/"},{"@type":"ListItem","position":2,"name":"Meet The Artists","item":"https:\/\/masquerades.noma.org\/meet-the-artists\/"},{"@type":"ListItem","position":3,"name":"Herv\u00e9 Youmbi"}]},{"@type":"WebSite","@id":"https:\/\/masquerades.noma.org\/#website","url":"https:\/\/masquerades.noma.org\/","name":"New Masks Now","description":"Artistic Innovations and Collaborations","publisher":{"@id":"https:\/\/masquerades.noma.org\/#organization"},"potentialAction":[{"@type":"SearchAction","target":{"@type":"EntryPoint","urlTemplate":"https:\/\/masquerades.noma.org\/?s={search_term_string}"},"query-input":{"@type":"PropertyValueSpecification","valueRequired":true,"valueName":"search_term_string"}}],"inLanguage":"fr-FR"},{"@type":"Organization","@id":"https:\/\/masquerades.noma.org\/#organization","name":"New Orleans Museum of Art","url":"https:\/\/masquerades.noma.org\/","logo":{"@type":"ImageObject","inLanguage":"fr-FR","@id":"https:\/\/masquerades.noma.org\/#\/schema\/logo\/image\/","url":"https:\/\/masquerades.noma.org\/wp-content\/uploads\/2023\/11\/nmn-banner.jpg","contentUrl":"https:\/\/masquerades.noma.org\/wp-content\/uploads\/2023\/11\/nmn-banner.jpg","width":900,"height":295,"caption":"New Orleans Museum of Art"},"image":{"@id":"https:\/\/masquerades.noma.org\/#\/schema\/logo\/image\/"}}]}},"_links":{"self":[{"href":"https:\/\/masquerades.noma.org\/fr\/wp-json\/wp\/v2\/pages\/337","targetHints":{"allow":["GET"]}}],"collection":[{"href":"https:\/\/masquerades.noma.org\/fr\/wp-json\/wp\/v2\/pages"}],"about":[{"href":"https:\/\/masquerades.noma.org\/fr\/wp-json\/wp\/v2\/types\/page"}],"author":[{"embeddable":true,"href":"https:\/\/masquerades.noma.org\/fr\/wp-json\/wp\/v2\/users\/1"}],"replies":[{"embeddable":true,"href":"https:\/\/masquerades.noma.org\/fr\/wp-json\/wp\/v2\/comments?post=337"}],"version-history":[{"count":35,"href":"https:\/\/masquerades.noma.org\/fr\/wp-json\/wp\/v2\/pages\/337\/revisions"}],"predecessor-version":[{"id":1022,"href":"https:\/\/masquerades.noma.org\/fr\/wp-json\/wp\/v2\/pages\/337\/revisions\/1022"}],"up":[{"embeddable":true,"href":"https:\/\/masquerades.noma.org\/fr\/wp-json\/wp\/v2\/pages\/110"}],"wp:featuredmedia":[{"embeddable":true,"href":"https:\/\/masquerades.noma.org\/fr\/wp-json\/wp\/v2\/media\/390"}],"wp:attachment":[{"href":"https:\/\/masquerades.noma.org\/fr\/wp-json\/wp\/v2\/media?parent=337"}],"curies":[{"name":"wp","href":"https:\/\/api.w.org\/{rel}","templated":true}]}}