{"id":338,"date":"2024-10-22T14:52:52","date_gmt":"2024-10-22T19:52:52","guid":{"rendered":"https:\/\/masquerades.noma.org\/?page_id=338"},"modified":"2025-07-09T11:27:37","modified_gmt":"2025-07-09T16:27:37","slug":"chief-ekpenyong-bassey-nsa","status":"publish","type":"page","link":"https:\/\/masquerades.noma.org\/fr\/meet-the-artists\/chief-ekpenyong-bassey-nsa\/","title":{"rendered":"Chef Ekpenyong Bassey Nsa"},"content":{"rendered":"<div class=\"wp-block-cover alignfull is-light has-custom-content-position is-position-bottom-center inner-max-width-none\" style=\"padding-top:var(--wp--preset--spacing--50);padding-right:var(--wp--preset--spacing--50);padding-bottom:var(--wp--preset--spacing--50);padding-left:var(--wp--preset--spacing--50);min-height:70vh;aspect-ratio:unset;\"><img loading=\"lazy\" decoding=\"async\" width=\"975\" height=\"729\" class=\"wp-block-cover__image-background wp-image-392\" alt=\"\" src=\"https:\/\/masquerades.noma.org\/wp-content\/uploads\/2024\/10\/Chief-Ekpenyong-Bassey-Nsa-sitting.jpg\" style=\"object-position:19% 16%\" data-object-fit=\"cover\" data-object-position=\"19% 16%\" srcset=\"https:\/\/masquerades.noma.org\/wp-content\/uploads\/2024\/10\/Chief-Ekpenyong-Bassey-Nsa-sitting.jpg 975w, https:\/\/masquerades.noma.org\/wp-content\/uploads\/2024\/10\/Chief-Ekpenyong-Bassey-Nsa-sitting-300x224.jpg 300w, https:\/\/masquerades.noma.org\/wp-content\/uploads\/2024\/10\/Chief-Ekpenyong-Bassey-Nsa-sitting-768x574.jpg 768w, https:\/\/masquerades.noma.org\/wp-content\/uploads\/2024\/10\/Chief-Ekpenyong-Bassey-Nsa-sitting-16x12.jpg 16w\" sizes=\"auto, (max-width: 975px) 100vw, 975px\" \/><span aria-hidden=\"true\" class=\"wp-block-cover__background has-background-dim-0 has-background-dim\"><\/span><div class=\"wp-block-cover__inner-container is-layout-flow wp-block-cover-is-layout-flow\">\n<div class=\"wp-block-columns alignfull are-vertically-aligned-bottom no-gap is-layout-flex wp-container-core-columns-is-layout-28f84493 wp-block-columns-is-layout-flex\">\n<div class=\"wp-block-column is-vertically-aligned-bottom margin-bottom-none is-layout-flow wp-container-core-column-is-layout-8a368f38 wp-block-column-is-layout-flow\">\n<div class=\"wp-block-group has-background is-layout-constrained wp-container-core-group-is-layout-f611be13 wp-block-group-is-layout-constrained\" style=\"background-color:#121212d4;padding-top:var(--wp--preset--spacing--50);padding-right:var(--wp--preset--spacing--50);padding-bottom:var(--wp--preset--spacing--50);padding-left:var(--wp--preset--spacing--50)\">\n<h2 class=\"wp-block-heading has-ast-global-color-4-color has-text-color has-link-color wp-elements-683a38b19aa4634d7d2163348cec37d8\">Chef Ekpenyong Bassey Nsa<\/h2>\n\n\n\n<h3 class=\"wp-block-heading has-ast-global-color-5-color has-text-color has-link-color wp-elements-17c122f88db7671fd3485036083dbffa\">Nigeria<\/h3>\n<\/div>\n<\/div>\n\n\n\n<div class=\"wp-block-column is-vertically-aligned-bottom is-layout-flow wp-block-column-is-layout-flow\"><\/div>\n<\/div>\n<\/div><\/div>\n\n\n\n<div style=\"height:16px\" aria-hidden=\"true\" class=\"wp-block-spacer\"><\/div>\n\n\n\n<p class=\"caption\">Le chef Ekpenyong Bassey Nsa en train de tailler un <em>nyanya<\/em> (crini\u00e8re thoracique) pour un ensemble de mascarade Ekpe en raphia, Calabar, Nigeria, 2016. Photo de Jordan Fenton.<\/p>\n\n\n\n<div class=\"wp-block-columns is-layout-flex wp-container-core-columns-is-layout-e0e4babd wp-block-columns-is-layout-flex\" style=\"padding-right:0;padding-left:0\">\n<div class=\"wp-block-column is-layout-flow wp-block-column-is-layout-flow\">\n<figure class=\"wp-block-image aligncenter size-full is-resized\"><img loading=\"lazy\" decoding=\"async\" width=\"164\" height=\"164\" src=\"https:\/\/masquerades.noma.org\/wp-content\/uploads\/2025\/06\/BB2.png\" alt=\"\" class=\"wp-image-880\" style=\"width:56px\" srcset=\"https:\/\/masquerades.noma.org\/wp-content\/uploads\/2025\/06\/BB2.png 164w, https:\/\/masquerades.noma.org\/wp-content\/uploads\/2025\/06\/BB2-150x150.png 150w, https:\/\/masquerades.noma.org\/wp-content\/uploads\/2025\/06\/BB2-12x12.png 12w\" sizes=\"auto, (max-width: 164px) 100vw, 164px\" \/><\/figure>\n\n\n\n<p>Le chef Bassey Nsa (n\u00e9 en 1973) est originaire de Calabar South, dans l'\u00c9tat de Cross River, au Nigeria. Il est un artiste Efik de troisi\u00e8me g\u00e9n\u00e9ration renomm\u00e9, sp\u00e9cialis\u00e9 dans la cr\u00e9ation d'ensembles de masques et de chor\u00e9graphies, de perles, de tenues de chef, de connaissances culturelles (telles que le nsibidi) et de sanctuaires fun\u00e9raires.<\/p>\n<\/div>\n\n\n\n<div class=\"wp-block-column is-layout-flow wp-block-column-is-layout-flow\">\n<figure class=\"wp-block-image size-full is-resized max-width-half-page\"><img loading=\"lazy\" decoding=\"async\" width=\"738\" height=\"469\" src=\"https:\/\/masquerades.noma.org\/wp-content\/uploads\/2024\/12\/Masks-240923_Page_044_Image_0001.jpg\" alt=\"\" class=\"wp-image-554\" style=\"width:1000px\" srcset=\"https:\/\/masquerades.noma.org\/wp-content\/uploads\/2024\/12\/Masks-240923_Page_044_Image_0001.jpg 738w, https:\/\/masquerades.noma.org\/wp-content\/uploads\/2024\/12\/Masks-240923_Page_044_Image_0001-300x191.jpg 300w, https:\/\/masquerades.noma.org\/wp-content\/uploads\/2024\/12\/Masks-240923_Page_044_Image_0001-18x12.jpg 18w\" sizes=\"auto, (max-width: 738px) 100vw, 738px\" \/><figcaption class=\"wp-element-caption\">Le chef Ekpenyong Bassey Nsa travaillant sur les commissions de mascarade, Calabar Sud, Nigeria, 2022. Photo : Jordan A. Fenton.<\/figcaption><\/figure>\n<\/div>\n<\/div>\n\n\n\n<div class=\"wp-block-columns is-layout-flex wp-container-core-columns-is-layout-a5331a9e wp-block-columns-is-layout-flex\" style=\"padding-top:0;padding-right:0;padding-bottom:0;padding-left:0\">\n<div class=\"wp-block-column is-layout-flow wp-block-column-is-layout-flow\">\n<p>Il a appris ce m\u00e9tier aupr\u00e8s de son p\u00e8re, feu le chef Bassey Ekpenyong Nsa (1933-1997), qui \u00e9tait un artiste renomm\u00e9 \u00e0 son \u00e9poque et \u00e0 qui l'on attribue la modernisation des ensembles de masques de la soci\u00e9t\u00e9 secr\u00e8te Ekpe, au c\u0153ur de la culture Efik, ainsi que dans tout le sud-est du Nigeria et l'ouest du Cameroun.<\/p>\n<\/div>\n\n\n\n<div class=\"wp-block-column is-layout-flow wp-block-column-is-layout-flow\">\n<figure class=\"wp-block-embed is-type-video is-provider-vimeo wp-block-embed-vimeo wp-embed-aspect-16-9 wp-has-aspect-ratio\" style=\"margin-top:0;margin-bottom:0\"><div class=\"wp-block-embed__wrapper\">\n<div class=\"ast-oembed-container\" style=\"height: 100%;\"><iframe loading=\"lazy\" title=\"Artiste en chef (\u00e0 titre provisoire)\" src=\"https:\/\/player.vimeo.com\/video\/1035819790?dnt=1&amp;app_id=122963\" width=\"500\" height=\"281\" frameborder=\"0\" allow=\"autoplay; fullscreen; picture-in-picture; clipboard-write; encrypted-media; web-share\"><\/iframe><\/div>\n<\/div><\/figure>\n\n\n\n<p>L'art de Chief Bassey Nsa est profond\u00e9ment li\u00e9 \u00e0 la soci\u00e9t\u00e9 Ekpe et \u00e0 l'h\u00e9ritage de son p\u00e8re. Initi\u00e9 \u00e0 l'Ekpe d\u00e8s son plus jeune \u00e2ge, il a re\u00e7u le titre de chef Ekpe, Obong Murua Okpoho, en 2009. Son art est \u00e9troitement li\u00e9 \u00e0 ses pratiques familiales et culturelles, chaque \u0153uvre commen\u00e7ant par une libation \u00e0 son p\u00e8re. Les talents de Bassey Nsa pour manipuler les couleurs, \u00e9quilibrer les compositions et int\u00e9grer de nouveaux mat\u00e9riaux le distinguent des autres artistes de Calabar. Ses commandes s'\u00e9tendent \u00e0 toute la r\u00e9gion de Cross River ainsi qu'\u00e0 des institutions internationales.<\/p>\n\n\n\n<div class=\"wp-block-buttons is-layout-flex wp-block-buttons-is-layout-flex\">\n<div class=\"wp-block-button\"><a class=\"wp-block-button__link wp-element-button\" href=\"https:\/\/masquerades.noma.org\/fr\/masquerades-in-action\/nigeria\/\">Voir la galerie Nigeria<\/a><\/div>\n\n\n\n<div class=\"wp-block-button\"><a class=\"wp-block-button__link wp-element-button\" href=\"https:\/\/masquerades.noma.org\/fr\/exhibition-themes\/economics\/\">Th\u00e8me \u00e9conomique<\/a><\/div>\n\n\n\n<div class=\"wp-block-button\"><a class=\"wp-block-button__link wp-element-button\" href=\"https:\/\/masquerades.noma.org\/fr\/meet-the-artists\/david-sanou\/\">Artiste suivant<\/a><\/div>\n<\/div>\n<\/div>\n<\/div>","protected":false},"excerpt":{"rendered":"<p>Chief Ekpenyong Bassey Nsa trimming a nyanya (chest mane) for a raffia Ekpe masquerade ensemble, Calabar, Nigeria, 2016. Photo by [&hellip;]<\/p>","protected":false},"author":1,"featured_media":392,"parent":110,"menu_order":1,"comment_status":"closed","ping_status":"closed","template":"","meta":{"_acf_changed":false,"site-sidebar-layout":"default","site-content-layout":"","ast-site-content-layout":"","site-content-style":"default","site-sidebar-style":"default","ast-global-header-display":"","ast-banner-title-visibility":"","ast-main-header-display":"","ast-hfb-above-header-display":"","ast-hfb-below-header-display":"","ast-hfb-mobile-header-display":"","site-post-title":"","ast-breadcrumbs-content":"","ast-featured-img":"","footer-sml-layout":"","theme-transparent-header-meta":"","adv-header-id-meta":"","stick-header-meta":"","header-above-stick-meta":"","header-main-stick-meta":"","header-below-stick-meta":"","astra-migrate-meta-layouts":"default","ast-page-background-enabled":"default","ast-page-background-meta":{"desktop":{"background-color":"var(--ast-global-color-4)","background-image":"","background-repeat":"repeat","background-position":"center center","background-size":"auto","background-attachment":"scroll","background-type":"","background-media":"","overlay-type":"","overlay-color":"","overlay-opacity":"","overlay-gradient":""},"tablet":{"background-color":"","background-image":"","background-repeat":"repeat","background-position":"center center","background-size":"auto","background-attachment":"scroll","background-type":"","background-media":"","overlay-type":"","overlay-color":"","overlay-opacity":"","overlay-gradient":""},"mobile":{"background-color":"","background-image":"","background-repeat":"repeat","background-position":"center center","background-size":"auto","background-attachment":"scroll","background-type":"","background-media":"","overlay-type":"","overlay-color":"","overlay-opacity":"","overlay-gradient":""}},"ast-content-background-meta":{"desktop":{"background-color":"var(--ast-global-color-5)","background-image":"","background-repeat":"repeat","background-position":"center center","background-size":"auto","background-attachment":"scroll","background-type":"","background-media":"","overlay-type":"","overlay-color":"","overlay-opacity":"","overlay-gradient":""},"tablet":{"background-color":"var(--ast-global-color-5)","background-image":"","background-repeat":"repeat","background-position":"center center","background-size":"auto","background-attachment":"scroll","background-type":"","background-media":"","overlay-type":"","overlay-color":"","overlay-opacity":"","overlay-gradient":""},"mobile":{"background-color":"var(--ast-global-color-5)","background-image":"","background-repeat":"repeat","background-position":"center center","background-size":"auto","background-attachment":"scroll","background-type":"","background-media":"","overlay-type":"","overlay-color":"","overlay-opacity":"","overlay-gradient":""}},"footnotes":""},"class_list":["post-338","page","type-page","status-publish","has-post-thumbnail","hentry"],"acf":[],"yoast_head":"<!-- This site is optimized with the Yoast SEO plugin v25.3.1 - https:\/\/yoast.com\/wordpress\/plugins\/seo\/ -->\n<title>Chief Ekpenyong Bassey Nsa - New African Masquerades<\/title>\n<meta name=\"robots\" content=\"noindex, follow, max-snippet:-1, max-image-preview:large, max-video-preview:-1\" \/>\n<meta property=\"og:locale\" content=\"fr_FR\" \/>\n<meta property=\"og:type\" content=\"article\" \/>\n<meta property=\"og:title\" content=\"Chief Ekpenyong Bassey Nsa - New African Masquerades\" \/>\n<meta property=\"og:description\" content=\"Chief Ekpenyong Bassey Nsa trimming a nyanya (chest mane) for a raffia Ekpe masquerade ensemble, Calabar, Nigeria, 2016. Photo by [&hellip;]\" \/>\n<meta property=\"og:url\" content=\"https:\/\/masquerades.noma.org\/fr\/meet-the-artists\/chief-ekpenyong-bassey-nsa\/\" \/>\n<meta property=\"og:site_name\" content=\"New African Masquerades\" \/>\n<meta property=\"article:modified_time\" content=\"2025-07-09T16:27:37+00:00\" \/>\n<meta property=\"og:image\" content=\"https:\/\/masquerades.noma.org\/wp-content\/uploads\/2024\/10\/Chief-Ekpenyong-Bassey-Nsa-sitting.jpg\" \/>\n\t<meta property=\"og:image:width\" content=\"975\" \/>\n\t<meta property=\"og:image:height\" content=\"729\" \/>\n\t<meta property=\"og:image:type\" content=\"image\/jpeg\" \/>\n<meta name=\"twitter:card\" content=\"summary_large_image\" \/>\n<meta name=\"twitter:label1\" content=\"Dur\u00e9e de lecture estim\u00e9e\" \/>\n\t<meta name=\"twitter:data1\" content=\"2 minutes\" \/>\n<script type=\"application\/ld+json\" class=\"yoast-schema-graph\">{\"@context\":\"https:\/\/schema.org\",\"@graph\":[{\"@type\":\"WebPage\",\"@id\":\"https:\/\/masquerades.noma.org\/meet-the-artists\/chief-ekpenyong-bassey-nsa\/\",\"url\":\"https:\/\/masquerades.noma.org\/meet-the-artists\/chief-ekpenyong-bassey-nsa\/\",\"name\":\"Chief Ekpenyong Bassey Nsa - New African Masquerades\",\"isPartOf\":{\"@id\":\"https:\/\/masquerades.noma.org\/#website\"},\"primaryImageOfPage\":{\"@id\":\"https:\/\/masquerades.noma.org\/meet-the-artists\/chief-ekpenyong-bassey-nsa\/#primaryimage\"},\"image\":{\"@id\":\"https:\/\/masquerades.noma.org\/meet-the-artists\/chief-ekpenyong-bassey-nsa\/#primaryimage\"},\"thumbnailUrl\":\"https:\/\/masquerades.noma.org\/wp-content\/uploads\/2024\/10\/Chief-Ekpenyong-Bassey-Nsa-sitting.jpg\",\"datePublished\":\"2024-10-22T19:52:52+00:00\",\"dateModified\":\"2025-07-09T16:27:37+00:00\",\"breadcrumb\":{\"@id\":\"https:\/\/masquerades.noma.org\/meet-the-artists\/chief-ekpenyong-bassey-nsa\/#breadcrumb\"},\"inLanguage\":\"fr-FR\",\"potentialAction\":[{\"@type\":\"ReadAction\",\"target\":[\"https:\/\/masquerades.noma.org\/meet-the-artists\/chief-ekpenyong-bassey-nsa\/\"]}]},{\"@type\":\"ImageObject\",\"inLanguage\":\"fr-FR\",\"@id\":\"https:\/\/masquerades.noma.org\/meet-the-artists\/chief-ekpenyong-bassey-nsa\/#primaryimage\",\"url\":\"https:\/\/masquerades.noma.org\/wp-content\/uploads\/2024\/10\/Chief-Ekpenyong-Bassey-Nsa-sitting.jpg\",\"contentUrl\":\"https:\/\/masquerades.noma.org\/wp-content\/uploads\/2024\/10\/Chief-Ekpenyong-Bassey-Nsa-sitting.jpg\",\"width\":975,\"height\":729},{\"@type\":\"BreadcrumbList\",\"@id\":\"https:\/\/masquerades.noma.org\/meet-the-artists\/chief-ekpenyong-bassey-nsa\/#breadcrumb\",\"itemListElement\":[{\"@type\":\"ListItem\",\"position\":1,\"name\":\"Home\",\"item\":\"https:\/\/masquerades.noma.org\/\"},{\"@type\":\"ListItem\",\"position\":2,\"name\":\"Meet The Artists\",\"item\":\"https:\/\/masquerades.noma.org\/meet-the-artists\/\"},{\"@type\":\"ListItem\",\"position\":3,\"name\":\"Chief Ekpenyong Bassey Nsa\"}]},{\"@type\":\"WebSite\",\"@id\":\"https:\/\/masquerades.noma.org\/#website\",\"url\":\"https:\/\/masquerades.noma.org\/\",\"name\":\"New Masks Now\",\"description\":\"Artistic Innovations and Collaborations\",\"publisher\":{\"@id\":\"https:\/\/masquerades.noma.org\/#organization\"},\"potentialAction\":[{\"@type\":\"SearchAction\",\"target\":{\"@type\":\"EntryPoint\",\"urlTemplate\":\"https:\/\/masquerades.noma.org\/?s={search_term_string}\"},\"query-input\":{\"@type\":\"PropertyValueSpecification\",\"valueRequired\":true,\"valueName\":\"search_term_string\"}}],\"inLanguage\":\"fr-FR\"},{\"@type\":\"Organization\",\"@id\":\"https:\/\/masquerades.noma.org\/#organization\",\"name\":\"New Orleans Museum of Art\",\"url\":\"https:\/\/masquerades.noma.org\/\",\"logo\":{\"@type\":\"ImageObject\",\"inLanguage\":\"fr-FR\",\"@id\":\"https:\/\/masquerades.noma.org\/#\/schema\/logo\/image\/\",\"url\":\"https:\/\/masquerades.noma.org\/wp-content\/uploads\/2023\/11\/nmn-banner.jpg\",\"contentUrl\":\"https:\/\/masquerades.noma.org\/wp-content\/uploads\/2023\/11\/nmn-banner.jpg\",\"width\":900,\"height\":295,\"caption\":\"New Orleans Museum of Art\"},\"image\":{\"@id\":\"https:\/\/masquerades.noma.org\/#\/schema\/logo\/image\/\"}}]}<\/script>\n<!-- \/ Yoast SEO plugin. -->","yoast_head_json":{"title":"Chief Ekpenyong Bassey Nsa - New African Masquerades","robots":{"index":"noindex","follow":"follow","max-snippet":"max-snippet:-1","max-image-preview":"max-image-preview:large","max-video-preview":"max-video-preview:-1"},"og_locale":"fr_FR","og_type":"article","og_title":"Chief Ekpenyong Bassey Nsa - New African Masquerades","og_description":"Chief Ekpenyong Bassey Nsa trimming a nyanya (chest mane) for a raffia Ekpe masquerade ensemble, Calabar, Nigeria, 2016. Photo by [&hellip;]","og_url":"https:\/\/masquerades.noma.org\/fr\/meet-the-artists\/chief-ekpenyong-bassey-nsa\/","og_site_name":"New African Masquerades","article_modified_time":"2025-07-09T16:27:37+00:00","og_image":[{"width":975,"height":729,"url":"https:\/\/masquerades.noma.org\/wp-content\/uploads\/2024\/10\/Chief-Ekpenyong-Bassey-Nsa-sitting.jpg","type":"image\/jpeg"}],"twitter_card":"summary_large_image","twitter_misc":{"Dur\u00e9e de lecture estim\u00e9e":"2 minutes"},"schema":{"@context":"https:\/\/schema.org","@graph":[{"@type":"WebPage","@id":"https:\/\/masquerades.noma.org\/meet-the-artists\/chief-ekpenyong-bassey-nsa\/","url":"https:\/\/masquerades.noma.org\/meet-the-artists\/chief-ekpenyong-bassey-nsa\/","name":"Chief Ekpenyong Bassey Nsa - New African Masquerades","isPartOf":{"@id":"https:\/\/masquerades.noma.org\/#website"},"primaryImageOfPage":{"@id":"https:\/\/masquerades.noma.org\/meet-the-artists\/chief-ekpenyong-bassey-nsa\/#primaryimage"},"image":{"@id":"https:\/\/masquerades.noma.org\/meet-the-artists\/chief-ekpenyong-bassey-nsa\/#primaryimage"},"thumbnailUrl":"https:\/\/masquerades.noma.org\/wp-content\/uploads\/2024\/10\/Chief-Ekpenyong-Bassey-Nsa-sitting.jpg","datePublished":"2024-10-22T19:52:52+00:00","dateModified":"2025-07-09T16:27:37+00:00","breadcrumb":{"@id":"https:\/\/masquerades.noma.org\/meet-the-artists\/chief-ekpenyong-bassey-nsa\/#breadcrumb"},"inLanguage":"fr-FR","potentialAction":[{"@type":"ReadAction","target":["https:\/\/masquerades.noma.org\/meet-the-artists\/chief-ekpenyong-bassey-nsa\/"]}]},{"@type":"ImageObject","inLanguage":"fr-FR","@id":"https:\/\/masquerades.noma.org\/meet-the-artists\/chief-ekpenyong-bassey-nsa\/#primaryimage","url":"https:\/\/masquerades.noma.org\/wp-content\/uploads\/2024\/10\/Chief-Ekpenyong-Bassey-Nsa-sitting.jpg","contentUrl":"https:\/\/masquerades.noma.org\/wp-content\/uploads\/2024\/10\/Chief-Ekpenyong-Bassey-Nsa-sitting.jpg","width":975,"height":729},{"@type":"BreadcrumbList","@id":"https:\/\/masquerades.noma.org\/meet-the-artists\/chief-ekpenyong-bassey-nsa\/#breadcrumb","itemListElement":[{"@type":"ListItem","position":1,"name":"Home","item":"https:\/\/masquerades.noma.org\/"},{"@type":"ListItem","position":2,"name":"Meet The Artists","item":"https:\/\/masquerades.noma.org\/meet-the-artists\/"},{"@type":"ListItem","position":3,"name":"Chief Ekpenyong Bassey Nsa"}]},{"@type":"WebSite","@id":"https:\/\/masquerades.noma.org\/#website","url":"https:\/\/masquerades.noma.org\/","name":"New Masks Now","description":"Artistic Innovations and Collaborations","publisher":{"@id":"https:\/\/masquerades.noma.org\/#organization"},"potentialAction":[{"@type":"SearchAction","target":{"@type":"EntryPoint","urlTemplate":"https:\/\/masquerades.noma.org\/?s={search_term_string}"},"query-input":{"@type":"PropertyValueSpecification","valueRequired":true,"valueName":"search_term_string"}}],"inLanguage":"fr-FR"},{"@type":"Organization","@id":"https:\/\/masquerades.noma.org\/#organization","name":"New Orleans Museum of Art","url":"https:\/\/masquerades.noma.org\/","logo":{"@type":"ImageObject","inLanguage":"fr-FR","@id":"https:\/\/masquerades.noma.org\/#\/schema\/logo\/image\/","url":"https:\/\/masquerades.noma.org\/wp-content\/uploads\/2023\/11\/nmn-banner.jpg","contentUrl":"https:\/\/masquerades.noma.org\/wp-content\/uploads\/2023\/11\/nmn-banner.jpg","width":900,"height":295,"caption":"New Orleans Museum of Art"},"image":{"@id":"https:\/\/masquerades.noma.org\/#\/schema\/logo\/image\/"}}]}},"_links":{"self":[{"href":"https:\/\/masquerades.noma.org\/fr\/wp-json\/wp\/v2\/pages\/338","targetHints":{"allow":["GET"]}}],"collection":[{"href":"https:\/\/masquerades.noma.org\/fr\/wp-json\/wp\/v2\/pages"}],"about":[{"href":"https:\/\/masquerades.noma.org\/fr\/wp-json\/wp\/v2\/types\/page"}],"author":[{"embeddable":true,"href":"https:\/\/masquerades.noma.org\/fr\/wp-json\/wp\/v2\/users\/1"}],"replies":[{"embeddable":true,"href":"https:\/\/masquerades.noma.org\/fr\/wp-json\/wp\/v2\/comments?post=338"}],"version-history":[{"count":41,"href":"https:\/\/masquerades.noma.org\/fr\/wp-json\/wp\/v2\/pages\/338\/revisions"}],"predecessor-version":[{"id":1020,"href":"https:\/\/masquerades.noma.org\/fr\/wp-json\/wp\/v2\/pages\/338\/revisions\/1020"}],"up":[{"embeddable":true,"href":"https:\/\/masquerades.noma.org\/fr\/wp-json\/wp\/v2\/pages\/110"}],"wp:featuredmedia":[{"embeddable":true,"href":"https:\/\/masquerades.noma.org\/fr\/wp-json\/wp\/v2\/media\/392"}],"wp:attachment":[{"href":"https:\/\/masquerades.noma.org\/fr\/wp-json\/wp\/v2\/media?parent=338"}],"curies":[{"name":"wp","href":"https:\/\/api.w.org\/{rel}","templated":true}]}}