{"id":339,"date":"2024-10-22T14:52:52","date_gmt":"2024-10-22T19:52:52","guid":{"rendered":"https:\/\/masquerades.noma.org\/?page_id=339"},"modified":"2025-08-08T13:23:51","modified_gmt":"2025-08-08T18:23:51","slug":"david-sanou","status":"publish","type":"page","link":"https:\/\/masquerades.noma.org\/fr\/meet-the-artists\/david-sanou\/","title":{"rendered":"David Sanou"},"content":{"rendered":"<div class=\"wp-block-cover alignfull has-custom-content-position is-position-bottom-center inner-max-width-none\" style=\"padding-top:var(--wp--preset--spacing--50);padding-right:var(--wp--preset--spacing--50);padding-bottom:var(--wp--preset--spacing--50);padding-left:var(--wp--preset--spacing--50);min-height:70vh;aspect-ratio:unset;\"><img loading=\"lazy\" decoding=\"async\" width=\"798\" height=\"1181\" class=\"wp-block-cover__image-background wp-image-389\" alt=\"\" src=\"https:\/\/masquerades.noma.org\/wp-content\/uploads\/2024\/10\/David-Sanou.jpg\" style=\"object-position:53% 45%\" data-object-fit=\"cover\" data-object-position=\"53% 45%\" srcset=\"https:\/\/masquerades.noma.org\/wp-content\/uploads\/2024\/10\/David-Sanou.jpg 798w, https:\/\/masquerades.noma.org\/wp-content\/uploads\/2024\/10\/David-Sanou-203x300.jpg 203w, https:\/\/masquerades.noma.org\/wp-content\/uploads\/2024\/10\/David-Sanou-692x1024.jpg 692w, https:\/\/masquerades.noma.org\/wp-content\/uploads\/2024\/10\/David-Sanou-768x1137.jpg 768w, https:\/\/masquerades.noma.org\/wp-content\/uploads\/2024\/10\/David-Sanou-8x12.jpg 8w\" sizes=\"auto, (max-width: 798px) 100vw, 798px\" \/><span aria-hidden=\"true\" class=\"wp-block-cover__background has-background-dim-0 has-background-dim\" style=\"background-color:#827a7a\"><\/span><div class=\"wp-block-cover__inner-container is-layout-flow wp-block-cover-is-layout-flow\">\n<div class=\"wp-block-columns alignfull are-vertically-aligned-bottom no-gap is-layout-flex wp-container-core-columns-is-layout-28f84493 wp-block-columns-is-layout-flex\">\n<div class=\"wp-block-column is-vertically-aligned-bottom margin-bottom-none is-layout-flow wp-container-core-column-is-layout-8a368f38 wp-block-column-is-layout-flow\">\n<div class=\"wp-block-group has-background is-layout-constrained wp-container-core-group-is-layout-f611be13 wp-block-group-is-layout-constrained\" style=\"background-color:#121212d4;padding-top:var(--wp--preset--spacing--50);padding-right:var(--wp--preset--spacing--50);padding-bottom:var(--wp--preset--spacing--50);padding-left:var(--wp--preset--spacing--50)\">\n<h2 class=\"wp-block-heading has-ast-global-color-4-color has-text-color has-link-color wp-elements-8be0510c7a5c18193d76e3ee550ca041\">David Sanou<\/h2>\n\n\n\n<h3 class=\"wp-block-heading has-ast-global-color-5-color has-text-color has-link-color wp-elements-8ae7255384a75873a3b4215cbe5a8ed7\">Burkina Faso<\/h3>\n<\/div>\n<\/div>\n\n\n\n<div class=\"wp-block-column is-vertically-aligned-bottom is-layout-flow wp-block-column-is-layout-flow\"><\/div>\n<\/div>\n<\/div><\/div>\n\n\n\n<div style=\"height:16px\" aria-hidden=\"true\" class=\"wp-block-spacer\"><\/div>\n\n\n\n<p class=\"caption\">David Sanou dans l'atelier d'Andr\u00e9 Sanou, Bobo-Dioulasso, Burkina Faso, 23 avril 2018. Photo : Lisa Homann.<\/p>\n\n\n\n<div class=\"wp-block-columns is-layout-flex wp-container-core-columns-is-layout-e0e4babd wp-block-columns-is-layout-flex\" style=\"padding-right:0;padding-left:0\">\n<div class=\"wp-block-column is-layout-flow wp-block-column-is-layout-flow\">\n<figure class=\"wp-block-image aligncenter size-full is-resized\"><img loading=\"lazy\" decoding=\"async\" width=\"168\" height=\"164\" src=\"https:\/\/masquerades.noma.org\/wp-content\/uploads\/2025\/06\/BB3.png\" alt=\"\" class=\"wp-image-882\" style=\"width:56px\" srcset=\"https:\/\/masquerades.noma.org\/wp-content\/uploads\/2025\/06\/BB3.png 168w, https:\/\/masquerades.noma.org\/wp-content\/uploads\/2025\/06\/BB3-12x12.png 12w\" sizes=\"auto, (max-width: 168px) 100vw, 168px\" \/><\/figure>\n\n\n\n<p><strong>David Sanou<\/strong> Il a commenc\u00e9 son apprentissage dans l'atelier de son p\u00e8re Andr\u00e9 Sanou \u00e0 Bobo-Dioulasso, au Burkina Faso, \u00e0 l'\u00e2ge de treize ans. Cet atelier commercial est r\u00e9put\u00e9 pour ses innovations dans le domaine des masques, tant lorsqu'il \u00e9tait dirig\u00e9 par Andr\u00e9 Sanou jusqu'\u00e0 sa retraite en 2009 que sous la direction actuelle de son fils. En plus des coiffes issues de genres de masques traditionnels, il est possible de commander de nouvelles formes telles que des coiffes Photo Mask sculpt\u00e9es pour ressembler \u00e9troitement \u00e0 un \u00eatre cher d\u00e9c\u00e9d\u00e9, ou des coiffes Compromise Kimi qui temp\u00e8rent le naturalisme dramatique des Photo Masks.<\/p>\n\n\n\n<div style=\"padding:177.78% 0 0 0;position:relative;\"><iframe src=\"https:\/\/player.vimeo.com\/video\/1035825028?badge=0&amp;autopause=0&amp;player_id=0&amp;app_id=58479\" frameborder=\"0\" allow=\"autoplay; fullscreen; picture-in-picture; clipboard-write\" style=\"position:absolute;top:0;left:0;width:100%;height:100%;\" title=\"David Placeholder\"><\/iframe><\/div><script src=\"https:\/\/player.vimeo.com\/api\/player.js\"><\/script>\n\n\n\n<p>Les clients de David Sanou sont principalement des personnes ais\u00e9es qui participent r\u00e9guli\u00e8rement aux bals masqu\u00e9s organis\u00e9s dans leur ville natale ou leur quartier. Historiquement, ce sont les forgerons qui sculptaient les masques dans cette r\u00e9gion.<\/p>\n\n\n\n<p>Aujourd'hui, gr\u00e2ce \u00e0 la r\u00e9putation de l'atelier et \u00e0 la grande qualit\u00e9 de son travail, David Sanou, qui n'est pas forgeron, re\u00e7oit davantage de commandes prestigieuses de la part de clients fortun\u00e9s, et davantage de commandes en g\u00e9n\u00e9ral, que tout autre sculpteur de la r\u00e9gion.<\/p>\n\n\n\n<figure class=\"wp-block-embed is-type-video is-provider-vimeo wp-block-embed-vimeo wp-embed-aspect-16-9 wp-has-aspect-ratio\"><div class=\"wp-block-embed__wrapper\">\n<div class=\"ast-oembed-container\" style=\"height: 100%;\"><iframe loading=\"lazy\" title=\"David Sanou Kimi Mascarade\" src=\"https:\/\/player.vimeo.com\/video\/1083654530?h=11f730b786&amp;dnt=1&amp;app_id=122963\" width=\"500\" height=\"281\" frameborder=\"0\" allow=\"autoplay; fullscreen; picture-in-picture; clipboard-write; encrypted-media; web-share\"><\/iframe><\/div>\n<\/div><\/figure>\n\n\n\n<p class=\"caption\">Ceremonial\u00a0<em>Kimi<\/em>\u00a0dancing in Sya District, Bobo-Dioulasso, Burkina Faso, May 8, 2022. Video courtesy of Ali Zour\u00e9.<\/p>\n<\/div>\n\n\n\n<div class=\"wp-block-column is-layout-flow wp-block-column-is-layout-flow\">\n<figure class=\"wp-block-image size-full is-resized max-width-half-page\"><img loading=\"lazy\" decoding=\"async\" width=\"458\" height=\"676\" src=\"https:\/\/masquerades.noma.org\/wp-content\/uploads\/2024\/12\/Masks-240923_Page_051_Image_0001.jpg\" alt=\"\" class=\"wp-image-552\" style=\"width:800px\" srcset=\"https:\/\/masquerades.noma.org\/wp-content\/uploads\/2024\/12\/Masks-240923_Page_051_Image_0001.jpg 458w, https:\/\/masquerades.noma.org\/wp-content\/uploads\/2024\/12\/Masks-240923_Page_051_Image_0001-203x300.jpg 203w, https:\/\/masquerades.noma.org\/wp-content\/uploads\/2024\/12\/Masks-240923_Page_051_Image_0001-8x12.jpg 8w\" sizes=\"auto, (max-width: 458px) 100vw, 458px\" \/><figcaption class=\"wp-element-caption\">David Sanou dans l'atelier d'Andr\u00e9 Sanou, Bobo-Dioulasso, Burkina Faso, 29 mai 2022<\/figcaption><\/figure>\n<\/div>\n<\/div>\n\n\n\n<div class=\"wp-block-buttons is-layout-flex wp-block-buttons-is-layout-flex\">\n<div class=\"wp-block-button\"><a class=\"wp-block-button__link wp-element-button\" href=\"https:\/\/masquerades.noma.org\/fr\/masquerades-in-action\/burkina-faso\/\">Voir la galerie du Burkina Faso<\/a><\/div>\n\n\n\n<div class=\"wp-block-button\"><a class=\"wp-block-button__link wp-element-button\" href=\"https:\/\/masquerades.noma.org\/fr\/exhibition-themes\/innovation\/\">Th\u00e8me de l'innovation<\/a><\/div>\n\n\n\n<div class=\"wp-block-button\"><a class=\"wp-block-button__link wp-element-button\" href=\"https:\/\/masquerades.noma.org\/fr\/meet-the-artists\/sheku-goldenfinger-fofanah\/\">Artiste suivant<\/a><\/div>\n<\/div>","protected":false},"excerpt":{"rendered":"<p>David Sanou in the studio of Andr\u00e9 Sanou, Bobo-Dioulasso, Burkina Faso, April 23, 2018. Photo: Lisa Homann. David Sanou began [&hellip;]<\/p>","protected":false},"author":1,"featured_media":389,"parent":110,"menu_order":2,"comment_status":"closed","ping_status":"closed","template":"","meta":{"_acf_changed":false,"site-sidebar-layout":"default","site-content-layout":"","ast-site-content-layout":"","site-content-style":"default","site-sidebar-style":"default","ast-global-header-display":"","ast-banner-title-visibility":"","ast-main-header-display":"","ast-hfb-above-header-display":"","ast-hfb-below-header-display":"","ast-hfb-mobile-header-display":"","site-post-title":"","ast-breadcrumbs-content":"","ast-featured-img":"","footer-sml-layout":"","theme-transparent-header-meta":"","adv-header-id-meta":"","stick-header-meta":"","header-above-stick-meta":"","header-main-stick-meta":"","header-below-stick-meta":"","astra-migrate-meta-layouts":"default","ast-page-background-enabled":"default","ast-page-background-meta":{"desktop":{"background-color":"var(--ast-global-color-4)","background-image":"","background-repeat":"repeat","background-position":"center center","background-size":"auto","background-attachment":"scroll","background-type":"","background-media":"","overlay-type":"","overlay-color":"","overlay-opacity":"","overlay-gradient":""},"tablet":{"background-color":"","background-image":"","background-repeat":"repeat","background-position":"center center","background-size":"auto","background-attachment":"scroll","background-type":"","background-media":"","overlay-type":"","overlay-color":"","overlay-opacity":"","overlay-gradient":""},"mobile":{"background-color":"","background-image":"","background-repeat":"repeat","background-position":"center center","background-size":"auto","background-attachment":"scroll","background-type":"","background-media":"","overlay-type":"","overlay-color":"","overlay-opacity":"","overlay-gradient":""}},"ast-content-background-meta":{"desktop":{"background-color":"var(--ast-global-color-5)","background-image":"","background-repeat":"repeat","background-position":"center center","background-size":"auto","background-attachment":"scroll","background-type":"","background-media":"","overlay-type":"","overlay-color":"","overlay-opacity":"","overlay-gradient":""},"tablet":{"background-color":"var(--ast-global-color-5)","background-image":"","background-repeat":"repeat","background-position":"center center","background-size":"auto","background-attachment":"scroll","background-type":"","background-media":"","overlay-type":"","overlay-color":"","overlay-opacity":"","overlay-gradient":""},"mobile":{"background-color":"var(--ast-global-color-5)","background-image":"","background-repeat":"repeat","background-position":"center center","background-size":"auto","background-attachment":"scroll","background-type":"","background-media":"","overlay-type":"","overlay-color":"","overlay-opacity":"","overlay-gradient":""}},"footnotes":""},"class_list":["post-339","page","type-page","status-publish","has-post-thumbnail","hentry"],"acf":[],"yoast_head":"<!-- This site is optimized with the Yoast SEO plugin v25.3.1 - https:\/\/yoast.com\/wordpress\/plugins\/seo\/ -->\n<title>David Sanou - New African Masquerades<\/title>\n<meta name=\"robots\" content=\"noindex, follow, max-snippet:-1, max-image-preview:large, max-video-preview:-1\" \/>\n<meta property=\"og:locale\" content=\"fr_FR\" \/>\n<meta property=\"og:type\" content=\"article\" \/>\n<meta property=\"og:title\" content=\"David Sanou - New African Masquerades\" \/>\n<meta property=\"og:description\" content=\"David Sanou in the studio of Andr\u00e9 Sanou, Bobo-Dioulasso, Burkina Faso, April 23, 2018. Photo: Lisa Homann. David Sanou began [&hellip;]\" \/>\n<meta property=\"og:url\" content=\"https:\/\/masquerades.noma.org\/fr\/meet-the-artists\/david-sanou\/\" \/>\n<meta property=\"og:site_name\" content=\"New African Masquerades\" \/>\n<meta property=\"article:modified_time\" content=\"2025-08-08T18:23:51+00:00\" \/>\n<meta property=\"og:image\" content=\"https:\/\/masquerades.noma.org\/wp-content\/uploads\/2024\/10\/David-Sanou.jpg\" \/>\n\t<meta property=\"og:image:width\" content=\"798\" \/>\n\t<meta property=\"og:image:height\" content=\"1181\" \/>\n\t<meta property=\"og:image:type\" content=\"image\/jpeg\" \/>\n<meta name=\"twitter:card\" content=\"summary_large_image\" \/>\n<meta name=\"twitter:label1\" content=\"Dur\u00e9e de lecture estim\u00e9e\" \/>\n\t<meta name=\"twitter:data1\" content=\"2 minutes\" \/>\n<script type=\"application\/ld+json\" class=\"yoast-schema-graph\">{\"@context\":\"https:\/\/schema.org\",\"@graph\":[{\"@type\":\"WebPage\",\"@id\":\"https:\/\/masquerades.noma.org\/meet-the-artists\/david-sanou\/\",\"url\":\"https:\/\/masquerades.noma.org\/meet-the-artists\/david-sanou\/\",\"name\":\"David Sanou - New African Masquerades\",\"isPartOf\":{\"@id\":\"https:\/\/masquerades.noma.org\/#website\"},\"primaryImageOfPage\":{\"@id\":\"https:\/\/masquerades.noma.org\/meet-the-artists\/david-sanou\/#primaryimage\"},\"image\":{\"@id\":\"https:\/\/masquerades.noma.org\/meet-the-artists\/david-sanou\/#primaryimage\"},\"thumbnailUrl\":\"https:\/\/masquerades.noma.org\/wp-content\/uploads\/2024\/10\/David-Sanou.jpg\",\"datePublished\":\"2024-10-22T19:52:52+00:00\",\"dateModified\":\"2025-08-08T18:23:51+00:00\",\"breadcrumb\":{\"@id\":\"https:\/\/masquerades.noma.org\/meet-the-artists\/david-sanou\/#breadcrumb\"},\"inLanguage\":\"fr-FR\",\"potentialAction\":[{\"@type\":\"ReadAction\",\"target\":[\"https:\/\/masquerades.noma.org\/meet-the-artists\/david-sanou\/\"]}]},{\"@type\":\"ImageObject\",\"inLanguage\":\"fr-FR\",\"@id\":\"https:\/\/masquerades.noma.org\/meet-the-artists\/david-sanou\/#primaryimage\",\"url\":\"https:\/\/masquerades.noma.org\/wp-content\/uploads\/2024\/10\/David-Sanou.jpg\",\"contentUrl\":\"https:\/\/masquerades.noma.org\/wp-content\/uploads\/2024\/10\/David-Sanou.jpg\",\"width\":798,\"height\":1181},{\"@type\":\"BreadcrumbList\",\"@id\":\"https:\/\/masquerades.noma.org\/meet-the-artists\/david-sanou\/#breadcrumb\",\"itemListElement\":[{\"@type\":\"ListItem\",\"position\":1,\"name\":\"Home\",\"item\":\"https:\/\/masquerades.noma.org\/\"},{\"@type\":\"ListItem\",\"position\":2,\"name\":\"Meet The Artists\",\"item\":\"https:\/\/masquerades.noma.org\/meet-the-artists\/\"},{\"@type\":\"ListItem\",\"position\":3,\"name\":\"David Sanou\"}]},{\"@type\":\"WebSite\",\"@id\":\"https:\/\/masquerades.noma.org\/#website\",\"url\":\"https:\/\/masquerades.noma.org\/\",\"name\":\"New Masks Now\",\"description\":\"Artistic Innovations and Collaborations\",\"publisher\":{\"@id\":\"https:\/\/masquerades.noma.org\/#organization\"},\"potentialAction\":[{\"@type\":\"SearchAction\",\"target\":{\"@type\":\"EntryPoint\",\"urlTemplate\":\"https:\/\/masquerades.noma.org\/?s={search_term_string}\"},\"query-input\":{\"@type\":\"PropertyValueSpecification\",\"valueRequired\":true,\"valueName\":\"search_term_string\"}}],\"inLanguage\":\"fr-FR\"},{\"@type\":\"Organization\",\"@id\":\"https:\/\/masquerades.noma.org\/#organization\",\"name\":\"New Orleans Museum of Art\",\"url\":\"https:\/\/masquerades.noma.org\/\",\"logo\":{\"@type\":\"ImageObject\",\"inLanguage\":\"fr-FR\",\"@id\":\"https:\/\/masquerades.noma.org\/#\/schema\/logo\/image\/\",\"url\":\"https:\/\/masquerades.noma.org\/wp-content\/uploads\/2023\/11\/nmn-banner.jpg\",\"contentUrl\":\"https:\/\/masquerades.noma.org\/wp-content\/uploads\/2023\/11\/nmn-banner.jpg\",\"width\":900,\"height\":295,\"caption\":\"New Orleans Museum of Art\"},\"image\":{\"@id\":\"https:\/\/masquerades.noma.org\/#\/schema\/logo\/image\/\"}}]}<\/script>\n<!-- \/ Yoast SEO plugin. -->","yoast_head_json":{"title":"David Sanou - New African Masquerades","robots":{"index":"noindex","follow":"follow","max-snippet":"max-snippet:-1","max-image-preview":"max-image-preview:large","max-video-preview":"max-video-preview:-1"},"og_locale":"fr_FR","og_type":"article","og_title":"David Sanou - New African Masquerades","og_description":"David Sanou in the studio of Andr\u00e9 Sanou, Bobo-Dioulasso, Burkina Faso, April 23, 2018. Photo: Lisa Homann. David Sanou began [&hellip;]","og_url":"https:\/\/masquerades.noma.org\/fr\/meet-the-artists\/david-sanou\/","og_site_name":"New African Masquerades","article_modified_time":"2025-08-08T18:23:51+00:00","og_image":[{"width":798,"height":1181,"url":"https:\/\/masquerades.noma.org\/wp-content\/uploads\/2024\/10\/David-Sanou.jpg","type":"image\/jpeg"}],"twitter_card":"summary_large_image","twitter_misc":{"Dur\u00e9e de lecture estim\u00e9e":"2 minutes"},"schema":{"@context":"https:\/\/schema.org","@graph":[{"@type":"WebPage","@id":"https:\/\/masquerades.noma.org\/meet-the-artists\/david-sanou\/","url":"https:\/\/masquerades.noma.org\/meet-the-artists\/david-sanou\/","name":"David Sanou - New African Masquerades","isPartOf":{"@id":"https:\/\/masquerades.noma.org\/#website"},"primaryImageOfPage":{"@id":"https:\/\/masquerades.noma.org\/meet-the-artists\/david-sanou\/#primaryimage"},"image":{"@id":"https:\/\/masquerades.noma.org\/meet-the-artists\/david-sanou\/#primaryimage"},"thumbnailUrl":"https:\/\/masquerades.noma.org\/wp-content\/uploads\/2024\/10\/David-Sanou.jpg","datePublished":"2024-10-22T19:52:52+00:00","dateModified":"2025-08-08T18:23:51+00:00","breadcrumb":{"@id":"https:\/\/masquerades.noma.org\/meet-the-artists\/david-sanou\/#breadcrumb"},"inLanguage":"fr-FR","potentialAction":[{"@type":"ReadAction","target":["https:\/\/masquerades.noma.org\/meet-the-artists\/david-sanou\/"]}]},{"@type":"ImageObject","inLanguage":"fr-FR","@id":"https:\/\/masquerades.noma.org\/meet-the-artists\/david-sanou\/#primaryimage","url":"https:\/\/masquerades.noma.org\/wp-content\/uploads\/2024\/10\/David-Sanou.jpg","contentUrl":"https:\/\/masquerades.noma.org\/wp-content\/uploads\/2024\/10\/David-Sanou.jpg","width":798,"height":1181},{"@type":"BreadcrumbList","@id":"https:\/\/masquerades.noma.org\/meet-the-artists\/david-sanou\/#breadcrumb","itemListElement":[{"@type":"ListItem","position":1,"name":"Home","item":"https:\/\/masquerades.noma.org\/"},{"@type":"ListItem","position":2,"name":"Meet The Artists","item":"https:\/\/masquerades.noma.org\/meet-the-artists\/"},{"@type":"ListItem","position":3,"name":"David Sanou"}]},{"@type":"WebSite","@id":"https:\/\/masquerades.noma.org\/#website","url":"https:\/\/masquerades.noma.org\/","name":"New Masks Now","description":"Artistic Innovations and Collaborations","publisher":{"@id":"https:\/\/masquerades.noma.org\/#organization"},"potentialAction":[{"@type":"SearchAction","target":{"@type":"EntryPoint","urlTemplate":"https:\/\/masquerades.noma.org\/?s={search_term_string}"},"query-input":{"@type":"PropertyValueSpecification","valueRequired":true,"valueName":"search_term_string"}}],"inLanguage":"fr-FR"},{"@type":"Organization","@id":"https:\/\/masquerades.noma.org\/#organization","name":"New Orleans Museum of Art","url":"https:\/\/masquerades.noma.org\/","logo":{"@type":"ImageObject","inLanguage":"fr-FR","@id":"https:\/\/masquerades.noma.org\/#\/schema\/logo\/image\/","url":"https:\/\/masquerades.noma.org\/wp-content\/uploads\/2023\/11\/nmn-banner.jpg","contentUrl":"https:\/\/masquerades.noma.org\/wp-content\/uploads\/2023\/11\/nmn-banner.jpg","width":900,"height":295,"caption":"New Orleans Museum of Art"},"image":{"@id":"https:\/\/masquerades.noma.org\/#\/schema\/logo\/image\/"}}]}},"_links":{"self":[{"href":"https:\/\/masquerades.noma.org\/fr\/wp-json\/wp\/v2\/pages\/339","targetHints":{"allow":["GET"]}}],"collection":[{"href":"https:\/\/masquerades.noma.org\/fr\/wp-json\/wp\/v2\/pages"}],"about":[{"href":"https:\/\/masquerades.noma.org\/fr\/wp-json\/wp\/v2\/types\/page"}],"author":[{"embeddable":true,"href":"https:\/\/masquerades.noma.org\/fr\/wp-json\/wp\/v2\/users\/1"}],"replies":[{"embeddable":true,"href":"https:\/\/masquerades.noma.org\/fr\/wp-json\/wp\/v2\/comments?post=339"}],"version-history":[{"count":59,"href":"https:\/\/masquerades.noma.org\/fr\/wp-json\/wp\/v2\/pages\/339\/revisions"}],"predecessor-version":[{"id":1127,"href":"https:\/\/masquerades.noma.org\/fr\/wp-json\/wp\/v2\/pages\/339\/revisions\/1127"}],"up":[{"embeddable":true,"href":"https:\/\/masquerades.noma.org\/fr\/wp-json\/wp\/v2\/pages\/110"}],"wp:featuredmedia":[{"embeddable":true,"href":"https:\/\/masquerades.noma.org\/fr\/wp-json\/wp\/v2\/media\/389"}],"wp:attachment":[{"href":"https:\/\/masquerades.noma.org\/fr\/wp-json\/wp\/v2\/media?parent=339"}],"curies":[{"name":"wp","href":"https:\/\/api.w.org\/{rel}","templated":true}]}}