{"id":340,"date":"2024-10-22T14:52:52","date_gmt":"2024-10-22T19:52:52","guid":{"rendered":"https:\/\/masquerades.noma.org\/?page_id=340"},"modified":"2025-08-08T13:25:32","modified_gmt":"2025-08-08T18:25:32","slug":"sheku-goldenfinger-fofanah","status":"publish","type":"page","link":"https:\/\/masquerades.noma.org\/fr\/meet-the-artists\/sheku-goldenfinger-fofanah\/","title":{"rendered":"Sheku \u201cGoldenfinger\u201d Fofanah"},"content":{"rendered":"<div class=\"wp-block-cover alignfull is-light has-custom-content-position is-position-bottom-center inner-max-width-none\" style=\"padding-top:var(--wp--preset--spacing--50);padding-right:var(--wp--preset--spacing--50);padding-bottom:var(--wp--preset--spacing--50);padding-left:var(--wp--preset--spacing--50);min-height:70vh;aspect-ratio:unset;\"><img loading=\"lazy\" decoding=\"async\" width=\"581\" height=\"1032\" class=\"wp-block-cover__image-background wp-image-391\" alt=\"\" src=\"https:\/\/masquerades.noma.org\/wp-content\/uploads\/2024\/10\/Sheku-Goldenfinger-Fofanah.jpg\" style=\"object-position:90% 39%\" data-object-fit=\"cover\" data-object-position=\"90% 39%\" srcset=\"https:\/\/masquerades.noma.org\/wp-content\/uploads\/2024\/10\/Sheku-Goldenfinger-Fofanah.jpg 581w, https:\/\/masquerades.noma.org\/wp-content\/uploads\/2024\/10\/Sheku-Goldenfinger-Fofanah-169x300.jpg 169w, https:\/\/masquerades.noma.org\/wp-content\/uploads\/2024\/10\/Sheku-Goldenfinger-Fofanah-576x1024.jpg 576w, https:\/\/masquerades.noma.org\/wp-content\/uploads\/2024\/10\/Sheku-Goldenfinger-Fofanah-7x12.jpg 7w\" sizes=\"auto, (max-width: 581px) 100vw, 581px\" \/><span aria-hidden=\"true\" class=\"wp-block-cover__background has-background-dim-0 has-background-dim\" style=\"background-color:#878b97\"><\/span><div class=\"wp-block-cover__inner-container is-layout-flow wp-block-cover-is-layout-flow\">\n<div class=\"wp-block-columns alignfull are-vertically-aligned-bottom no-gap is-layout-flex wp-container-core-columns-is-layout-28f84493 wp-block-columns-is-layout-flex\">\n<div class=\"wp-block-column is-vertically-aligned-bottom margin-bottom-none is-layout-flow wp-container-core-column-is-layout-8a368f38 wp-block-column-is-layout-flow\">\n<div class=\"wp-block-group has-background is-layout-constrained wp-container-core-group-is-layout-f611be13 wp-block-group-is-layout-constrained\" style=\"background-color:#121212d4;padding-top:var(--wp--preset--spacing--50);padding-right:var(--wp--preset--spacing--50);padding-bottom:var(--wp--preset--spacing--50);padding-left:var(--wp--preset--spacing--50)\">\n<h2 class=\"wp-block-heading has-ast-global-color-4-color has-text-color has-link-color wp-elements-e54a5d7ce0a7374192c4396722b79846\">Sheku \u201cGoldenfinger\u201d Fofanah<\/h2>\n\n\n\n<h3 class=\"wp-block-heading has-ast-global-color-5-color has-text-color has-link-color wp-elements-01ad430b4efef85df8b3ef908e1ce61a\">Sierra Leone<\/h3>\n<\/div>\n<\/div>\n\n\n\n<div class=\"wp-block-column is-vertically-aligned-bottom is-layout-flow wp-block-column-is-layout-flow\"><\/div>\n<\/div>\n<\/div><\/div>\n\n\n\n<div style=\"height:16px\" aria-hidden=\"true\" class=\"wp-block-spacer\"><\/div>\n\n\n\n<p class=\"caption\">D\u00e9tail d'un diable r\u00e9alis\u00e9 en 2011 pour la f\u00eate de l'ind\u00e9pendance \u00e0 Port Loko par Sheku Fofanah, arborant les drapeaux et les armoiries de la Sierra Leone. Photo originale gracieusement fournie par Sheku Fofanah, publi\u00e9e avec son autorisation.<\/p>\n\n\n\n<div class=\"wp-block-columns is-layout-flex wp-container-core-columns-is-layout-e0e4babd wp-block-columns-is-layout-flex\" style=\"padding-right:0;padding-left:0\">\n<div class=\"wp-block-column is-layout-flow wp-block-column-is-layout-flow\">\n<figure class=\"wp-block-image aligncenter size-full is-resized\"><img loading=\"lazy\" decoding=\"async\" width=\"169\" height=\"165\" src=\"https:\/\/masquerades.noma.org\/wp-content\/uploads\/2025\/06\/BB1.png\" alt=\"\" class=\"wp-image-877\" style=\"width:56px\" srcset=\"https:\/\/masquerades.noma.org\/wp-content\/uploads\/2025\/06\/BB1.png 169w, https:\/\/masquerades.noma.org\/wp-content\/uploads\/2025\/06\/BB1-12x12.png 12w\" sizes=\"auto, (max-width: 169px) 100vw, 169px\" \/><\/figure>\n\n\n\n<p>Sheku \u00ab Goldenfinger \u00bb Fofanah (1976) est n\u00e9 \u00e0 Freetown, en Sierra Leone. Il est connu pour ses cr\u00e9ations complexes et innovantes, ainsi que pour sa capacit\u00e9 \u00e0 m\u00e9langer avec succ\u00e8s l'esth\u00e9tique \u00ab fantaisiste \u00bb et \u00ab f\u00e9roce \u00bb commune aux arts du masque en Sierra Leone. Bas\u00e9 dans la communaut\u00e9 de Fourah Bay, il est le kotu (constructeur\/artiste) r\u00e9sident de la Gladiators Power Ordehlay Society (cofond\u00e9e par son p\u00e8re) et contribue \u00e0 d'autres soci\u00e9t\u00e9s, telles que la Tourist Ojeh et l'Omo Jessah Hunting Society.<\/p>\n\n\n\n<figure class=\"wp-block-embed is-type-video is-provider-vimeo wp-block-embed-vimeo wp-embed-aspect-16-9 wp-has-aspect-ratio\"><div class=\"wp-block-embed__wrapper\">\n<div class=\"ast-oembed-container\" style=\"height: 100%;\"><iframe loading=\"lazy\" title=\"NAM Sheku Vignette d&#039;artiste\" src=\"https:\/\/player.vimeo.com\/video\/1100363916?dnt=1&amp;app_id=122963\" width=\"500\" height=\"281\" frameborder=\"0\" allow=\"autoplay; fullscreen; picture-in-picture; clipboard-write; encrypted-media; web-share\" referrerpolicy=\"strict-origin-when-cross-origin\"><\/iframe><\/div>\n<\/div><\/figure>\n\n\n\n<p>Le travail de Fofanah couvre divers genres de mascarades, notamment Jollay, Ordehlay et Hunting, et ses cr\u00e9ations sont tr\u00e8s pris\u00e9es en Sierra Leone, en Gambie et \u00e0 l'international, notamment en Australie, au Canada et au Royaume-Uni. Cela illustre bien comment les mascarades ne sont pas seulement des formes d'art performatif, mais aussi des symboles d'identit\u00e9 et de connectivit\u00e9 dans un monde en mutation rapide. Les cr\u00e9ations de Fofanah font partie de collections prestigieuses, notamment celle du Mus\u00e9e national de Sierra Leone. Son travail a \u00e9t\u00e9 expos\u00e9 lors de c\u00e9l\u00e9brations nationales, comme la commande du British Museum pour le jubil\u00e9 d'or de l'ind\u00e9pendance de la Sierra Leone.<\/p>\n<\/div>\n\n\n\n<div class=\"wp-block-column is-layout-flow wp-block-column-is-layout-flow\">\n<figure class=\"wp-block-image size-full is-resized max-width-half-page\"><img loading=\"lazy\" decoding=\"async\" width=\"457\" height=\"347\" src=\"https:\/\/masquerades.noma.org\/wp-content\/uploads\/2024\/12\/Masks-240923_Page_052_Image_0001.jpg\" alt=\"\" class=\"wp-image-569\" style=\"width:1000px\" srcset=\"https:\/\/masquerades.noma.org\/wp-content\/uploads\/2024\/12\/Masks-240923_Page_052_Image_0001.jpg 457w, https:\/\/masquerades.noma.org\/wp-content\/uploads\/2024\/12\/Masks-240923_Page_052_Image_0001-300x228.jpg 300w, https:\/\/masquerades.noma.org\/wp-content\/uploads\/2024\/12\/Masks-240923_Page_052_Image_0001-16x12.jpg 16w\" sizes=\"auto, (max-width: 457px) 100vw, 457px\" \/><figcaption class=\"wp-element-caption\">Photo prise avec un t\u00e9l\u00e9phone portable d'une photo physique du diable indien rouge de Sheku \u00ab Goldenfinger \u00bb Fofanah, prise \u00e0 Makeni, en Sierra Leone, le 14 janvier 2017. Il s'agit d'une \u0153uvre que Fofanah consid\u00e8re comme particuli\u00e8rement repr\u00e9sentative de ses capacit\u00e9s et dont il est particuli\u00e8rement fier. Photo originale gracieusement fournie par Sheku Fofanah, publi\u00e9e avec son autorisation.<\/figcaption><\/figure>\n\n\n\n<div class=\"wp-block-buttons is-layout-flex wp-block-buttons-is-layout-flex\">\n<div class=\"wp-block-button\"><a class=\"wp-block-button__link wp-element-button\" href=\"https:\/\/masquerades.noma.org\/fr\/masquerades-in-action\/sierra-leone\/\">Voir la galerie Sierra Leone<\/a><\/div>\n\n\n\n<div class=\"wp-block-button\"><a class=\"wp-block-button__link wp-element-button\" href=\"https:\/\/masquerades.noma.org\/fr\/exhibition-themes\/mobility\/\">Th\u00e8me Mobilit\u00e9<\/a><\/div>\n\n\n\n<div class=\"wp-block-button\"><a class=\"wp-block-button__link wp-element-button\" href=\"https:\/\/masquerades.noma.org\/fr\/meet-the-artists\/herve-youmbi\/\">Artiste suivant<\/a><\/div>\n<\/div>\n<\/div>\n<\/div>","protected":false},"excerpt":{"rendered":"<p>A detail of a 2011 Independence Day devil made for Port Loko by Sheku Fofanah, featuring Sierra Leone flags and [&hellip;]<\/p>","protected":false},"author":1,"featured_media":391,"parent":110,"menu_order":3,"comment_status":"closed","ping_status":"closed","template":"","meta":{"_acf_changed":false,"site-sidebar-layout":"default","site-content-layout":"","ast-site-content-layout":"","site-content-style":"default","site-sidebar-style":"default","ast-global-header-display":"","ast-banner-title-visibility":"","ast-main-header-display":"","ast-hfb-above-header-display":"","ast-hfb-below-header-display":"","ast-hfb-mobile-header-display":"","site-post-title":"","ast-breadcrumbs-content":"","ast-featured-img":"","footer-sml-layout":"","theme-transparent-header-meta":"","adv-header-id-meta":"","stick-header-meta":"","header-above-stick-meta":"","header-main-stick-meta":"","header-below-stick-meta":"","astra-migrate-meta-layouts":"default","ast-page-background-enabled":"default","ast-page-background-meta":{"desktop":{"background-color":"var(--ast-global-color-4)","background-image":"","background-repeat":"repeat","background-position":"center center","background-size":"auto","background-attachment":"scroll","background-type":"","background-media":"","overlay-type":"","overlay-color":"","overlay-opacity":"","overlay-gradient":""},"tablet":{"background-color":"","background-image":"","background-repeat":"repeat","background-position":"center center","background-size":"auto","background-attachment":"scroll","background-type":"","background-media":"","overlay-type":"","overlay-color":"","overlay-opacity":"","overlay-gradient":""},"mobile":{"background-color":"","background-image":"","background-repeat":"repeat","background-position":"center center","background-size":"auto","background-attachment":"scroll","background-type":"","background-media":"","overlay-type":"","overlay-color":"","overlay-opacity":"","overlay-gradient":""}},"ast-content-background-meta":{"desktop":{"background-color":"var(--ast-global-color-5)","background-image":"","background-repeat":"repeat","background-position":"center center","background-size":"auto","background-attachment":"scroll","background-type":"","background-media":"","overlay-type":"","overlay-color":"","overlay-opacity":"","overlay-gradient":""},"tablet":{"background-color":"var(--ast-global-color-5)","background-image":"","background-repeat":"repeat","background-position":"center center","background-size":"auto","background-attachment":"scroll","background-type":"","background-media":"","overlay-type":"","overlay-color":"","overlay-opacity":"","overlay-gradient":""},"mobile":{"background-color":"var(--ast-global-color-5)","background-image":"","background-repeat":"repeat","background-position":"center center","background-size":"auto","background-attachment":"scroll","background-type":"","background-media":"","overlay-type":"","overlay-color":"","overlay-opacity":"","overlay-gradient":""}},"footnotes":""},"class_list":["post-340","page","type-page","status-publish","has-post-thumbnail","hentry"],"acf":[],"yoast_head":"<!-- This site is optimized with the Yoast SEO plugin v25.3.1 - https:\/\/yoast.com\/wordpress\/plugins\/seo\/ -->\n<title>Sheku \u201cGoldenfinger\u201d Fofanah - New African Masquerades<\/title>\n<meta name=\"robots\" content=\"noindex, follow, max-snippet:-1, max-image-preview:large, max-video-preview:-1\" \/>\n<meta property=\"og:locale\" content=\"fr_FR\" \/>\n<meta property=\"og:type\" content=\"article\" \/>\n<meta property=\"og:title\" content=\"Sheku \u201cGoldenfinger\u201d Fofanah - New African Masquerades\" \/>\n<meta property=\"og:description\" content=\"A detail of a 2011 Independence Day devil made for Port Loko by Sheku Fofanah, featuring Sierra Leone flags and [&hellip;]\" \/>\n<meta property=\"og:url\" content=\"https:\/\/masquerades.noma.org\/fr\/meet-the-artists\/sheku-goldenfinger-fofanah\/\" \/>\n<meta property=\"og:site_name\" content=\"New African Masquerades\" \/>\n<meta property=\"article:modified_time\" content=\"2025-08-08T18:25:32+00:00\" \/>\n<meta property=\"og:image\" content=\"https:\/\/masquerades.noma.org\/wp-content\/uploads\/2024\/10\/Sheku-Goldenfinger-Fofanah.jpg\" \/>\n\t<meta property=\"og:image:width\" content=\"581\" \/>\n\t<meta property=\"og:image:height\" content=\"1032\" \/>\n\t<meta property=\"og:image:type\" content=\"image\/jpeg\" \/>\n<meta name=\"twitter:card\" content=\"summary_large_image\" \/>\n<meta name=\"twitter:label1\" content=\"Dur\u00e9e de lecture estim\u00e9e\" \/>\n\t<meta name=\"twitter:data1\" content=\"2 minutes\" \/>\n<script type=\"application\/ld+json\" class=\"yoast-schema-graph\">{\"@context\":\"https:\/\/schema.org\",\"@graph\":[{\"@type\":\"WebPage\",\"@id\":\"https:\/\/masquerades.noma.org\/meet-the-artists\/sheku-goldenfinger-fofanah\/\",\"url\":\"https:\/\/masquerades.noma.org\/meet-the-artists\/sheku-goldenfinger-fofanah\/\",\"name\":\"Sheku \u201cGoldenfinger\u201d Fofanah - New African Masquerades\",\"isPartOf\":{\"@id\":\"https:\/\/masquerades.noma.org\/#website\"},\"primaryImageOfPage\":{\"@id\":\"https:\/\/masquerades.noma.org\/meet-the-artists\/sheku-goldenfinger-fofanah\/#primaryimage\"},\"image\":{\"@id\":\"https:\/\/masquerades.noma.org\/meet-the-artists\/sheku-goldenfinger-fofanah\/#primaryimage\"},\"thumbnailUrl\":\"https:\/\/masquerades.noma.org\/wp-content\/uploads\/2024\/10\/Sheku-Goldenfinger-Fofanah.jpg\",\"datePublished\":\"2024-10-22T19:52:52+00:00\",\"dateModified\":\"2025-08-08T18:25:32+00:00\",\"breadcrumb\":{\"@id\":\"https:\/\/masquerades.noma.org\/meet-the-artists\/sheku-goldenfinger-fofanah\/#breadcrumb\"},\"inLanguage\":\"fr-FR\",\"potentialAction\":[{\"@type\":\"ReadAction\",\"target\":[\"https:\/\/masquerades.noma.org\/meet-the-artists\/sheku-goldenfinger-fofanah\/\"]}]},{\"@type\":\"ImageObject\",\"inLanguage\":\"fr-FR\",\"@id\":\"https:\/\/masquerades.noma.org\/meet-the-artists\/sheku-goldenfinger-fofanah\/#primaryimage\",\"url\":\"https:\/\/masquerades.noma.org\/wp-content\/uploads\/2024\/10\/Sheku-Goldenfinger-Fofanah.jpg\",\"contentUrl\":\"https:\/\/masquerades.noma.org\/wp-content\/uploads\/2024\/10\/Sheku-Goldenfinger-Fofanah.jpg\",\"width\":581,\"height\":1032},{\"@type\":\"BreadcrumbList\",\"@id\":\"https:\/\/masquerades.noma.org\/meet-the-artists\/sheku-goldenfinger-fofanah\/#breadcrumb\",\"itemListElement\":[{\"@type\":\"ListItem\",\"position\":1,\"name\":\"Home\",\"item\":\"https:\/\/masquerades.noma.org\/\"},{\"@type\":\"ListItem\",\"position\":2,\"name\":\"Meet The Artists\",\"item\":\"https:\/\/masquerades.noma.org\/meet-the-artists\/\"},{\"@type\":\"ListItem\",\"position\":3,\"name\":\"Sheku \u201cGoldenfinger\u201d Fofanah\"}]},{\"@type\":\"WebSite\",\"@id\":\"https:\/\/masquerades.noma.org\/#website\",\"url\":\"https:\/\/masquerades.noma.org\/\",\"name\":\"New Masks Now\",\"description\":\"Artistic Innovations and Collaborations\",\"publisher\":{\"@id\":\"https:\/\/masquerades.noma.org\/#organization\"},\"potentialAction\":[{\"@type\":\"SearchAction\",\"target\":{\"@type\":\"EntryPoint\",\"urlTemplate\":\"https:\/\/masquerades.noma.org\/?s={search_term_string}\"},\"query-input\":{\"@type\":\"PropertyValueSpecification\",\"valueRequired\":true,\"valueName\":\"search_term_string\"}}],\"inLanguage\":\"fr-FR\"},{\"@type\":\"Organization\",\"@id\":\"https:\/\/masquerades.noma.org\/#organization\",\"name\":\"New Orleans Museum of Art\",\"url\":\"https:\/\/masquerades.noma.org\/\",\"logo\":{\"@type\":\"ImageObject\",\"inLanguage\":\"fr-FR\",\"@id\":\"https:\/\/masquerades.noma.org\/#\/schema\/logo\/image\/\",\"url\":\"https:\/\/masquerades.noma.org\/wp-content\/uploads\/2023\/11\/nmn-banner.jpg\",\"contentUrl\":\"https:\/\/masquerades.noma.org\/wp-content\/uploads\/2023\/11\/nmn-banner.jpg\",\"width\":900,\"height\":295,\"caption\":\"New Orleans Museum of Art\"},\"image\":{\"@id\":\"https:\/\/masquerades.noma.org\/#\/schema\/logo\/image\/\"}}]}<\/script>\n<!-- \/ Yoast SEO plugin. -->","yoast_head_json":{"title":"Sheku \u201cGoldenfinger\u201d Fofanah - New African Masquerades","robots":{"index":"noindex","follow":"follow","max-snippet":"max-snippet:-1","max-image-preview":"max-image-preview:large","max-video-preview":"max-video-preview:-1"},"og_locale":"fr_FR","og_type":"article","og_title":"Sheku \u201cGoldenfinger\u201d Fofanah - New African Masquerades","og_description":"A detail of a 2011 Independence Day devil made for Port Loko by Sheku Fofanah, featuring Sierra Leone flags and [&hellip;]","og_url":"https:\/\/masquerades.noma.org\/fr\/meet-the-artists\/sheku-goldenfinger-fofanah\/","og_site_name":"New African Masquerades","article_modified_time":"2025-08-08T18:25:32+00:00","og_image":[{"width":581,"height":1032,"url":"https:\/\/masquerades.noma.org\/wp-content\/uploads\/2024\/10\/Sheku-Goldenfinger-Fofanah.jpg","type":"image\/jpeg"}],"twitter_card":"summary_large_image","twitter_misc":{"Dur\u00e9e de lecture estim\u00e9e":"2 minutes"},"schema":{"@context":"https:\/\/schema.org","@graph":[{"@type":"WebPage","@id":"https:\/\/masquerades.noma.org\/meet-the-artists\/sheku-goldenfinger-fofanah\/","url":"https:\/\/masquerades.noma.org\/meet-the-artists\/sheku-goldenfinger-fofanah\/","name":"Sheku \u201cGoldenfinger\u201d Fofanah - New African Masquerades","isPartOf":{"@id":"https:\/\/masquerades.noma.org\/#website"},"primaryImageOfPage":{"@id":"https:\/\/masquerades.noma.org\/meet-the-artists\/sheku-goldenfinger-fofanah\/#primaryimage"},"image":{"@id":"https:\/\/masquerades.noma.org\/meet-the-artists\/sheku-goldenfinger-fofanah\/#primaryimage"},"thumbnailUrl":"https:\/\/masquerades.noma.org\/wp-content\/uploads\/2024\/10\/Sheku-Goldenfinger-Fofanah.jpg","datePublished":"2024-10-22T19:52:52+00:00","dateModified":"2025-08-08T18:25:32+00:00","breadcrumb":{"@id":"https:\/\/masquerades.noma.org\/meet-the-artists\/sheku-goldenfinger-fofanah\/#breadcrumb"},"inLanguage":"fr-FR","potentialAction":[{"@type":"ReadAction","target":["https:\/\/masquerades.noma.org\/meet-the-artists\/sheku-goldenfinger-fofanah\/"]}]},{"@type":"ImageObject","inLanguage":"fr-FR","@id":"https:\/\/masquerades.noma.org\/meet-the-artists\/sheku-goldenfinger-fofanah\/#primaryimage","url":"https:\/\/masquerades.noma.org\/wp-content\/uploads\/2024\/10\/Sheku-Goldenfinger-Fofanah.jpg","contentUrl":"https:\/\/masquerades.noma.org\/wp-content\/uploads\/2024\/10\/Sheku-Goldenfinger-Fofanah.jpg","width":581,"height":1032},{"@type":"BreadcrumbList","@id":"https:\/\/masquerades.noma.org\/meet-the-artists\/sheku-goldenfinger-fofanah\/#breadcrumb","itemListElement":[{"@type":"ListItem","position":1,"name":"Home","item":"https:\/\/masquerades.noma.org\/"},{"@type":"ListItem","position":2,"name":"Meet The Artists","item":"https:\/\/masquerades.noma.org\/meet-the-artists\/"},{"@type":"ListItem","position":3,"name":"Sheku \u201cGoldenfinger\u201d Fofanah"}]},{"@type":"WebSite","@id":"https:\/\/masquerades.noma.org\/#website","url":"https:\/\/masquerades.noma.org\/","name":"New Masks Now","description":"Artistic Innovations and Collaborations","publisher":{"@id":"https:\/\/masquerades.noma.org\/#organization"},"potentialAction":[{"@type":"SearchAction","target":{"@type":"EntryPoint","urlTemplate":"https:\/\/masquerades.noma.org\/?s={search_term_string}"},"query-input":{"@type":"PropertyValueSpecification","valueRequired":true,"valueName":"search_term_string"}}],"inLanguage":"fr-FR"},{"@type":"Organization","@id":"https:\/\/masquerades.noma.org\/#organization","name":"New Orleans Museum of Art","url":"https:\/\/masquerades.noma.org\/","logo":{"@type":"ImageObject","inLanguage":"fr-FR","@id":"https:\/\/masquerades.noma.org\/#\/schema\/logo\/image\/","url":"https:\/\/masquerades.noma.org\/wp-content\/uploads\/2023\/11\/nmn-banner.jpg","contentUrl":"https:\/\/masquerades.noma.org\/wp-content\/uploads\/2023\/11\/nmn-banner.jpg","width":900,"height":295,"caption":"New Orleans Museum of Art"},"image":{"@id":"https:\/\/masquerades.noma.org\/#\/schema\/logo\/image\/"}}]}},"_links":{"self":[{"href":"https:\/\/masquerades.noma.org\/fr\/wp-json\/wp\/v2\/pages\/340","targetHints":{"allow":["GET"]}}],"collection":[{"href":"https:\/\/masquerades.noma.org\/fr\/wp-json\/wp\/v2\/pages"}],"about":[{"href":"https:\/\/masquerades.noma.org\/fr\/wp-json\/wp\/v2\/types\/page"}],"author":[{"embeddable":true,"href":"https:\/\/masquerades.noma.org\/fr\/wp-json\/wp\/v2\/users\/1"}],"replies":[{"embeddable":true,"href":"https:\/\/masquerades.noma.org\/fr\/wp-json\/wp\/v2\/comments?post=340"}],"version-history":[{"count":27,"href":"https:\/\/masquerades.noma.org\/fr\/wp-json\/wp\/v2\/pages\/340\/revisions"}],"predecessor-version":[{"id":1129,"href":"https:\/\/masquerades.noma.org\/fr\/wp-json\/wp\/v2\/pages\/340\/revisions\/1129"}],"up":[{"embeddable":true,"href":"https:\/\/masquerades.noma.org\/fr\/wp-json\/wp\/v2\/pages\/110"}],"wp:featuredmedia":[{"embeddable":true,"href":"https:\/\/masquerades.noma.org\/fr\/wp-json\/wp\/v2\/media\/391"}],"wp:attachment":[{"href":"https:\/\/masquerades.noma.org\/fr\/wp-json\/wp\/v2\/media?parent=340"}],"curies":[{"name":"wp","href":"https:\/\/api.w.org\/{rel}","templated":true}]}}