{"id":360,"date":"2024-10-22T15:07:51","date_gmt":"2024-10-22T20:07:51","guid":{"rendered":"https:\/\/masquerades.noma.org\/?page_id=360"},"modified":"2025-07-25T10:10:19","modified_gmt":"2025-07-25T15:10:19","slug":"cameroon","status":"publish","type":"page","link":"https:\/\/masquerades.noma.org\/fr\/masquerades-in-action\/cameroon\/","title":{"rendered":"Cameroun"},"content":{"rendered":"<div style=\"height:50vh\" aria-hidden=\"true\" class=\"wp-block-spacer\"><\/div>\n\n\n\n<div class=\"wp-block-columns alignfull is-layout-flex wp-container-core-columns-is-layout-28f84493 wp-block-columns-is-layout-flex\">\n<div class=\"wp-block-column is-layout-flow wp-block-column-is-layout-flow\"><\/div>\n\n\n\n<div class=\"wp-block-column is-layout-flow wp-block-column-is-layout-flow\">\n<div class=\"wp-block-group has-background is-layout-constrained wp-container-core-group-is-layout-f611be13 wp-block-group-is-layout-constrained\" style=\"background-color:#121212e0;padding-top:var(--wp--preset--spacing--50);padding-right:var(--wp--preset--spacing--50);padding-bottom:var(--wp--preset--spacing--50);padding-left:var(--wp--preset--spacing--50)\">\n<figure class=\"wp-block-image aligncenter size-full is-resized\"><img loading=\"lazy\" decoding=\"async\" width=\"166\" height=\"167\" src=\"https:\/\/masquerades.noma.org\/wp-content\/uploads\/2025\/06\/BB4.png\" alt=\"\" class=\"wp-image-884\" style=\"width:56px\" srcset=\"https:\/\/masquerades.noma.org\/wp-content\/uploads\/2025\/06\/BB4.png 166w, https:\/\/masquerades.noma.org\/wp-content\/uploads\/2025\/06\/BB4-150x150.png 150w, https:\/\/masquerades.noma.org\/wp-content\/uploads\/2025\/06\/BB4-12x12.png 12w\" sizes=\"auto, (max-width: 166px) 100vw, 166px\" \/><\/figure>\n\n\n\n<h2 class=\"wp-block-heading\"><em><em>Masque Tso Scream, s\u00e9rie Visages de masques (IX)<\/em><\/em><\/h2>\n\n\n\n<p>2015\u20132023<br><strong>Herv\u00e9 Youmbi<\/strong><br>Bois, pigment, fibre, perles, textile, colle, velours et tissu en coton, broderie en soie, crin de cheval. <br><br>Collection du Mus\u00e9e d'art de la Nouvelle-Orl\u00e9ans, acquisition du mus\u00e9e, Fonds Robert P. Gordy, 2023.38.1-.7.<\/p>\n\n\n\n<figure class=\"wp-block-image size-large\"><img loading=\"lazy\" decoding=\"async\" width=\"614\" height=\"1024\" src=\"https:\/\/masquerades.noma.org\/wp-content\/uploads\/2025\/04\/Youmbi-Tso-scream-mask-on-graded-background-614x1024.jpg\" alt=\"\" class=\"wp-image-709\" srcset=\"https:\/\/masquerades.noma.org\/wp-content\/uploads\/2025\/04\/Youmbi-Tso-scream-mask-on-graded-background-614x1024.jpg 614w, https:\/\/masquerades.noma.org\/wp-content\/uploads\/2025\/04\/Youmbi-Tso-scream-mask-on-graded-background-180x300.jpg 180w, https:\/\/masquerades.noma.org\/wp-content\/uploads\/2025\/04\/Youmbi-Tso-scream-mask-on-graded-background-768x1280.jpg 768w, https:\/\/masquerades.noma.org\/wp-content\/uploads\/2025\/04\/Youmbi-Tso-scream-mask-on-graded-background-922x1536.jpg 922w, https:\/\/masquerades.noma.org\/wp-content\/uploads\/2025\/04\/Youmbi-Tso-scream-mask-on-graded-background-7x12.jpg 7w, https:\/\/masquerades.noma.org\/wp-content\/uploads\/2025\/04\/Youmbi-Tso-scream-mask-on-graded-background.jpg 1152w\" sizes=\"auto, (max-width: 614px) 100vw, 614px\" \/><\/figure>\n<\/div>\n<\/div>\n<\/div>\n\n\n\n<div style=\"height:55vh\" aria-hidden=\"true\" class=\"wp-block-spacer\"><\/div>\n\n\n\n<div class=\"wp-block-columns alignfull is-layout-flex wp-container-core-columns-is-layout-28f84493 wp-block-columns-is-layout-flex\">\n<div class=\"wp-block-column is-layout-flow wp-block-column-is-layout-flow\"><\/div>\n\n\n\n<div class=\"wp-block-column is-layout-flow wp-block-column-is-layout-flow\">\n<div class=\"wp-block-group has-background is-layout-constrained wp-container-core-group-is-layout-f611be13 wp-block-group-is-layout-constrained\" style=\"background-color:#121212e0;padding-top:var(--wp--preset--spacing--50);padding-right:var(--wp--preset--spacing--50);padding-bottom:var(--wp--preset--spacing--50);padding-left:var(--wp--preset--spacing--50)\">\n<h2 class=\"wp-block-heading\" id=\"Tso-Scream-Masks\"><em>Masque Tso Scream<\/em> et <em>Masque de l\u00e9opard Tso Scream<\/em> lors de la c\u00e9r\u00e9monie de succession de la soci\u00e9t\u00e9 Nka\u2019a Kossi\u00e9 \u00e0 la chefferie de Fondati<\/h2>\n\n\n\n<p>3 d\u00e9cembre 2022<br><strong><strong>Herv\u00e9 Youmbi<\/strong><\/strong><br>Photo par Herv\u00e9 Youmbi. Avec l'aimable autorisation de l'artiste et de la galerie Axis, New York, New York, et West Orange, New Jersey.<\/p>\n\n\n\n<figure class=\"wp-block-image size-large\"><img loading=\"lazy\" decoding=\"async\" width=\"1024\" height=\"835\" src=\"https:\/\/masquerades.noma.org\/wp-content\/uploads\/2025\/04\/Youmbi_02_web-1024x835.jpg\" alt=\"\" class=\"wp-image-715\" srcset=\"https:\/\/masquerades.noma.org\/wp-content\/uploads\/2025\/04\/Youmbi_02_web-1024x835.jpg 1024w, https:\/\/masquerades.noma.org\/wp-content\/uploads\/2025\/04\/Youmbi_02_web-300x245.jpg 300w, https:\/\/masquerades.noma.org\/wp-content\/uploads\/2025\/04\/Youmbi_02_web-768x626.jpg 768w, https:\/\/masquerades.noma.org\/wp-content\/uploads\/2025\/04\/Youmbi_02_web-1536x1253.jpg 1536w, https:\/\/masquerades.noma.org\/wp-content\/uploads\/2025\/04\/Youmbi_02_web-15x12.jpg 15w, https:\/\/masquerades.noma.org\/wp-content\/uploads\/2025\/04\/Youmbi_02_web.jpg 1920w\" sizes=\"auto, (max-width: 1024px) 100vw, 1024px\" \/><\/figure>\n<\/div>\n<\/div>\n<\/div>\n\n\n\n<div style=\"height:55vh\" aria-hidden=\"true\" class=\"wp-block-spacer\"><\/div>\n\n\n\n<div class=\"wp-block-columns alignfull is-layout-flex wp-container-core-columns-is-layout-28f84493 wp-block-columns-is-layout-flex\">\n<div class=\"wp-block-column is-layout-flow wp-block-column-is-layout-flow\"><\/div>\n\n\n\n<div class=\"wp-block-column is-layout-flow wp-block-column-is-layout-flow\">\n<div class=\"wp-block-group has-background is-layout-constrained wp-container-core-group-is-layout-f611be13 wp-block-group-is-layout-constrained\" style=\"background-color:#121212e0;padding-top:var(--wp--preset--spacing--50);padding-right:var(--wp--preset--spacing--50);padding-bottom:var(--wp--preset--spacing--50);padding-left:var(--wp--preset--spacing--50)\">\n<h2 class=\"wp-block-heading\" id=\"Single-Faced-Rhino-Mask\">Masque de rhinoc\u00e9ros \u00e0 face unique<\/h2>\n\n\n\n<p>2016-2023<br><strong><strong>Herv\u00e9 Youmbi<\/strong><\/strong><br>Visages de masques<\/p>\n\n\n\n<figure class=\"wp-block-image size-large is-resized\"><img loading=\"lazy\" decoding=\"async\" width=\"789\" height=\"1024\" src=\"https:\/\/masquerades.noma.org\/wp-content\/uploads\/2023\/11\/Youmbi_Single-Faced-_-Rhino-Mask-789x1024.jpg\" alt=\"\" class=\"wp-image-167\" style=\"width:510px;height:auto\" srcset=\"https:\/\/masquerades.noma.org\/wp-content\/uploads\/2023\/11\/Youmbi_Single-Faced-_-Rhino-Mask-789x1024.jpg 789w, https:\/\/masquerades.noma.org\/wp-content\/uploads\/2023\/11\/Youmbi_Single-Faced-_-Rhino-Mask-231x300.jpg 231w, https:\/\/masquerades.noma.org\/wp-content\/uploads\/2023\/11\/Youmbi_Single-Faced-_-Rhino-Mask-768x997.jpg 768w, https:\/\/masquerades.noma.org\/wp-content\/uploads\/2023\/11\/Youmbi_Single-Faced-_-Rhino-Mask-1183x1536.jpg 1183w, https:\/\/masquerades.noma.org\/wp-content\/uploads\/2023\/11\/Youmbi_Single-Faced-_-Rhino-Mask-9x12.jpg 9w, https:\/\/masquerades.noma.org\/wp-content\/uploads\/2023\/11\/Youmbi_Single-Faced-_-Rhino-Mask.jpg 1479w\" sizes=\"auto, (max-width: 789px) 100vw, 789px\" \/><\/figure>\n\n\n\n<div style=\"height:100px\" aria-hidden=\"true\" class=\"wp-block-spacer\"><\/div>\n\n\n\n<div class=\"wp-block-buttons is-content-justification-right is-layout-flex wp-container-core-buttons-is-layout-d445cf74 wp-block-buttons-is-layout-flex\">\n<div class=\"wp-block-button\"><a class=\"wp-block-button__link wp-element-button\" href=\"https:\/\/masquerades.noma.org\/fr\/meet-the-artists\/herve-youmbi\/\">Rencontrez Herv\u00e9 Youmbi<\/a><\/div>\n\n\n\n<div class=\"wp-block-button\"><a class=\"wp-block-button__link wp-element-button\" href=\"https:\/\/masquerades.noma.org\/fr\/masquerades-in-action\/nigeria\/\">Galerie suivante<\/a><\/div>\n<\/div>\n<\/div>\n<\/div>\n<\/div>\n\n\n\n<div style=\"height:70vh\" aria-hidden=\"true\" class=\"wp-block-spacer\"><\/div>\n\n\n\n<p><\/p>","protected":false},"excerpt":{"rendered":"<p>Tso Scream Mask, Visages de masques (IX) series 2015\u20132023Herv\u00e9 YoumbiWood, pigment, fiber, beads, textile, glue, velvet and cotton fabric, silk [&hellip;]<\/p>","protected":false},"author":1,"featured_media":709,"parent":341,"menu_order":0,"comment_status":"closed","ping_status":"closed","template":"","meta":{"_acf_changed":false,"site-sidebar-layout":"default","site-content-layout":"","ast-site-content-layout":"","site-content-style":"default","site-sidebar-style":"default","ast-global-header-display":"","ast-banner-title-visibility":"","ast-main-header-display":"","ast-hfb-above-header-display":"","ast-hfb-below-header-display":"","ast-hfb-mobile-header-display":"","site-post-title":"","ast-breadcrumbs-content":"","ast-featured-img":"","footer-sml-layout":"","theme-transparent-header-meta":"","adv-header-id-meta":"","stick-header-meta":"","header-above-stick-meta":"","header-main-stick-meta":"","header-below-stick-meta":"","astra-migrate-meta-layouts":"default","ast-page-background-enabled":"default","ast-page-background-meta":{"desktop":{"background-color":"var(--ast-global-color-4)","background-image":"","background-repeat":"repeat","background-position":"center center","background-size":"auto","background-attachment":"scroll","background-type":"","background-media":"","overlay-type":"","overlay-color":"","overlay-opacity":"","overlay-gradient":""},"tablet":{"background-color":"","background-image":"","background-repeat":"repeat","background-position":"center center","background-size":"auto","background-attachment":"scroll","background-type":"","background-media":"","overlay-type":"","overlay-color":"","overlay-opacity":"","overlay-gradient":""},"mobile":{"background-color":"","background-image":"","background-repeat":"repeat","background-position":"center center","background-size":"auto","background-attachment":"scroll","background-type":"","background-media":"","overlay-type":"","overlay-color":"","overlay-opacity":"","overlay-gradient":""}},"ast-content-background-meta":{"desktop":{"background-color":"var(--ast-global-color-5)","background-image":"","background-repeat":"repeat","background-position":"center center","background-size":"auto","background-attachment":"scroll","background-type":"","background-media":"","overlay-type":"","overlay-color":"","overlay-opacity":"","overlay-gradient":""},"tablet":{"background-color":"var(--ast-global-color-5)","background-image":"","background-repeat":"repeat","background-position":"center center","background-size":"auto","background-attachment":"scroll","background-type":"","background-media":"","overlay-type":"","overlay-color":"","overlay-opacity":"","overlay-gradient":""},"mobile":{"background-color":"var(--ast-global-color-5)","background-image":"","background-repeat":"repeat","background-position":"center center","background-size":"auto","background-attachment":"scroll","background-type":"","background-media":"","overlay-type":"","overlay-color":"","overlay-opacity":"","overlay-gradient":""}},"footnotes":""},"class_list":["post-360","page","type-page","status-publish","has-post-thumbnail","hentry"],"acf":[],"yoast_head":"<!-- This site is optimized with the Yoast SEO plugin v25.3.1 - https:\/\/yoast.com\/wordpress\/plugins\/seo\/ -->\n<title>Cameroon - New African Masquerades<\/title>\n<meta name=\"robots\" content=\"noindex, follow, max-snippet:-1, max-image-preview:large, max-video-preview:-1\" \/>\n<meta property=\"og:locale\" content=\"fr_FR\" \/>\n<meta property=\"og:type\" content=\"article\" \/>\n<meta property=\"og:title\" content=\"Cameroon - New African Masquerades\" \/>\n<meta property=\"og:description\" content=\"Tso Scream Mask, Visages de masques (IX) series 2015\u20132023Herv\u00e9 YoumbiWood, pigment, fiber, beads, textile, glue, velvet and cotton fabric, silk [&hellip;]\" \/>\n<meta property=\"og:url\" content=\"https:\/\/masquerades.noma.org\/fr\/masquerades-in-action\/cameroon\/\" \/>\n<meta property=\"og:site_name\" content=\"New African Masquerades\" \/>\n<meta property=\"article:modified_time\" content=\"2025-07-25T15:10:19+00:00\" \/>\n<meta property=\"og:image\" content=\"https:\/\/masquerades.noma.org\/wp-content\/uploads\/2025\/04\/Youmbi-Tso-scream-mask-on-graded-background.jpg\" \/>\n\t<meta property=\"og:image:width\" content=\"1152\" \/>\n\t<meta property=\"og:image:height\" content=\"1920\" \/>\n\t<meta property=\"og:image:type\" content=\"image\/jpeg\" \/>\n<meta name=\"twitter:card\" content=\"summary_large_image\" \/>\n<meta name=\"twitter:label1\" content=\"Dur\u00e9e de lecture estim\u00e9e\" \/>\n\t<meta name=\"twitter:data1\" content=\"2 minutes\" \/>\n<script type=\"application\/ld+json\" class=\"yoast-schema-graph\">{\"@context\":\"https:\/\/schema.org\",\"@graph\":[{\"@type\":\"WebPage\",\"@id\":\"https:\/\/masquerades.noma.org\/masquerades-in-action\/cameroon\/\",\"url\":\"https:\/\/masquerades.noma.org\/masquerades-in-action\/cameroon\/\",\"name\":\"Cameroon - New African Masquerades\",\"isPartOf\":{\"@id\":\"https:\/\/masquerades.noma.org\/#website\"},\"primaryImageOfPage\":{\"@id\":\"https:\/\/masquerades.noma.org\/masquerades-in-action\/cameroon\/#primaryimage\"},\"image\":{\"@id\":\"https:\/\/masquerades.noma.org\/masquerades-in-action\/cameroon\/#primaryimage\"},\"thumbnailUrl\":\"https:\/\/masquerades.noma.org\/wp-content\/uploads\/2025\/04\/Youmbi-Tso-scream-mask-on-graded-background.jpg\",\"datePublished\":\"2024-10-22T20:07:51+00:00\",\"dateModified\":\"2025-07-25T15:10:19+00:00\",\"breadcrumb\":{\"@id\":\"https:\/\/masquerades.noma.org\/masquerades-in-action\/cameroon\/#breadcrumb\"},\"inLanguage\":\"fr-FR\",\"potentialAction\":[{\"@type\":\"ReadAction\",\"target\":[\"https:\/\/masquerades.noma.org\/masquerades-in-action\/cameroon\/\"]}]},{\"@type\":\"ImageObject\",\"inLanguage\":\"fr-FR\",\"@id\":\"https:\/\/masquerades.noma.org\/masquerades-in-action\/cameroon\/#primaryimage\",\"url\":\"https:\/\/masquerades.noma.org\/wp-content\/uploads\/2025\/04\/Youmbi-Tso-scream-mask-on-graded-background.jpg\",\"contentUrl\":\"https:\/\/masquerades.noma.org\/wp-content\/uploads\/2025\/04\/Youmbi-Tso-scream-mask-on-graded-background.jpg\",\"width\":1152,\"height\":1920,\"caption\":\"Herv\u00e9 Youmbi, Cameroonian (active in Douala), Tso Scream Mask, Visages de masques (IX) series, 2015\u20132023. Wood, pigment, fiber, beads, textile, glue, velvet and cotton fabric, silk embroidery, horse-hair. Collection of the New Orleans Museum of Art, museum purchase, Robert P. Gordy Fund, 2023.38.1-.7.\"},{\"@type\":\"BreadcrumbList\",\"@id\":\"https:\/\/masquerades.noma.org\/masquerades-in-action\/cameroon\/#breadcrumb\",\"itemListElement\":[{\"@type\":\"ListItem\",\"position\":1,\"name\":\"Home\",\"item\":\"https:\/\/masquerades.noma.org\/\"},{\"@type\":\"ListItem\",\"position\":2,\"name\":\"Masquerades Ensembles\",\"item\":\"https:\/\/masquerades.noma.org\/masquerades-in-action\/\"},{\"@type\":\"ListItem\",\"position\":3,\"name\":\"Cameroon\"}]},{\"@type\":\"WebSite\",\"@id\":\"https:\/\/masquerades.noma.org\/#website\",\"url\":\"https:\/\/masquerades.noma.org\/\",\"name\":\"New Masks Now\",\"description\":\"Artistic Innovations and Collaborations\",\"publisher\":{\"@id\":\"https:\/\/masquerades.noma.org\/#organization\"},\"potentialAction\":[{\"@type\":\"SearchAction\",\"target\":{\"@type\":\"EntryPoint\",\"urlTemplate\":\"https:\/\/masquerades.noma.org\/?s={search_term_string}\"},\"query-input\":{\"@type\":\"PropertyValueSpecification\",\"valueRequired\":true,\"valueName\":\"search_term_string\"}}],\"inLanguage\":\"fr-FR\"},{\"@type\":\"Organization\",\"@id\":\"https:\/\/masquerades.noma.org\/#organization\",\"name\":\"New Orleans Museum of Art\",\"url\":\"https:\/\/masquerades.noma.org\/\",\"logo\":{\"@type\":\"ImageObject\",\"inLanguage\":\"fr-FR\",\"@id\":\"https:\/\/masquerades.noma.org\/#\/schema\/logo\/image\/\",\"url\":\"https:\/\/masquerades.noma.org\/wp-content\/uploads\/2023\/11\/nmn-banner.jpg\",\"contentUrl\":\"https:\/\/masquerades.noma.org\/wp-content\/uploads\/2023\/11\/nmn-banner.jpg\",\"width\":900,\"height\":295,\"caption\":\"New Orleans Museum of Art\"},\"image\":{\"@id\":\"https:\/\/masquerades.noma.org\/#\/schema\/logo\/image\/\"}}]}<\/script>\n<!-- \/ Yoast SEO plugin. -->","yoast_head_json":{"title":"Cameroon - New African Masquerades","robots":{"index":"noindex","follow":"follow","max-snippet":"max-snippet:-1","max-image-preview":"max-image-preview:large","max-video-preview":"max-video-preview:-1"},"og_locale":"fr_FR","og_type":"article","og_title":"Cameroon - New African Masquerades","og_description":"Tso Scream Mask, Visages de masques (IX) series 2015\u20132023Herv\u00e9 YoumbiWood, pigment, fiber, beads, textile, glue, velvet and cotton fabric, silk [&hellip;]","og_url":"https:\/\/masquerades.noma.org\/fr\/masquerades-in-action\/cameroon\/","og_site_name":"New African Masquerades","article_modified_time":"2025-07-25T15:10:19+00:00","og_image":[{"width":1152,"height":1920,"url":"https:\/\/masquerades.noma.org\/wp-content\/uploads\/2025\/04\/Youmbi-Tso-scream-mask-on-graded-background.jpg","type":"image\/jpeg"}],"twitter_card":"summary_large_image","twitter_misc":{"Dur\u00e9e de lecture estim\u00e9e":"2 minutes"},"schema":{"@context":"https:\/\/schema.org","@graph":[{"@type":"WebPage","@id":"https:\/\/masquerades.noma.org\/masquerades-in-action\/cameroon\/","url":"https:\/\/masquerades.noma.org\/masquerades-in-action\/cameroon\/","name":"Cameroon - New African Masquerades","isPartOf":{"@id":"https:\/\/masquerades.noma.org\/#website"},"primaryImageOfPage":{"@id":"https:\/\/masquerades.noma.org\/masquerades-in-action\/cameroon\/#primaryimage"},"image":{"@id":"https:\/\/masquerades.noma.org\/masquerades-in-action\/cameroon\/#primaryimage"},"thumbnailUrl":"https:\/\/masquerades.noma.org\/wp-content\/uploads\/2025\/04\/Youmbi-Tso-scream-mask-on-graded-background.jpg","datePublished":"2024-10-22T20:07:51+00:00","dateModified":"2025-07-25T15:10:19+00:00","breadcrumb":{"@id":"https:\/\/masquerades.noma.org\/masquerades-in-action\/cameroon\/#breadcrumb"},"inLanguage":"fr-FR","potentialAction":[{"@type":"ReadAction","target":["https:\/\/masquerades.noma.org\/masquerades-in-action\/cameroon\/"]}]},{"@type":"ImageObject","inLanguage":"fr-FR","@id":"https:\/\/masquerades.noma.org\/masquerades-in-action\/cameroon\/#primaryimage","url":"https:\/\/masquerades.noma.org\/wp-content\/uploads\/2025\/04\/Youmbi-Tso-scream-mask-on-graded-background.jpg","contentUrl":"https:\/\/masquerades.noma.org\/wp-content\/uploads\/2025\/04\/Youmbi-Tso-scream-mask-on-graded-background.jpg","width":1152,"height":1920,"caption":"Herv\u00e9 Youmbi, Cameroonian (active in Douala), Tso Scream Mask, Visages de masques (IX) series, 2015\u20132023. Wood, pigment, fiber, beads, textile, glue, velvet and cotton fabric, silk embroidery, horse-hair. Collection of the New Orleans Museum of Art, museum purchase, Robert P. Gordy Fund, 2023.38.1-.7."},{"@type":"BreadcrumbList","@id":"https:\/\/masquerades.noma.org\/masquerades-in-action\/cameroon\/#breadcrumb","itemListElement":[{"@type":"ListItem","position":1,"name":"Home","item":"https:\/\/masquerades.noma.org\/"},{"@type":"ListItem","position":2,"name":"Masquerades Ensembles","item":"https:\/\/masquerades.noma.org\/masquerades-in-action\/"},{"@type":"ListItem","position":3,"name":"Cameroon"}]},{"@type":"WebSite","@id":"https:\/\/masquerades.noma.org\/#website","url":"https:\/\/masquerades.noma.org\/","name":"New Masks Now","description":"Artistic Innovations and Collaborations","publisher":{"@id":"https:\/\/masquerades.noma.org\/#organization"},"potentialAction":[{"@type":"SearchAction","target":{"@type":"EntryPoint","urlTemplate":"https:\/\/masquerades.noma.org\/?s={search_term_string}"},"query-input":{"@type":"PropertyValueSpecification","valueRequired":true,"valueName":"search_term_string"}}],"inLanguage":"fr-FR"},{"@type":"Organization","@id":"https:\/\/masquerades.noma.org\/#organization","name":"New Orleans Museum of Art","url":"https:\/\/masquerades.noma.org\/","logo":{"@type":"ImageObject","inLanguage":"fr-FR","@id":"https:\/\/masquerades.noma.org\/#\/schema\/logo\/image\/","url":"https:\/\/masquerades.noma.org\/wp-content\/uploads\/2023\/11\/nmn-banner.jpg","contentUrl":"https:\/\/masquerades.noma.org\/wp-content\/uploads\/2023\/11\/nmn-banner.jpg","width":900,"height":295,"caption":"New Orleans Museum of Art"},"image":{"@id":"https:\/\/masquerades.noma.org\/#\/schema\/logo\/image\/"}}]}},"_links":{"self":[{"href":"https:\/\/masquerades.noma.org\/fr\/wp-json\/wp\/v2\/pages\/360","targetHints":{"allow":["GET"]}}],"collection":[{"href":"https:\/\/masquerades.noma.org\/fr\/wp-json\/wp\/v2\/pages"}],"about":[{"href":"https:\/\/masquerades.noma.org\/fr\/wp-json\/wp\/v2\/types\/page"}],"author":[{"embeddable":true,"href":"https:\/\/masquerades.noma.org\/fr\/wp-json\/wp\/v2\/users\/1"}],"replies":[{"embeddable":true,"href":"https:\/\/masquerades.noma.org\/fr\/wp-json\/wp\/v2\/comments?post=360"}],"version-history":[{"count":17,"href":"https:\/\/masquerades.noma.org\/fr\/wp-json\/wp\/v2\/pages\/360\/revisions"}],"predecessor-version":[{"id":1108,"href":"https:\/\/masquerades.noma.org\/fr\/wp-json\/wp\/v2\/pages\/360\/revisions\/1108"}],"up":[{"embeddable":true,"href":"https:\/\/masquerades.noma.org\/fr\/wp-json\/wp\/v2\/pages\/341"}],"wp:featuredmedia":[{"embeddable":true,"href":"https:\/\/masquerades.noma.org\/fr\/wp-json\/wp\/v2\/media\/709"}],"wp:attachment":[{"href":"https:\/\/masquerades.noma.org\/fr\/wp-json\/wp\/v2\/media?parent=360"}],"curies":[{"name":"wp","href":"https:\/\/api.w.org\/{rel}","templated":true}]}}