{"id":362,"date":"2024-10-22T15:07:51","date_gmt":"2024-10-22T20:07:51","guid":{"rendered":"https:\/\/masquerades.noma.org\/?page_id=362"},"modified":"2025-08-08T11:33:54","modified_gmt":"2025-08-08T16:33:54","slug":"burkina-faso","status":"publish","type":"page","link":"https:\/\/masquerades.noma.org\/fr\/masquerades-in-action\/burkina-faso\/","title":{"rendered":"Burkina Faso"},"content":{"rendered":"<div style=\"height:50vh\" aria-hidden=\"true\" class=\"wp-block-spacer\"><\/div>\n\n\n\n<div class=\"wp-block-columns alignfull is-layout-flex wp-container-core-columns-is-layout-28f84493 wp-block-columns-is-layout-flex\">\n<div class=\"wp-block-column is-layout-flow wp-block-column-is-layout-flow\"><\/div>\n\n\n\n<div class=\"wp-block-column is-layout-flow wp-block-column-is-layout-flow\">\n<div class=\"wp-block-group has-background is-layout-constrained wp-container-core-group-is-layout-f611be13 wp-block-group-is-layout-constrained\" style=\"background-color:#121212e0;padding-top:var(--wp--preset--spacing--50);padding-right:var(--wp--preset--spacing--50);padding-bottom:var(--wp--preset--spacing--50);padding-left:var(--wp--preset--spacing--50)\">\n<figure class=\"wp-block-image aligncenter size-full is-resized\"><img loading=\"lazy\" decoding=\"async\" width=\"168\" height=\"164\" src=\"https:\/\/masquerades.noma.org\/wp-content\/uploads\/2025\/06\/BB3.png\" alt=\"\" class=\"wp-image-882\" style=\"width:56px\" srcset=\"https:\/\/masquerades.noma.org\/wp-content\/uploads\/2025\/06\/BB3.png 168w, https:\/\/masquerades.noma.org\/wp-content\/uploads\/2025\/06\/BB3-12x12.png 12w\" sizes=\"auto, (max-width: 168px) 100vw, 168px\" \/><\/figure>\n\n\n\n<h2 class=\"wp-block-heading\"><em><em>Kimi Masquerade in Honor of Andr\u00e9 Sanou\u2019s \u201cQui Dit Mieux?\u201d<\/em><\/em><\/h2>\n\n\n\n<p>2022<br><strong>David Sanou<\/strong><br>Bois, fibres, colle, colorants synth\u00e9tiques, peintures<br><br>Collection du Fitchburg Art Museum. Photo gracieusement fournie par le New Orleans Museum of Art.<\/p>\n\n\n\n<figure class=\"wp-block-image size-large\"><img loading=\"lazy\" decoding=\"async\" width=\"768\" height=\"1024\" src=\"https:\/\/masquerades.noma.org\/wp-content\/uploads\/2025\/04\/NMN-2025-6-v04_web-768x1024.jpg\" alt=\"\" class=\"wp-image-738\" srcset=\"https:\/\/masquerades.noma.org\/wp-content\/uploads\/2025\/04\/NMN-2025-6-v04_web-768x1024.jpg 768w, https:\/\/masquerades.noma.org\/wp-content\/uploads\/2025\/04\/NMN-2025-6-v04_web-225x300.jpg 225w, https:\/\/masquerades.noma.org\/wp-content\/uploads\/2025\/04\/NMN-2025-6-v04_web-1152x1536.jpg 1152w, https:\/\/masquerades.noma.org\/wp-content\/uploads\/2025\/04\/NMN-2025-6-v04_web-9x12.jpg 9w, https:\/\/masquerades.noma.org\/wp-content\/uploads\/2025\/04\/NMN-2025-6-v04_web.jpg 1200w\" sizes=\"auto, (max-width: 768px) 100vw, 768px\" \/><\/figure>\n<\/div>\n<\/div>\n<\/div>\n\n\n\n<div style=\"height:55vh\" aria-hidden=\"true\" class=\"wp-block-spacer\"><\/div>\n\n\n\n<div class=\"wp-block-columns alignfull is-layout-flex wp-container-core-columns-is-layout-28f84493 wp-block-columns-is-layout-flex\">\n<div class=\"wp-block-column is-layout-flow wp-block-column-is-layout-flow\"><\/div>\n\n\n\n<div class=\"wp-block-column is-layout-flow wp-block-column-is-layout-flow\">\n<div class=\"wp-block-group has-background is-layout-constrained wp-container-core-group-is-layout-f611be13 wp-block-group-is-layout-constrained\" style=\"background-color:#121212e0;padding-top:var(--wp--preset--spacing--50);padding-right:var(--wp--preset--spacing--50);padding-bottom:var(--wp--preset--spacing--50);padding-left:var(--wp--preset--spacing--50)\">\n<h2 class=\"wp-block-heading\" id=\"Kimi-masks\">Ensemble de mascarade Compromise Kimi en l'honneur d'Andr\u00e9 Sanou<\/h2>\n\n\n\n<p>3 mai 2022<br><strong><strong>David Sanou<\/strong><\/strong><br>Compromis Masque Kimi en l'honneur d'Andr\u00e9 Sanou dans le quartier de Tounouma, Bobo-Dioulasso, Burkina Faso, 3 mai 2015 (coiffe r\u00e9alis\u00e9e par David Sanou dans l'atelier d'Andr\u00e9 Sanou). Photo : Lisa Homann.<\/p>\n\n\n\n<figure class=\"wp-block-image size-full\"><img loading=\"lazy\" decoding=\"async\" width=\"900\" height=\"1200\" src=\"https:\/\/masquerades.noma.org\/wp-content\/uploads\/2025\/06\/innovation.jpg\" alt=\"\" class=\"wp-image-908\" srcset=\"https:\/\/masquerades.noma.org\/wp-content\/uploads\/2025\/06\/innovation.jpg 900w, https:\/\/masquerades.noma.org\/wp-content\/uploads\/2025\/06\/innovation-225x300.jpg 225w, https:\/\/masquerades.noma.org\/wp-content\/uploads\/2025\/06\/innovation-768x1024.jpg 768w, https:\/\/masquerades.noma.org\/wp-content\/uploads\/2025\/06\/innovation-9x12.jpg 9w\" sizes=\"auto, (max-width: 900px) 100vw, 900px\" \/><\/figure>\n<\/div>\n<\/div>\n<\/div>\n\n\n\n<div style=\"height:55vh\" aria-hidden=\"true\" class=\"wp-block-spacer\"><\/div>\n\n\n\n<div class=\"wp-block-columns alignfull is-layout-flex wp-container-core-columns-is-layout-28f84493 wp-block-columns-is-layout-flex\">\n<div class=\"wp-block-column is-layout-flow wp-block-column-is-layout-flow\"><\/div>\n\n\n\n<div class=\"wp-block-column is-layout-flow wp-block-column-is-layout-flow\">\n<div class=\"wp-block-group has-background is-layout-constrained wp-container-core-group-is-layout-f611be13 wp-block-group-is-layout-constrained\" style=\"background-color:#121212e0;padding-top:var(--wp--preset--spacing--50);padding-right:var(--wp--preset--spacing--50);padding-bottom:var(--wp--preset--spacing--50);padding-left:var(--wp--preset--spacing--50)\">\n<h2 class=\"wp-block-heading\" id=\"honor-Andr\u00e9-Sanou\">Ensemble de mascarade photographique en l'honneur d'Andr\u00e9 Sanou<\/h2>\n\n\n\n<p>2022<br><strong><strong><strong>David Sanou<\/strong><\/strong><\/strong><br>(coiffe r\u00e9alis\u00e9e par David Sanou dans l'atelier d'Andr\u00e9 Sanou ; le cr\u00e9ateur du corps souhaite rester anonyme). Collection du Mus\u00e9e national d'art africain, Smithsonian Institution.<br>Photo: Brad Simpson.<\/p>\n\n\n\n<figure class=\"wp-block-image size-full\"><img loading=\"lazy\" decoding=\"async\" width=\"738\" height=\"860\" src=\"https:\/\/masquerades.noma.org\/wp-content\/uploads\/2025\/04\/Masks-240923_Page_182_Image_0001.jpg\" alt=\"\" class=\"wp-image-748\" srcset=\"https:\/\/masquerades.noma.org\/wp-content\/uploads\/2025\/04\/Masks-240923_Page_182_Image_0001.jpg 738w, https:\/\/masquerades.noma.org\/wp-content\/uploads\/2025\/04\/Masks-240923_Page_182_Image_0001-257x300.jpg 257w, https:\/\/masquerades.noma.org\/wp-content\/uploads\/2025\/04\/Masks-240923_Page_182_Image_0001-10x12.jpg 10w\" sizes=\"auto, (max-width: 738px) 100vw, 738px\" \/><\/figure>\n\n\n\n<div style=\"height:100px\" aria-hidden=\"true\" class=\"wp-block-spacer\"><\/div>\n\n\n\n<div class=\"wp-block-buttons is-content-justification-right is-layout-flex wp-container-core-buttons-is-layout-d445cf74 wp-block-buttons-is-layout-flex\">\n<div class=\"wp-block-button\"><a class=\"wp-block-button__link wp-element-button\" href=\"https:\/\/masquerades.noma.org\/fr\/meet-the-artists\/david-sanou\/\">Rencontrer <strong>David Sanou<\/strong><\/a><\/div>\n\n\n\n<div class=\"wp-block-button\"><a class=\"wp-block-button__link wp-element-button\" href=\"https:\/\/masquerades.noma.org\/fr\/masquerades-in-action\/sierra-leone\/\">Galerie suivante<\/a><\/div>\n<\/div>\n<\/div>\n<\/div>\n<\/div>\n\n\n\n<div style=\"height:55vh\" aria-hidden=\"true\" class=\"wp-block-spacer\"><\/div>","protected":false},"excerpt":{"rendered":"<p>Kimi Masquerade in Honor of Andr\u00e9 Sanou\u2019s \u201cQui Dit Mieux?\u201d 2022David SanouWood, fibers, glue, synthetic dyes, paints Collection of the [&hellip;]<\/p>","protected":false},"author":1,"featured_media":738,"parent":341,"menu_order":2,"comment_status":"closed","ping_status":"closed","template":"","meta":{"_acf_changed":false,"site-sidebar-layout":"default","site-content-layout":"","ast-site-content-layout":"","site-content-style":"default","site-sidebar-style":"default","ast-global-header-display":"","ast-banner-title-visibility":"","ast-main-header-display":"","ast-hfb-above-header-display":"","ast-hfb-below-header-display":"","ast-hfb-mobile-header-display":"","site-post-title":"disabled","ast-breadcrumbs-content":"","ast-featured-img":"","footer-sml-layout":"","theme-transparent-header-meta":"","adv-header-id-meta":"","stick-header-meta":"","header-above-stick-meta":"","header-main-stick-meta":"","header-below-stick-meta":"","astra-migrate-meta-layouts":"default","ast-page-background-enabled":"default","ast-page-background-meta":{"desktop":{"background-color":"var(--ast-global-color-4)","background-image":"","background-repeat":"repeat","background-position":"center center","background-size":"auto","background-attachment":"scroll","background-type":"","background-media":"","overlay-type":"","overlay-color":"","overlay-opacity":"","overlay-gradient":""},"tablet":{"background-color":"","background-image":"","background-repeat":"repeat","background-position":"center center","background-size":"auto","background-attachment":"scroll","background-type":"","background-media":"","overlay-type":"","overlay-color":"","overlay-opacity":"","overlay-gradient":""},"mobile":{"background-color":"","background-image":"","background-repeat":"repeat","background-position":"center center","background-size":"auto","background-attachment":"scroll","background-type":"","background-media":"","overlay-type":"","overlay-color":"","overlay-opacity":"","overlay-gradient":""}},"ast-content-background-meta":{"desktop":{"background-color":"var(--ast-global-color-5)","background-image":"","background-repeat":"repeat","background-position":"center center","background-size":"auto","background-attachment":"scroll","background-type":"","background-media":"","overlay-type":"","overlay-color":"","overlay-opacity":"","overlay-gradient":""},"tablet":{"background-color":"var(--ast-global-color-5)","background-image":"","background-repeat":"repeat","background-position":"center center","background-size":"auto","background-attachment":"scroll","background-type":"","background-media":"","overlay-type":"","overlay-color":"","overlay-opacity":"","overlay-gradient":""},"mobile":{"background-color":"var(--ast-global-color-5)","background-image":"","background-repeat":"repeat","background-position":"center center","background-size":"auto","background-attachment":"scroll","background-type":"","background-media":"","overlay-type":"","overlay-color":"","overlay-opacity":"","overlay-gradient":""}},"footnotes":""},"class_list":["post-362","page","type-page","status-publish","has-post-thumbnail","hentry"],"acf":[],"yoast_head":"<!-- This site is optimized with the Yoast SEO plugin v25.3.1 - https:\/\/yoast.com\/wordpress\/plugins\/seo\/ -->\n<title>Burkina Faso - New African Masquerades<\/title>\n<meta name=\"robots\" content=\"noindex, follow, max-snippet:-1, max-image-preview:large, max-video-preview:-1\" \/>\n<meta property=\"og:locale\" content=\"fr_FR\" \/>\n<meta property=\"og:type\" content=\"article\" \/>\n<meta property=\"og:title\" content=\"Burkina Faso - New African Masquerades\" \/>\n<meta property=\"og:description\" content=\"Kimi Masquerade in Honor of Andr\u00e9 Sanou\u2019s \u201cQui Dit Mieux?\u201d 2022David SanouWood, fibers, glue, synthetic dyes, paints Collection of the [&hellip;]\" \/>\n<meta property=\"og:url\" content=\"https:\/\/masquerades.noma.org\/fr\/masquerades-in-action\/burkina-faso\/\" \/>\n<meta property=\"og:site_name\" content=\"New African Masquerades\" \/>\n<meta property=\"article:modified_time\" content=\"2025-08-08T16:33:54+00:00\" \/>\n<meta property=\"og:image\" content=\"https:\/\/masquerades.noma.org\/wp-content\/uploads\/2025\/04\/NMN-2025-6-v04_web.jpg\" \/>\n\t<meta property=\"og:image:width\" content=\"1200\" \/>\n\t<meta property=\"og:image:height\" content=\"1600\" \/>\n\t<meta property=\"og:image:type\" content=\"image\/jpeg\" \/>\n<meta name=\"twitter:card\" content=\"summary_large_image\" \/>\n<meta name=\"twitter:label1\" content=\"Dur\u00e9e de lecture estim\u00e9e\" \/>\n\t<meta name=\"twitter:data1\" content=\"2 minutes\" \/>\n<script type=\"application\/ld+json\" class=\"yoast-schema-graph\">{\"@context\":\"https:\/\/schema.org\",\"@graph\":[{\"@type\":\"WebPage\",\"@id\":\"https:\/\/masquerades.noma.org\/masquerades-in-action\/burkina-faso\/\",\"url\":\"https:\/\/masquerades.noma.org\/masquerades-in-action\/burkina-faso\/\",\"name\":\"Burkina Faso - New African Masquerades\",\"isPartOf\":{\"@id\":\"https:\/\/masquerades.noma.org\/#website\"},\"primaryImageOfPage\":{\"@id\":\"https:\/\/masquerades.noma.org\/masquerades-in-action\/burkina-faso\/#primaryimage\"},\"image\":{\"@id\":\"https:\/\/masquerades.noma.org\/masquerades-in-action\/burkina-faso\/#primaryimage\"},\"thumbnailUrl\":\"https:\/\/masquerades.noma.org\/wp-content\/uploads\/2025\/04\/NMN-2025-6-v04_web.jpg\",\"datePublished\":\"2024-10-22T20:07:51+00:00\",\"dateModified\":\"2025-08-08T16:33:54+00:00\",\"breadcrumb\":{\"@id\":\"https:\/\/masquerades.noma.org\/masquerades-in-action\/burkina-faso\/#breadcrumb\"},\"inLanguage\":\"fr-FR\",\"potentialAction\":[{\"@type\":\"ReadAction\",\"target\":[\"https:\/\/masquerades.noma.org\/masquerades-in-action\/burkina-faso\/\"]}]},{\"@type\":\"ImageObject\",\"inLanguage\":\"fr-FR\",\"@id\":\"https:\/\/masquerades.noma.org\/masquerades-in-action\/burkina-faso\/#primaryimage\",\"url\":\"https:\/\/masquerades.noma.org\/wp-content\/uploads\/2025\/04\/NMN-2025-6-v04_web.jpg\",\"contentUrl\":\"https:\/\/masquerades.noma.org\/wp-content\/uploads\/2025\/04\/NMN-2025-6-v04_web.jpg\",\"width\":1200,\"height\":1600,\"caption\":\"Kimi masquerade ensemble in honor of Andr\u00e9 Sanou\u2019s Qui Dit Mieux?, 2022 (headpiece by David Sanou in the studio of Andr\u00e9 Sanou; the maker of the body requests anonymity). Collection of the Fitchburg Art Museum. Photo courtesy of the New Orleans Museum of Art.\"},{\"@type\":\"BreadcrumbList\",\"@id\":\"https:\/\/masquerades.noma.org\/masquerades-in-action\/burkina-faso\/#breadcrumb\",\"itemListElement\":[{\"@type\":\"ListItem\",\"position\":1,\"name\":\"Home\",\"item\":\"https:\/\/masquerades.noma.org\/\"},{\"@type\":\"ListItem\",\"position\":2,\"name\":\"Masquerades Ensembles\",\"item\":\"https:\/\/masquerades.noma.org\/masquerades-in-action\/\"},{\"@type\":\"ListItem\",\"position\":3,\"name\":\"Burkina Faso\"}]},{\"@type\":\"WebSite\",\"@id\":\"https:\/\/masquerades.noma.org\/#website\",\"url\":\"https:\/\/masquerades.noma.org\/\",\"name\":\"New Masks Now\",\"description\":\"Artistic Innovations and Collaborations\",\"publisher\":{\"@id\":\"https:\/\/masquerades.noma.org\/#organization\"},\"potentialAction\":[{\"@type\":\"SearchAction\",\"target\":{\"@type\":\"EntryPoint\",\"urlTemplate\":\"https:\/\/masquerades.noma.org\/?s={search_term_string}\"},\"query-input\":{\"@type\":\"PropertyValueSpecification\",\"valueRequired\":true,\"valueName\":\"search_term_string\"}}],\"inLanguage\":\"fr-FR\"},{\"@type\":\"Organization\",\"@id\":\"https:\/\/masquerades.noma.org\/#organization\",\"name\":\"New Orleans Museum of Art\",\"url\":\"https:\/\/masquerades.noma.org\/\",\"logo\":{\"@type\":\"ImageObject\",\"inLanguage\":\"fr-FR\",\"@id\":\"https:\/\/masquerades.noma.org\/#\/schema\/logo\/image\/\",\"url\":\"https:\/\/masquerades.noma.org\/wp-content\/uploads\/2023\/11\/nmn-banner.jpg\",\"contentUrl\":\"https:\/\/masquerades.noma.org\/wp-content\/uploads\/2023\/11\/nmn-banner.jpg\",\"width\":900,\"height\":295,\"caption\":\"New Orleans Museum of Art\"},\"image\":{\"@id\":\"https:\/\/masquerades.noma.org\/#\/schema\/logo\/image\/\"}}]}<\/script>\n<!-- \/ Yoast SEO plugin. -->","yoast_head_json":{"title":"Burkina Faso - New African Masquerades","robots":{"index":"noindex","follow":"follow","max-snippet":"max-snippet:-1","max-image-preview":"max-image-preview:large","max-video-preview":"max-video-preview:-1"},"og_locale":"fr_FR","og_type":"article","og_title":"Burkina Faso - New African Masquerades","og_description":"Kimi Masquerade in Honor of Andr\u00e9 Sanou\u2019s \u201cQui Dit Mieux?\u201d 2022David SanouWood, fibers, glue, synthetic dyes, paints Collection of the [&hellip;]","og_url":"https:\/\/masquerades.noma.org\/fr\/masquerades-in-action\/burkina-faso\/","og_site_name":"New African Masquerades","article_modified_time":"2025-08-08T16:33:54+00:00","og_image":[{"width":1200,"height":1600,"url":"https:\/\/masquerades.noma.org\/wp-content\/uploads\/2025\/04\/NMN-2025-6-v04_web.jpg","type":"image\/jpeg"}],"twitter_card":"summary_large_image","twitter_misc":{"Dur\u00e9e de lecture estim\u00e9e":"2 minutes"},"schema":{"@context":"https:\/\/schema.org","@graph":[{"@type":"WebPage","@id":"https:\/\/masquerades.noma.org\/masquerades-in-action\/burkina-faso\/","url":"https:\/\/masquerades.noma.org\/masquerades-in-action\/burkina-faso\/","name":"Burkina Faso - New African Masquerades","isPartOf":{"@id":"https:\/\/masquerades.noma.org\/#website"},"primaryImageOfPage":{"@id":"https:\/\/masquerades.noma.org\/masquerades-in-action\/burkina-faso\/#primaryimage"},"image":{"@id":"https:\/\/masquerades.noma.org\/masquerades-in-action\/burkina-faso\/#primaryimage"},"thumbnailUrl":"https:\/\/masquerades.noma.org\/wp-content\/uploads\/2025\/04\/NMN-2025-6-v04_web.jpg","datePublished":"2024-10-22T20:07:51+00:00","dateModified":"2025-08-08T16:33:54+00:00","breadcrumb":{"@id":"https:\/\/masquerades.noma.org\/masquerades-in-action\/burkina-faso\/#breadcrumb"},"inLanguage":"fr-FR","potentialAction":[{"@type":"ReadAction","target":["https:\/\/masquerades.noma.org\/masquerades-in-action\/burkina-faso\/"]}]},{"@type":"ImageObject","inLanguage":"fr-FR","@id":"https:\/\/masquerades.noma.org\/masquerades-in-action\/burkina-faso\/#primaryimage","url":"https:\/\/masquerades.noma.org\/wp-content\/uploads\/2025\/04\/NMN-2025-6-v04_web.jpg","contentUrl":"https:\/\/masquerades.noma.org\/wp-content\/uploads\/2025\/04\/NMN-2025-6-v04_web.jpg","width":1200,"height":1600,"caption":"Kimi masquerade ensemble in honor of Andr\u00e9 Sanou\u2019s Qui Dit Mieux?, 2022 (headpiece by David Sanou in the studio of Andr\u00e9 Sanou; the maker of the body requests anonymity). Collection of the Fitchburg Art Museum. Photo courtesy of the New Orleans Museum of Art."},{"@type":"BreadcrumbList","@id":"https:\/\/masquerades.noma.org\/masquerades-in-action\/burkina-faso\/#breadcrumb","itemListElement":[{"@type":"ListItem","position":1,"name":"Home","item":"https:\/\/masquerades.noma.org\/"},{"@type":"ListItem","position":2,"name":"Masquerades Ensembles","item":"https:\/\/masquerades.noma.org\/masquerades-in-action\/"},{"@type":"ListItem","position":3,"name":"Burkina Faso"}]},{"@type":"WebSite","@id":"https:\/\/masquerades.noma.org\/#website","url":"https:\/\/masquerades.noma.org\/","name":"New Masks Now","description":"Artistic Innovations and Collaborations","publisher":{"@id":"https:\/\/masquerades.noma.org\/#organization"},"potentialAction":[{"@type":"SearchAction","target":{"@type":"EntryPoint","urlTemplate":"https:\/\/masquerades.noma.org\/?s={search_term_string}"},"query-input":{"@type":"PropertyValueSpecification","valueRequired":true,"valueName":"search_term_string"}}],"inLanguage":"fr-FR"},{"@type":"Organization","@id":"https:\/\/masquerades.noma.org\/#organization","name":"New Orleans Museum of Art","url":"https:\/\/masquerades.noma.org\/","logo":{"@type":"ImageObject","inLanguage":"fr-FR","@id":"https:\/\/masquerades.noma.org\/#\/schema\/logo\/image\/","url":"https:\/\/masquerades.noma.org\/wp-content\/uploads\/2023\/11\/nmn-banner.jpg","contentUrl":"https:\/\/masquerades.noma.org\/wp-content\/uploads\/2023\/11\/nmn-banner.jpg","width":900,"height":295,"caption":"New Orleans Museum of Art"},"image":{"@id":"https:\/\/masquerades.noma.org\/#\/schema\/logo\/image\/"}}]}},"_links":{"self":[{"href":"https:\/\/masquerades.noma.org\/fr\/wp-json\/wp\/v2\/pages\/362","targetHints":{"allow":["GET"]}}],"collection":[{"href":"https:\/\/masquerades.noma.org\/fr\/wp-json\/wp\/v2\/pages"}],"about":[{"href":"https:\/\/masquerades.noma.org\/fr\/wp-json\/wp\/v2\/types\/page"}],"author":[{"embeddable":true,"href":"https:\/\/masquerades.noma.org\/fr\/wp-json\/wp\/v2\/users\/1"}],"replies":[{"embeddable":true,"href":"https:\/\/masquerades.noma.org\/fr\/wp-json\/wp\/v2\/comments?post=362"}],"version-history":[{"count":15,"href":"https:\/\/masquerades.noma.org\/fr\/wp-json\/wp\/v2\/pages\/362\/revisions"}],"predecessor-version":[{"id":1126,"href":"https:\/\/masquerades.noma.org\/fr\/wp-json\/wp\/v2\/pages\/362\/revisions\/1126"}],"up":[{"embeddable":true,"href":"https:\/\/masquerades.noma.org\/fr\/wp-json\/wp\/v2\/pages\/341"}],"wp:featuredmedia":[{"embeddable":true,"href":"https:\/\/masquerades.noma.org\/fr\/wp-json\/wp\/v2\/media\/738"}],"wp:attachment":[{"href":"https:\/\/masquerades.noma.org\/fr\/wp-json\/wp\/v2\/media?parent=362"}],"curies":[{"name":"wp","href":"https:\/\/api.w.org\/{rel}","templated":true}]}}