{"id":363,"date":"2024-10-22T15:07:51","date_gmt":"2024-10-22T20:07:51","guid":{"rendered":"https:\/\/masquerades.noma.org\/?page_id=363"},"modified":"2025-07-25T10:11:35","modified_gmt":"2025-07-25T15:11:35","slug":"sierra-leone","status":"publish","type":"page","link":"https:\/\/masquerades.noma.org\/fr\/masquerades-in-action\/sierra-leone\/","title":{"rendered":"Sierra Leone"},"content":{"rendered":"<div style=\"height:50vh\" aria-hidden=\"true\" class=\"wp-block-spacer\"><\/div>\n\n\n\n<div class=\"wp-block-columns alignfull is-layout-flex wp-container-core-columns-is-layout-28f84493 wp-block-columns-is-layout-flex\">\n<div class=\"wp-block-column is-layout-flow wp-block-column-is-layout-flow\"><\/div>\n\n\n\n<div class=\"wp-block-column is-layout-flow wp-block-column-is-layout-flow\">\n<div class=\"wp-block-group has-background is-layout-constrained wp-container-core-group-is-layout-f611be13 wp-block-group-is-layout-constrained\" style=\"background-color:#121212e0;padding-top:var(--wp--preset--spacing--50);padding-right:var(--wp--preset--spacing--50);padding-bottom:var(--wp--preset--spacing--50);padding-left:var(--wp--preset--spacing--50)\">\n<figure class=\"wp-block-image aligncenter size-full is-resized\"><img loading=\"lazy\" decoding=\"async\" width=\"169\" height=\"165\" src=\"https:\/\/masquerades.noma.org\/wp-content\/uploads\/2025\/06\/BB1.png\" alt=\"\" class=\"wp-image-877\" style=\"width:56px\" srcset=\"https:\/\/masquerades.noma.org\/wp-content\/uploads\/2025\/06\/BB1.png 169w, https:\/\/masquerades.noma.org\/wp-content\/uploads\/2025\/06\/BB1-12x12.png 12w\" sizes=\"auto, (max-width: 169px) 100vw, 169px\" \/><\/figure>\n\n\n\n<h2 class=\"wp-block-heading\"><em><em>Ensemble de mascarade \u00ab F\u00e9e \u00bb<\/em><\/em><\/h2>\n\n\n\n<p>2022<br><strong>Sheku \u201cGoldenfinger\u201d Fofanah<\/strong><br>Tissu, paillettes, bois, peinture, colle<br><br>Commande pour le mus\u00e9e d'art de Fitchburg. Photo gracieusement fournie par le mus\u00e9e d'art de La Nouvelle-Orl\u00e9ans.<\/p>\n\n\n\n<figure class=\"wp-block-image size-large\"><img loading=\"lazy\" decoding=\"async\" width=\"768\" height=\"1024\" src=\"https:\/\/masquerades.noma.org\/wp-content\/uploads\/2025\/04\/NMN-2025-7-v030_web-768x1024.jpg\" alt=\"\" class=\"wp-image-752\" srcset=\"https:\/\/masquerades.noma.org\/wp-content\/uploads\/2025\/04\/NMN-2025-7-v030_web-768x1024.jpg 768w, https:\/\/masquerades.noma.org\/wp-content\/uploads\/2025\/04\/NMN-2025-7-v030_web-225x300.jpg 225w, https:\/\/masquerades.noma.org\/wp-content\/uploads\/2025\/04\/NMN-2025-7-v030_web-1152x1536.jpg 1152w, https:\/\/masquerades.noma.org\/wp-content\/uploads\/2025\/04\/NMN-2025-7-v030_web-9x12.jpg 9w, https:\/\/masquerades.noma.org\/wp-content\/uploads\/2025\/04\/NMN-2025-7-v030_web.jpg 1200w\" sizes=\"auto, (max-width: 768px) 100vw, 768px\" \/><\/figure>\n<\/div>\n<\/div>\n<\/div>\n\n\n\n<div style=\"height:55vh\" aria-hidden=\"true\" class=\"wp-block-spacer\"><\/div>\n\n\n\n<div class=\"wp-block-columns alignfull is-layout-flex wp-container-core-columns-is-layout-28f84493 wp-block-columns-is-layout-flex\">\n<div class=\"wp-block-column is-layout-flow wp-block-column-is-layout-flow\"><\/div>\n\n\n\n<div class=\"wp-block-column is-layout-flow wp-block-column-is-layout-flow\">\n<div class=\"wp-block-group has-background is-layout-constrained wp-container-core-group-is-layout-f611be13 wp-block-group-is-layout-constrained\" style=\"background-color:#121212e0;padding-top:var(--wp--preset--spacing--50);padding-right:var(--wp--preset--spacing--50);padding-bottom:var(--wp--preset--spacing--50);padding-left:var(--wp--preset--spacing--50)\">\n<h2 class=\"wp-block-heading\" id=\"Mami-Wata\">L'artiste d\u00e9filant avec son d\u00e9mon Mami Wata<\/h2>\n\n\n\n<p>2022<br><strong><strong>Sheku \u201cGoldenfinger\u201d Fofanah<\/strong><\/strong><br>Photo prise par Amanda M. Maples.<\/p>\n\n\n\n<figure class=\"wp-block-image size-large\"><img loading=\"lazy\" decoding=\"async\" width=\"1024\" height=\"919\" src=\"https:\/\/masquerades.noma.org\/wp-content\/uploads\/2025\/04\/Fofanah_03-1024x919.jpg\" alt=\"\" class=\"wp-image-756\" srcset=\"https:\/\/masquerades.noma.org\/wp-content\/uploads\/2025\/04\/Fofanah_03-1024x919.jpg 1024w, https:\/\/masquerades.noma.org\/wp-content\/uploads\/2025\/04\/Fofanah_03-300x269.jpg 300w, https:\/\/masquerades.noma.org\/wp-content\/uploads\/2025\/04\/Fofanah_03-768x690.jpg 768w, https:\/\/masquerades.noma.org\/wp-content\/uploads\/2025\/04\/Fofanah_03-1536x1379.jpg 1536w, https:\/\/masquerades.noma.org\/wp-content\/uploads\/2025\/04\/Fofanah_03-13x12.jpg 13w, https:\/\/masquerades.noma.org\/wp-content\/uploads\/2025\/04\/Fofanah_03.jpg 1920w\" sizes=\"auto, (max-width: 1024px) 100vw, 1024px\" \/><\/figure>\n<\/div>\n<\/div>\n<\/div>\n\n\n\n<div style=\"height:55vh\" aria-hidden=\"true\" class=\"wp-block-spacer\"><\/div>\n\n\n\n<div class=\"wp-block-columns alignfull is-layout-flex wp-container-core-columns-is-layout-28f84493 wp-block-columns-is-layout-flex\">\n<div class=\"wp-block-column is-layout-flow wp-block-column-is-layout-flow\"><\/div>\n\n\n\n<div class=\"wp-block-column is-layout-flow wp-block-column-is-layout-flow\">\n<div class=\"wp-block-group has-background is-layout-constrained wp-container-core-group-is-layout-f611be13 wp-block-group-is-layout-constrained\" style=\"background-color:#121212e0;padding-top:var(--wp--preset--spacing--50);padding-right:var(--wp--preset--spacing--50);padding-bottom:var(--wp--preset--spacing--50);padding-left:var(--wp--preset--spacing--50)\">\n<h2 class=\"wp-block-heading\" id=\"Tote-Man\">Ensemble de d\u00e9guisement Femme Tote Man<\/h2>\n\n\n\n<p>2016-2023<br><strong><strong><strong><strong>Sheku \u201cGoldenfinger\u201d Fofanah<\/strong><\/strong><\/strong><\/strong><br>Collection du mus\u00e9e d'art de Fitchburg.<br>Photo: Sesthasak Boonchai.<\/p>\n\n\n\n<figure class=\"wp-block-image size-full\"><img loading=\"lazy\" decoding=\"async\" width=\"484\" height=\"860\" src=\"https:\/\/masquerades.noma.org\/wp-content\/uploads\/2025\/04\/Masks-240923_Page_198_Image_0001.jpg\" alt=\"\" class=\"wp-image-759\" srcset=\"https:\/\/masquerades.noma.org\/wp-content\/uploads\/2025\/04\/Masks-240923_Page_198_Image_0001.jpg 484w, https:\/\/masquerades.noma.org\/wp-content\/uploads\/2025\/04\/Masks-240923_Page_198_Image_0001-169x300.jpg 169w, https:\/\/masquerades.noma.org\/wp-content\/uploads\/2025\/04\/Masks-240923_Page_198_Image_0001-7x12.jpg 7w\" sizes=\"auto, (max-width: 484px) 100vw, 484px\" \/><\/figure>\n\n\n\n<div style=\"height:100px\" aria-hidden=\"true\" class=\"wp-block-spacer\"><\/div>\n\n\n\n<div class=\"wp-block-buttons is-content-justification-right is-layout-flex wp-container-core-buttons-is-layout-d445cf74 wp-block-buttons-is-layout-flex\">\n<div class=\"wp-block-button\"><a class=\"wp-block-button__link wp-element-button\" href=\"https:\/\/masquerades.noma.org\/fr\/meet-the-artists\/sheku-goldenfinger-fofanah\/\">Rencontrer <strong>Sheku \u201cGoldenfinger\u201d Fofanah<\/strong><\/a><\/div>\n\n\n\n<div class=\"wp-block-button\"><a class=\"wp-block-button__link wp-element-button\" href=\"https:\/\/masquerades.noma.org\/fr\/masquerades-in-action\/cameroon\/\">Galerie suivante<\/a><\/div>\n<\/div>\n<\/div>\n<\/div>\n<\/div>\n\n\n\n<div style=\"height:55vh\" aria-hidden=\"true\" class=\"wp-block-spacer\"><\/div>","protected":false},"excerpt":{"rendered":"<p>\u201cFairy\u201d Masquerade Ensemble 2022Sheku \u201cGoldenfinger\u201d FofanahFabric, sequins, wood, paint, glue Commission for the Fitchburg Art Museum. Photo courtesy of the [&hellip;]<\/p>","protected":false},"author":1,"featured_media":752,"parent":341,"menu_order":3,"comment_status":"closed","ping_status":"closed","template":"","meta":{"_acf_changed":false,"site-sidebar-layout":"default","site-content-layout":"","ast-site-content-layout":"","site-content-style":"default","site-sidebar-style":"default","ast-global-header-display":"","ast-banner-title-visibility":"","ast-main-header-display":"","ast-hfb-above-header-display":"","ast-hfb-below-header-display":"","ast-hfb-mobile-header-display":"","site-post-title":"disabled","ast-breadcrumbs-content":"","ast-featured-img":"","footer-sml-layout":"","theme-transparent-header-meta":"","adv-header-id-meta":"","stick-header-meta":"","header-above-stick-meta":"","header-main-stick-meta":"","header-below-stick-meta":"","astra-migrate-meta-layouts":"default","ast-page-background-enabled":"default","ast-page-background-meta":{"desktop":{"background-color":"var(--ast-global-color-4)","background-image":"","background-repeat":"repeat","background-position":"center center","background-size":"auto","background-attachment":"scroll","background-type":"","background-media":"","overlay-type":"","overlay-color":"","overlay-opacity":"","overlay-gradient":""},"tablet":{"background-color":"","background-image":"","background-repeat":"repeat","background-position":"center center","background-size":"auto","background-attachment":"scroll","background-type":"","background-media":"","overlay-type":"","overlay-color":"","overlay-opacity":"","overlay-gradient":""},"mobile":{"background-color":"","background-image":"","background-repeat":"repeat","background-position":"center center","background-size":"auto","background-attachment":"scroll","background-type":"","background-media":"","overlay-type":"","overlay-color":"","overlay-opacity":"","overlay-gradient":""}},"ast-content-background-meta":{"desktop":{"background-color":"var(--ast-global-color-5)","background-image":"","background-repeat":"repeat","background-position":"center center","background-size":"auto","background-attachment":"scroll","background-type":"","background-media":"","overlay-type":"","overlay-color":"","overlay-opacity":"","overlay-gradient":""},"tablet":{"background-color":"var(--ast-global-color-5)","background-image":"","background-repeat":"repeat","background-position":"center center","background-size":"auto","background-attachment":"scroll","background-type":"","background-media":"","overlay-type":"","overlay-color":"","overlay-opacity":"","overlay-gradient":""},"mobile":{"background-color":"var(--ast-global-color-5)","background-image":"","background-repeat":"repeat","background-position":"center center","background-size":"auto","background-attachment":"scroll","background-type":"","background-media":"","overlay-type":"","overlay-color":"","overlay-opacity":"","overlay-gradient":""}},"footnotes":""},"class_list":["post-363","page","type-page","status-publish","has-post-thumbnail","hentry"],"acf":[],"yoast_head":"<!-- This site is optimized with the Yoast SEO plugin v25.3.1 - https:\/\/yoast.com\/wordpress\/plugins\/seo\/ -->\n<title>Sierra Leone - New African Masquerades<\/title>\n<meta name=\"robots\" content=\"noindex, follow, max-snippet:-1, max-image-preview:large, max-video-preview:-1\" \/>\n<meta property=\"og:locale\" content=\"fr_FR\" \/>\n<meta property=\"og:type\" content=\"article\" \/>\n<meta property=\"og:title\" content=\"Sierra Leone - New African Masquerades\" \/>\n<meta property=\"og:description\" content=\"\u201cFairy\u201d Masquerade Ensemble 2022Sheku \u201cGoldenfinger\u201d FofanahFabric, sequins, wood, paint, glue Commission for the Fitchburg Art Museum. Photo courtesy of the [&hellip;]\" \/>\n<meta property=\"og:url\" content=\"https:\/\/masquerades.noma.org\/fr\/masquerades-in-action\/sierra-leone\/\" \/>\n<meta property=\"og:site_name\" content=\"New African Masquerades\" \/>\n<meta property=\"article:modified_time\" content=\"2025-07-25T15:11:35+00:00\" \/>\n<meta property=\"og:image\" content=\"https:\/\/masquerades.noma.org\/wp-content\/uploads\/2025\/04\/NMN-2025-7-v030_web.jpg\" \/>\n\t<meta property=\"og:image:width\" content=\"1200\" \/>\n\t<meta property=\"og:image:height\" content=\"1600\" \/>\n\t<meta property=\"og:image:type\" content=\"image\/jpeg\" \/>\n<meta name=\"twitter:card\" content=\"summary_large_image\" \/>\n<meta name=\"twitter:label1\" content=\"Dur\u00e9e de lecture estim\u00e9e\" \/>\n\t<meta name=\"twitter:data1\" content=\"2 minutes\" \/>\n<script type=\"application\/ld+json\" class=\"yoast-schema-graph\">{\"@context\":\"https:\/\/schema.org\",\"@graph\":[{\"@type\":\"WebPage\",\"@id\":\"https:\/\/masquerades.noma.org\/masquerades-in-action\/sierra-leone\/\",\"url\":\"https:\/\/masquerades.noma.org\/masquerades-in-action\/sierra-leone\/\",\"name\":\"Sierra Leone - New African Masquerades\",\"isPartOf\":{\"@id\":\"https:\/\/masquerades.noma.org\/#website\"},\"primaryImageOfPage\":{\"@id\":\"https:\/\/masquerades.noma.org\/masquerades-in-action\/sierra-leone\/#primaryimage\"},\"image\":{\"@id\":\"https:\/\/masquerades.noma.org\/masquerades-in-action\/sierra-leone\/#primaryimage\"},\"thumbnailUrl\":\"https:\/\/masquerades.noma.org\/wp-content\/uploads\/2025\/04\/NMN-2025-7-v030_web.jpg\",\"datePublished\":\"2024-10-22T20:07:51+00:00\",\"dateModified\":\"2025-07-25T15:11:35+00:00\",\"breadcrumb\":{\"@id\":\"https:\/\/masquerades.noma.org\/masquerades-in-action\/sierra-leone\/#breadcrumb\"},\"inLanguage\":\"fr-FR\",\"potentialAction\":[{\"@type\":\"ReadAction\",\"target\":[\"https:\/\/masquerades.noma.org\/masquerades-in-action\/sierra-leone\/\"]}]},{\"@type\":\"ImageObject\",\"inLanguage\":\"fr-FR\",\"@id\":\"https:\/\/masquerades.noma.org\/masquerades-in-action\/sierra-leone\/#primaryimage\",\"url\":\"https:\/\/masquerades.noma.org\/wp-content\/uploads\/2025\/04\/NMN-2025-7-v030_web.jpg\",\"contentUrl\":\"https:\/\/masquerades.noma.org\/wp-content\/uploads\/2025\/04\/NMN-2025-7-v030_web.jpg\",\"width\":1200,\"height\":1600,\"caption\":\"Sheku \u201cGoldenfinger\u201d Fofanah, Sierra Leonean (active in Freetown), \u201cFairy\u201d Masquerade Ensemble, 2022. Fabric, sequins, wood, paint, glue: life-size. Commission for the Fitchburg Art Museum. Photo courtesy of the New Orleans Museum of Art.\"},{\"@type\":\"BreadcrumbList\",\"@id\":\"https:\/\/masquerades.noma.org\/masquerades-in-action\/sierra-leone\/#breadcrumb\",\"itemListElement\":[{\"@type\":\"ListItem\",\"position\":1,\"name\":\"Home\",\"item\":\"https:\/\/masquerades.noma.org\/\"},{\"@type\":\"ListItem\",\"position\":2,\"name\":\"Masquerades Ensembles\",\"item\":\"https:\/\/masquerades.noma.org\/masquerades-in-action\/\"},{\"@type\":\"ListItem\",\"position\":3,\"name\":\"Sierra Leone\"}]},{\"@type\":\"WebSite\",\"@id\":\"https:\/\/masquerades.noma.org\/#website\",\"url\":\"https:\/\/masquerades.noma.org\/\",\"name\":\"New Masks Now\",\"description\":\"Artistic Innovations and Collaborations\",\"publisher\":{\"@id\":\"https:\/\/masquerades.noma.org\/#organization\"},\"potentialAction\":[{\"@type\":\"SearchAction\",\"target\":{\"@type\":\"EntryPoint\",\"urlTemplate\":\"https:\/\/masquerades.noma.org\/?s={search_term_string}\"},\"query-input\":{\"@type\":\"PropertyValueSpecification\",\"valueRequired\":true,\"valueName\":\"search_term_string\"}}],\"inLanguage\":\"fr-FR\"},{\"@type\":\"Organization\",\"@id\":\"https:\/\/masquerades.noma.org\/#organization\",\"name\":\"New Orleans Museum of Art\",\"url\":\"https:\/\/masquerades.noma.org\/\",\"logo\":{\"@type\":\"ImageObject\",\"inLanguage\":\"fr-FR\",\"@id\":\"https:\/\/masquerades.noma.org\/#\/schema\/logo\/image\/\",\"url\":\"https:\/\/masquerades.noma.org\/wp-content\/uploads\/2023\/11\/nmn-banner.jpg\",\"contentUrl\":\"https:\/\/masquerades.noma.org\/wp-content\/uploads\/2023\/11\/nmn-banner.jpg\",\"width\":900,\"height\":295,\"caption\":\"New Orleans Museum of Art\"},\"image\":{\"@id\":\"https:\/\/masquerades.noma.org\/#\/schema\/logo\/image\/\"}}]}<\/script>\n<!-- \/ Yoast SEO plugin. -->","yoast_head_json":{"title":"Sierra Leone - New African Masquerades","robots":{"index":"noindex","follow":"follow","max-snippet":"max-snippet:-1","max-image-preview":"max-image-preview:large","max-video-preview":"max-video-preview:-1"},"og_locale":"fr_FR","og_type":"article","og_title":"Sierra Leone - New African Masquerades","og_description":"\u201cFairy\u201d Masquerade Ensemble 2022Sheku \u201cGoldenfinger\u201d FofanahFabric, sequins, wood, paint, glue Commission for the Fitchburg Art Museum. Photo courtesy of the [&hellip;]","og_url":"https:\/\/masquerades.noma.org\/fr\/masquerades-in-action\/sierra-leone\/","og_site_name":"New African Masquerades","article_modified_time":"2025-07-25T15:11:35+00:00","og_image":[{"width":1200,"height":1600,"url":"https:\/\/masquerades.noma.org\/wp-content\/uploads\/2025\/04\/NMN-2025-7-v030_web.jpg","type":"image\/jpeg"}],"twitter_card":"summary_large_image","twitter_misc":{"Dur\u00e9e de lecture estim\u00e9e":"2 minutes"},"schema":{"@context":"https:\/\/schema.org","@graph":[{"@type":"WebPage","@id":"https:\/\/masquerades.noma.org\/masquerades-in-action\/sierra-leone\/","url":"https:\/\/masquerades.noma.org\/masquerades-in-action\/sierra-leone\/","name":"Sierra Leone - New African Masquerades","isPartOf":{"@id":"https:\/\/masquerades.noma.org\/#website"},"primaryImageOfPage":{"@id":"https:\/\/masquerades.noma.org\/masquerades-in-action\/sierra-leone\/#primaryimage"},"image":{"@id":"https:\/\/masquerades.noma.org\/masquerades-in-action\/sierra-leone\/#primaryimage"},"thumbnailUrl":"https:\/\/masquerades.noma.org\/wp-content\/uploads\/2025\/04\/NMN-2025-7-v030_web.jpg","datePublished":"2024-10-22T20:07:51+00:00","dateModified":"2025-07-25T15:11:35+00:00","breadcrumb":{"@id":"https:\/\/masquerades.noma.org\/masquerades-in-action\/sierra-leone\/#breadcrumb"},"inLanguage":"fr-FR","potentialAction":[{"@type":"ReadAction","target":["https:\/\/masquerades.noma.org\/masquerades-in-action\/sierra-leone\/"]}]},{"@type":"ImageObject","inLanguage":"fr-FR","@id":"https:\/\/masquerades.noma.org\/masquerades-in-action\/sierra-leone\/#primaryimage","url":"https:\/\/masquerades.noma.org\/wp-content\/uploads\/2025\/04\/NMN-2025-7-v030_web.jpg","contentUrl":"https:\/\/masquerades.noma.org\/wp-content\/uploads\/2025\/04\/NMN-2025-7-v030_web.jpg","width":1200,"height":1600,"caption":"Sheku \u201cGoldenfinger\u201d Fofanah, Sierra Leonean (active in Freetown), \u201cFairy\u201d Masquerade Ensemble, 2022. Fabric, sequins, wood, paint, glue: life-size. Commission for the Fitchburg Art Museum. Photo courtesy of the New Orleans Museum of Art."},{"@type":"BreadcrumbList","@id":"https:\/\/masquerades.noma.org\/masquerades-in-action\/sierra-leone\/#breadcrumb","itemListElement":[{"@type":"ListItem","position":1,"name":"Home","item":"https:\/\/masquerades.noma.org\/"},{"@type":"ListItem","position":2,"name":"Masquerades Ensembles","item":"https:\/\/masquerades.noma.org\/masquerades-in-action\/"},{"@type":"ListItem","position":3,"name":"Sierra Leone"}]},{"@type":"WebSite","@id":"https:\/\/masquerades.noma.org\/#website","url":"https:\/\/masquerades.noma.org\/","name":"New Masks Now","description":"Artistic Innovations and Collaborations","publisher":{"@id":"https:\/\/masquerades.noma.org\/#organization"},"potentialAction":[{"@type":"SearchAction","target":{"@type":"EntryPoint","urlTemplate":"https:\/\/masquerades.noma.org\/?s={search_term_string}"},"query-input":{"@type":"PropertyValueSpecification","valueRequired":true,"valueName":"search_term_string"}}],"inLanguage":"fr-FR"},{"@type":"Organization","@id":"https:\/\/masquerades.noma.org\/#organization","name":"New Orleans Museum of Art","url":"https:\/\/masquerades.noma.org\/","logo":{"@type":"ImageObject","inLanguage":"fr-FR","@id":"https:\/\/masquerades.noma.org\/#\/schema\/logo\/image\/","url":"https:\/\/masquerades.noma.org\/wp-content\/uploads\/2023\/11\/nmn-banner.jpg","contentUrl":"https:\/\/masquerades.noma.org\/wp-content\/uploads\/2023\/11\/nmn-banner.jpg","width":900,"height":295,"caption":"New Orleans Museum of Art"},"image":{"@id":"https:\/\/masquerades.noma.org\/#\/schema\/logo\/image\/"}}]}},"_links":{"self":[{"href":"https:\/\/masquerades.noma.org\/fr\/wp-json\/wp\/v2\/pages\/363","targetHints":{"allow":["GET"]}}],"collection":[{"href":"https:\/\/masquerades.noma.org\/fr\/wp-json\/wp\/v2\/pages"}],"about":[{"href":"https:\/\/masquerades.noma.org\/fr\/wp-json\/wp\/v2\/types\/page"}],"author":[{"embeddable":true,"href":"https:\/\/masquerades.noma.org\/fr\/wp-json\/wp\/v2\/users\/1"}],"replies":[{"embeddable":true,"href":"https:\/\/masquerades.noma.org\/fr\/wp-json\/wp\/v2\/comments?post=363"}],"version-history":[{"count":11,"href":"https:\/\/masquerades.noma.org\/fr\/wp-json\/wp\/v2\/pages\/363\/revisions"}],"predecessor-version":[{"id":1111,"href":"https:\/\/masquerades.noma.org\/fr\/wp-json\/wp\/v2\/pages\/363\/revisions\/1111"}],"up":[{"embeddable":true,"href":"https:\/\/masquerades.noma.org\/fr\/wp-json\/wp\/v2\/pages\/341"}],"wp:featuredmedia":[{"embeddable":true,"href":"https:\/\/masquerades.noma.org\/fr\/wp-json\/wp\/v2\/media\/752"}],"wp:attachment":[{"href":"https:\/\/masquerades.noma.org\/fr\/wp-json\/wp\/v2\/media?parent=363"}],"curies":[{"name":"wp","href":"https:\/\/api.w.org\/{rel}","templated":true}]}}