{"id":427,"date":"2024-10-29T12:17:38","date_gmt":"2024-10-29T17:17:38","guid":{"rendered":"https:\/\/masquerades.noma.org\/?page_id=427"},"modified":"2025-07-21T12:10:16","modified_gmt":"2025-07-21T17:10:16","slug":"what-is-masquerade","status":"publish","type":"page","link":"https:\/\/masquerades.noma.org\/fr\/exhibition-themes\/what-is-masquerade\/","title":{"rendered":"Qu'est-ce que Masquerade ?"},"content":{"rendered":"<div style=\"height:55vh\" aria-hidden=\"true\" class=\"wp-block-spacer\"><\/div>\n\n\n\n<div class=\"wp-block-columns alignfull is-layout-flex wp-container-core-columns-is-layout-28f84493 wp-block-columns-is-layout-flex\">\n<div class=\"wp-block-column is-layout-flow wp-block-column-is-layout-flow\">\n<div class=\"wp-block-group has-background is-layout-constrained wp-container-core-group-is-layout-f611be13 wp-block-group-is-layout-constrained\" style=\"background-color:#121212e0;padding-top:var(--wp--preset--spacing--50);padding-right:var(--wp--preset--spacing--50);padding-bottom:var(--wp--preset--spacing--50);padding-left:var(--wp--preset--spacing--50)\">\n<h2 class=\"wp-block-heading\">Qu'est-ce que Masquerade ?<\/h2>\n\n\n\n<p>Tout comme la plupart des formes d'art, le carnaval en Afrique de l'Ouest d\u00e9fie toute d\u00e9finition universelle et est par nature une pratique vivante et \u00e9volutive.<\/p>\n\n\n\n<p>D'une mani\u00e8re g\u00e9n\u00e9rale, les mascarades pr\u00e9sent\u00e9es ici sont des reflets tridimensionnels de concepts ou d'id\u00e9es qui sont pr\u00e9sent\u00e9s lors d'\u00e9v\u00e9nements publics ou priv\u00e9s auxquels participent des \u00eatres humains, et parfois des esprits, afin de cr\u00e9er des liens entre eux.<\/p>\n\n\n\n<p>Les occasions de mascarade varient, et les \u0153uvres peuvent exprimer une solidarit\u00e9 politique, c\u00e9l\u00e9brer des personnalit\u00e9s ou des f\u00eates, rechercher une guidance spirituelle ou ancestrale, revitaliser les liens communautaires, \u00e9duquer aux devoirs civiques ou critiquer la soci\u00e9t\u00e9. Les repr\u00e9sentations sont souvent th\u00e9\u00e2trales et dramatiques, et comprennent presque toujours des chor\u00e9graphies et des gestes, de la danse et de la musique, la participation du public, ainsi que des repas et des boissons partag\u00e9s. Les artistes et les interpr\u00e8tes qui mettent en sc\u00e8ne les mascarades sont des professionnels hautement qualifi\u00e9s, honor\u00e9s pour leur art.<\/p>\n\n\n\n<p><strong>Le bal masqu\u00e9 est dynamique, refl\u00e9tant la beaut\u00e9, les exp\u00e9riences et la pluralit\u00e9 de l'humanit\u00e9 elle-m\u00eame.<\/strong><\/p>\n\n\n\n<figure class=\"wp-block-image aligncenter size-full is-resized\"><img loading=\"lazy\" decoding=\"async\" width=\"768\" height=\"157\" src=\"https:\/\/masquerades.noma.org\/wp-content\/uploads\/2025\/07\/blocks-768x157-2.png\" alt=\"\" class=\"wp-image-1097\" style=\"width:244px\" srcset=\"https:\/\/masquerades.noma.org\/wp-content\/uploads\/2025\/07\/blocks-768x157-2.png 768w, https:\/\/masquerades.noma.org\/wp-content\/uploads\/2025\/07\/blocks-768x157-2-300x61.png 300w, https:\/\/masquerades.noma.org\/wp-content\/uploads\/2025\/07\/blocks-768x157-2-18x4.png 18w\" sizes=\"auto, (max-width: 768px) 100vw, 768px\" \/><\/figure>\n\n\n\n<div style=\"height:16px\" aria-hidden=\"true\" class=\"wp-block-spacer\"><\/div>\n\n\n\n<div class=\"wp-block-buttons is-layout-flex wp-block-buttons-is-layout-flex\">\n<div class=\"wp-block-button\"><a class=\"wp-block-button__link wp-element-button\" href=\"https:\/\/masquerades.noma.org\/fr\/exhibition-themes\/collaboration\/\">th\u00e8mes de l'exposition<\/a><\/div>\n\n\n\n<div class=\"wp-block-button\"><a class=\"wp-block-button__link wp-element-button\" href=\"https:\/\/masquerades.noma.org\/fr\/meet-the-artists\/herve-youmbi\/\">Rencontrez les Artistes<\/a><\/div>\n<\/div>\n<\/div>\n<\/div>\n\n\n\n<div class=\"wp-block-column is-layout-flow wp-block-column-is-layout-flow\"><\/div>\n<\/div>","protected":false},"excerpt":{"rendered":"<p>What is Masquerade? Not unlike most forms of art, masquerade in West Africa defies universal definition and it is by [&hellip;]<\/p>","protected":false},"author":1,"featured_media":459,"parent":426,"menu_order":0,"comment_status":"closed","ping_status":"closed","template":"","meta":{"_acf_changed":false,"site-sidebar-layout":"default","site-content-layout":"","ast-site-content-layout":"","site-content-style":"default","site-sidebar-style":"default","ast-global-header-display":"","ast-banner-title-visibility":"","ast-main-header-display":"","ast-hfb-above-header-display":"","ast-hfb-below-header-display":"","ast-hfb-mobile-header-display":"","site-post-title":"","ast-breadcrumbs-content":"","ast-featured-img":"","footer-sml-layout":"","theme-transparent-header-meta":"","adv-header-id-meta":"","stick-header-meta":"","header-above-stick-meta":"","header-main-stick-meta":"","header-below-stick-meta":"","astra-migrate-meta-layouts":"default","ast-page-background-enabled":"default","ast-page-background-meta":{"desktop":{"background-color":"var(--ast-global-color-4)","background-image":"","background-repeat":"repeat","background-position":"center center","background-size":"auto","background-attachment":"scroll","background-type":"","background-media":"","overlay-type":"","overlay-color":"","overlay-opacity":"","overlay-gradient":""},"tablet":{"background-color":"","background-image":"","background-repeat":"repeat","background-position":"center center","background-size":"auto","background-attachment":"scroll","background-type":"","background-media":"","overlay-type":"","overlay-color":"","overlay-opacity":"","overlay-gradient":""},"mobile":{"background-color":"","background-image":"","background-repeat":"repeat","background-position":"center center","background-size":"auto","background-attachment":"scroll","background-type":"","background-media":"","overlay-type":"","overlay-color":"","overlay-opacity":"","overlay-gradient":""}},"ast-content-background-meta":{"desktop":{"background-color":"var(--ast-global-color-5)","background-image":"","background-repeat":"repeat","background-position":"center center","background-size":"auto","background-attachment":"scroll","background-type":"","background-media":"","overlay-type":"","overlay-color":"","overlay-opacity":"","overlay-gradient":""},"tablet":{"background-color":"var(--ast-global-color-5)","background-image":"","background-repeat":"repeat","background-position":"center center","background-size":"auto","background-attachment":"scroll","background-type":"","background-media":"","overlay-type":"","overlay-color":"","overlay-opacity":"","overlay-gradient":""},"mobile":{"background-color":"var(--ast-global-color-5)","background-image":"","background-repeat":"repeat","background-position":"center center","background-size":"auto","background-attachment":"scroll","background-type":"","background-media":"","overlay-type":"","overlay-color":"","overlay-opacity":"","overlay-gradient":""}},"footnotes":""},"class_list":["post-427","page","type-page","status-publish","has-post-thumbnail","hentry"],"acf":[],"yoast_head":"<!-- This site is optimized with the Yoast SEO plugin v25.3.1 - https:\/\/yoast.com\/wordpress\/plugins\/seo\/ -->\n<title>What is Masquerade? - New African Masquerades<\/title>\n<meta name=\"robots\" content=\"noindex, follow, max-snippet:-1, max-image-preview:large, max-video-preview:-1\" \/>\n<meta property=\"og:locale\" content=\"fr_FR\" \/>\n<meta property=\"og:type\" content=\"article\" \/>\n<meta property=\"og:title\" content=\"What is Masquerade? - New African Masquerades\" \/>\n<meta property=\"og:description\" content=\"What is Masquerade? Not unlike most forms of art, masquerade in West Africa defies universal definition and it is by [&hellip;]\" \/>\n<meta property=\"og:url\" content=\"https:\/\/masquerades.noma.org\/fr\/exhibition-themes\/what-is-masquerade\/\" \/>\n<meta property=\"og:site_name\" content=\"New African Masquerades\" \/>\n<meta property=\"article:modified_time\" content=\"2025-07-21T17:10:16+00:00\" \/>\n<meta property=\"og:image\" content=\"https:\/\/masquerades.noma.org\/wp-content\/uploads\/2024\/10\/noma-migrate-checklist_Page_32_Image_0001.jpg\" \/>\n\t<meta property=\"og:image:width\" content=\"975\" \/>\n\t<meta property=\"og:image:height\" content=\"729\" \/>\n\t<meta property=\"og:image:type\" content=\"image\/jpeg\" \/>\n<meta name=\"twitter:card\" content=\"summary_large_image\" \/>\n<meta name=\"twitter:label1\" content=\"Dur\u00e9e de lecture estim\u00e9e\" \/>\n\t<meta name=\"twitter:data1\" content=\"2 minutes\" \/>\n<script type=\"application\/ld+json\" class=\"yoast-schema-graph\">{\"@context\":\"https:\/\/schema.org\",\"@graph\":[{\"@type\":\"WebPage\",\"@id\":\"https:\/\/masquerades.noma.org\/exhibition-themes\/what-is-masquerade\/\",\"url\":\"https:\/\/masquerades.noma.org\/exhibition-themes\/what-is-masquerade\/\",\"name\":\"What is Masquerade? - New African Masquerades\",\"isPartOf\":{\"@id\":\"https:\/\/masquerades.noma.org\/#website\"},\"primaryImageOfPage\":{\"@id\":\"https:\/\/masquerades.noma.org\/exhibition-themes\/what-is-masquerade\/#primaryimage\"},\"image\":{\"@id\":\"https:\/\/masquerades.noma.org\/exhibition-themes\/what-is-masquerade\/#primaryimage\"},\"thumbnailUrl\":\"https:\/\/masquerades.noma.org\/wp-content\/uploads\/2024\/10\/noma-migrate-checklist_Page_32_Image_0001.jpg\",\"datePublished\":\"2024-10-29T17:17:38+00:00\",\"dateModified\":\"2025-07-21T17:10:16+00:00\",\"breadcrumb\":{\"@id\":\"https:\/\/masquerades.noma.org\/exhibition-themes\/what-is-masquerade\/#breadcrumb\"},\"inLanguage\":\"fr-FR\",\"potentialAction\":[{\"@type\":\"ReadAction\",\"target\":[\"https:\/\/masquerades.noma.org\/exhibition-themes\/what-is-masquerade\/\"]}]},{\"@type\":\"ImageObject\",\"inLanguage\":\"fr-FR\",\"@id\":\"https:\/\/masquerades.noma.org\/exhibition-themes\/what-is-masquerade\/#primaryimage\",\"url\":\"https:\/\/masquerades.noma.org\/wp-content\/uploads\/2024\/10\/noma-migrate-checklist_Page_32_Image_0001.jpg\",\"contentUrl\":\"https:\/\/masquerades.noma.org\/wp-content\/uploads\/2024\/10\/noma-migrate-checklist_Page_32_Image_0001.jpg\",\"width\":975,\"height\":729},{\"@type\":\"BreadcrumbList\",\"@id\":\"https:\/\/masquerades.noma.org\/exhibition-themes\/what-is-masquerade\/#breadcrumb\",\"itemListElement\":[{\"@type\":\"ListItem\",\"position\":1,\"name\":\"Home\",\"item\":\"https:\/\/masquerades.noma.org\/\"},{\"@type\":\"ListItem\",\"position\":2,\"name\":\"Exhibition Themes\",\"item\":\"https:\/\/masquerades.noma.org\/exhibition-themes\/\"},{\"@type\":\"ListItem\",\"position\":3,\"name\":\"What is Masquerade?\"}]},{\"@type\":\"WebSite\",\"@id\":\"https:\/\/masquerades.noma.org\/#website\",\"url\":\"https:\/\/masquerades.noma.org\/\",\"name\":\"New Masks Now\",\"description\":\"Artistic Innovations and Collaborations\",\"publisher\":{\"@id\":\"https:\/\/masquerades.noma.org\/#organization\"},\"potentialAction\":[{\"@type\":\"SearchAction\",\"target\":{\"@type\":\"EntryPoint\",\"urlTemplate\":\"https:\/\/masquerades.noma.org\/?s={search_term_string}\"},\"query-input\":{\"@type\":\"PropertyValueSpecification\",\"valueRequired\":true,\"valueName\":\"search_term_string\"}}],\"inLanguage\":\"fr-FR\"},{\"@type\":\"Organization\",\"@id\":\"https:\/\/masquerades.noma.org\/#organization\",\"name\":\"New Orleans Museum of Art\",\"url\":\"https:\/\/masquerades.noma.org\/\",\"logo\":{\"@type\":\"ImageObject\",\"inLanguage\":\"fr-FR\",\"@id\":\"https:\/\/masquerades.noma.org\/#\/schema\/logo\/image\/\",\"url\":\"https:\/\/masquerades.noma.org\/wp-content\/uploads\/2023\/11\/nmn-banner.jpg\",\"contentUrl\":\"https:\/\/masquerades.noma.org\/wp-content\/uploads\/2023\/11\/nmn-banner.jpg\",\"width\":900,\"height\":295,\"caption\":\"New Orleans Museum of Art\"},\"image\":{\"@id\":\"https:\/\/masquerades.noma.org\/#\/schema\/logo\/image\/\"}}]}<\/script>\n<!-- \/ Yoast SEO plugin. -->","yoast_head_json":{"title":"What is Masquerade? - New African Masquerades","robots":{"index":"noindex","follow":"follow","max-snippet":"max-snippet:-1","max-image-preview":"max-image-preview:large","max-video-preview":"max-video-preview:-1"},"og_locale":"fr_FR","og_type":"article","og_title":"What is Masquerade? - New African Masquerades","og_description":"What is Masquerade? Not unlike most forms of art, masquerade in West Africa defies universal definition and it is by [&hellip;]","og_url":"https:\/\/masquerades.noma.org\/fr\/exhibition-themes\/what-is-masquerade\/","og_site_name":"New African Masquerades","article_modified_time":"2025-07-21T17:10:16+00:00","og_image":[{"width":975,"height":729,"url":"https:\/\/masquerades.noma.org\/wp-content\/uploads\/2024\/10\/noma-migrate-checklist_Page_32_Image_0001.jpg","type":"image\/jpeg"}],"twitter_card":"summary_large_image","twitter_misc":{"Dur\u00e9e de lecture estim\u00e9e":"2 minutes"},"schema":{"@context":"https:\/\/schema.org","@graph":[{"@type":"WebPage","@id":"https:\/\/masquerades.noma.org\/exhibition-themes\/what-is-masquerade\/","url":"https:\/\/masquerades.noma.org\/exhibition-themes\/what-is-masquerade\/","name":"What is Masquerade? - New African Masquerades","isPartOf":{"@id":"https:\/\/masquerades.noma.org\/#website"},"primaryImageOfPage":{"@id":"https:\/\/masquerades.noma.org\/exhibition-themes\/what-is-masquerade\/#primaryimage"},"image":{"@id":"https:\/\/masquerades.noma.org\/exhibition-themes\/what-is-masquerade\/#primaryimage"},"thumbnailUrl":"https:\/\/masquerades.noma.org\/wp-content\/uploads\/2024\/10\/noma-migrate-checklist_Page_32_Image_0001.jpg","datePublished":"2024-10-29T17:17:38+00:00","dateModified":"2025-07-21T17:10:16+00:00","breadcrumb":{"@id":"https:\/\/masquerades.noma.org\/exhibition-themes\/what-is-masquerade\/#breadcrumb"},"inLanguage":"fr-FR","potentialAction":[{"@type":"ReadAction","target":["https:\/\/masquerades.noma.org\/exhibition-themes\/what-is-masquerade\/"]}]},{"@type":"ImageObject","inLanguage":"fr-FR","@id":"https:\/\/masquerades.noma.org\/exhibition-themes\/what-is-masquerade\/#primaryimage","url":"https:\/\/masquerades.noma.org\/wp-content\/uploads\/2024\/10\/noma-migrate-checklist_Page_32_Image_0001.jpg","contentUrl":"https:\/\/masquerades.noma.org\/wp-content\/uploads\/2024\/10\/noma-migrate-checklist_Page_32_Image_0001.jpg","width":975,"height":729},{"@type":"BreadcrumbList","@id":"https:\/\/masquerades.noma.org\/exhibition-themes\/what-is-masquerade\/#breadcrumb","itemListElement":[{"@type":"ListItem","position":1,"name":"Home","item":"https:\/\/masquerades.noma.org\/"},{"@type":"ListItem","position":2,"name":"Exhibition Themes","item":"https:\/\/masquerades.noma.org\/exhibition-themes\/"},{"@type":"ListItem","position":3,"name":"What is Masquerade?"}]},{"@type":"WebSite","@id":"https:\/\/masquerades.noma.org\/#website","url":"https:\/\/masquerades.noma.org\/","name":"New Masks Now","description":"Artistic Innovations and Collaborations","publisher":{"@id":"https:\/\/masquerades.noma.org\/#organization"},"potentialAction":[{"@type":"SearchAction","target":{"@type":"EntryPoint","urlTemplate":"https:\/\/masquerades.noma.org\/?s={search_term_string}"},"query-input":{"@type":"PropertyValueSpecification","valueRequired":true,"valueName":"search_term_string"}}],"inLanguage":"fr-FR"},{"@type":"Organization","@id":"https:\/\/masquerades.noma.org\/#organization","name":"New Orleans Museum of Art","url":"https:\/\/masquerades.noma.org\/","logo":{"@type":"ImageObject","inLanguage":"fr-FR","@id":"https:\/\/masquerades.noma.org\/#\/schema\/logo\/image\/","url":"https:\/\/masquerades.noma.org\/wp-content\/uploads\/2023\/11\/nmn-banner.jpg","contentUrl":"https:\/\/masquerades.noma.org\/wp-content\/uploads\/2023\/11\/nmn-banner.jpg","width":900,"height":295,"caption":"New Orleans Museum of Art"},"image":{"@id":"https:\/\/masquerades.noma.org\/#\/schema\/logo\/image\/"}}]}},"_links":{"self":[{"href":"https:\/\/masquerades.noma.org\/fr\/wp-json\/wp\/v2\/pages\/427","targetHints":{"allow":["GET"]}}],"collection":[{"href":"https:\/\/masquerades.noma.org\/fr\/wp-json\/wp\/v2\/pages"}],"about":[{"href":"https:\/\/masquerades.noma.org\/fr\/wp-json\/wp\/v2\/types\/page"}],"author":[{"embeddable":true,"href":"https:\/\/masquerades.noma.org\/fr\/wp-json\/wp\/v2\/users\/1"}],"replies":[{"embeddable":true,"href":"https:\/\/masquerades.noma.org\/fr\/wp-json\/wp\/v2\/comments?post=427"}],"version-history":[{"count":26,"href":"https:\/\/masquerades.noma.org\/fr\/wp-json\/wp\/v2\/pages\/427\/revisions"}],"predecessor-version":[{"id":1102,"href":"https:\/\/masquerades.noma.org\/fr\/wp-json\/wp\/v2\/pages\/427\/revisions\/1102"}],"up":[{"embeddable":true,"href":"https:\/\/masquerades.noma.org\/fr\/wp-json\/wp\/v2\/pages\/426"}],"wp:featuredmedia":[{"embeddable":true,"href":"https:\/\/masquerades.noma.org\/fr\/wp-json\/wp\/v2\/media\/459"}],"wp:attachment":[{"href":"https:\/\/masquerades.noma.org\/fr\/wp-json\/wp\/v2\/media?parent=427"}],"curies":[{"name":"wp","href":"https:\/\/api.w.org\/{rel}","templated":true}]}}