{"id":428,"date":"2024-10-29T12:17:38","date_gmt":"2024-10-29T17:17:38","guid":{"rendered":"https:\/\/masquerades.noma.org\/?page_id=428"},"modified":"2025-07-09T11:21:54","modified_gmt":"2025-07-09T16:21:54","slug":"collaboration","status":"publish","type":"page","link":"https:\/\/masquerades.noma.org\/fr\/exhibition-themes\/collaboration\/","title":{"rendered":"Collaboration"},"content":{"rendered":"<div class=\"wp-block-columns alignwide mobile-reverse is-layout-flex wp-container-core-columns-is-layout-28f84493 wp-block-columns-is-layout-flex\">\n<div class=\"wp-block-column is-layout-flow wp-block-column-is-layout-flow\">\n<figure class=\"wp-block-image aligncenter size-full is-resized\"><img loading=\"lazy\" decoding=\"async\" width=\"166\" height=\"167\" src=\"https:\/\/masquerades.noma.org\/wp-content\/uploads\/2025\/06\/BB4.png\" alt=\"\" class=\"wp-image-884\" style=\"width:56px\" srcset=\"https:\/\/masquerades.noma.org\/wp-content\/uploads\/2025\/06\/BB4.png 166w, https:\/\/masquerades.noma.org\/wp-content\/uploads\/2025\/06\/BB4-150x150.png 150w, https:\/\/masquerades.noma.org\/wp-content\/uploads\/2025\/06\/BB4-12x12.png 12w\" sizes=\"auto, (max-width: 166px) 100vw, 166px\" \/><\/figure>\n\n\n\n<h2 class=\"wp-block-heading\">Herv\u00e9 Youmbi : Des artistes Commandent des \u0153uvres \u00e0 d'autres Artistes<\/h2>\n\n\n\n<h3 class=\"wp-block-heading\">Collaborations: Cameroun<\/h3>\n\n\n\n<p><br>Cette exposition met \u00e0 l'honneur et c\u00e9l\u00e8bre des artistes masqu\u00e9s individuels largement reconnus. Pourtant, les masques sont souvent cr\u00e9\u00e9s de mani\u00e8re collaborative. Dans cette installation multim\u00e9dia, l'artiste et co-commissaire Herv\u00e9 Youmbi a travaill\u00e9 avec le sculpteur Alassane Mfouapon, le tailleur Kingsley Ngwa, les perleuses Nadine Chewo et Marie Kouam, les perruquiers Fr\u00e9d\u00e9ric Feudjeueck et David Kengn\u00e9, ainsi que des membres des soci\u00e9t\u00e9s de masques Tso et Ku'ngang (dont son ami de longue date et artiste Herv\u00e9 Yamguen) pour cr\u00e9er des masques hybrides qui m\u00e9langent la culture pop et les styles de masques traditionnels.<\/p>\n\n\n\n<p>La collaboration se manifeste \u00e9galement dans la mani\u00e8re dont les masques de Youmbi circulent entre le monde artistique international et l'univers rituel des performances dans les Grassfields camerounais, et plus r\u00e9cemment au S\u00e9n\u00e9gal, l'artiste collectant la documentation de chaque \u00e9change transactionnel. Le travail de Youmbi rappelle subtilement aux spectateurs la nature fugitive du sens, chaque nouveau contexte ajoutant de la beaut\u00e9 \u2013 et de la valeur \u2013 \u00e0 l'histoire d'un objet.<\/p>\n\n\n\n<p>L'artiste s'interroge \u00e9galement sur les limites de la conservation et de la cr\u00e9ation de connaissances, pr\u00e9figurant l'int\u00e9r\u00eat croissant pour la transparence des mus\u00e9es et les restitutions : <em>Quel a \u00e9t\u00e9 l'impact du d\u00e9placement des objets africains sur ces derniers ? Comment le fait de mettre en avant la vie sociale active et continue des objets, ainsi que les mains humaines n\u00e9cessaires \u00e0 leur fonctionnement, peut-il transcender les fronti\u00e8res culturelles des mus\u00e9es eux-m\u00eames ?<\/em><\/p>\n\n\n\n<div class=\"wp-block-buttons is-layout-flex wp-block-buttons-is-layout-flex\">\n<div class=\"wp-block-button\"><a class=\"wp-block-button__link wp-element-button\" href=\"https:\/\/masquerades.noma.org\/fr\/exhibition-themes\/economics\/\">Th\u00e8me de la prochaine exposition<\/a><\/div>\n\n\n\n<div class=\"wp-block-button\"><a class=\"wp-block-button__link wp-element-button\" href=\"https:\/\/masquerades.noma.org\/fr\/meet-the-artists\/herve-youmbi\/\">D\u00e9couvrez Herv\u00e9 Youmbi<\/a><\/div>\n\n\n\n<div class=\"wp-block-button\"><a class=\"wp-block-button__link wp-element-button\" href=\"https:\/\/masquerades.noma.org\/fr\/masquerades-in-action\/cameroon\/\">Voir la galerie Cameroun<\/a><\/div>\n<\/div>\n<\/div>\n\n\n\n<div class=\"wp-block-column is-layout-flow wp-block-column-is-layout-flow\">\n<figure class=\"wp-block-image size-full max-width-half-page\"><img loading=\"lazy\" decoding=\"async\" width=\"605\" height=\"907\" src=\"https:\/\/masquerades.noma.org\/wp-content\/uploads\/2024\/10\/Herve-Youmbi-mask.jpg\" alt=\"\" class=\"wp-image-489\" srcset=\"https:\/\/masquerades.noma.org\/wp-content\/uploads\/2024\/10\/Herve-Youmbi-mask.jpg 605w, https:\/\/masquerades.noma.org\/wp-content\/uploads\/2024\/10\/Herve-Youmbi-mask-200x300.jpg 200w, https:\/\/masquerades.noma.org\/wp-content\/uploads\/2024\/10\/Herve-Youmbi-mask-8x12.jpg 8w\" sizes=\"auto, (max-width: 605px) 100vw, 605px\" \/><figcaption class=\"wp-element-caption\"><br>Herv\u00e9 Youmbi (n\u00e9 en 1973), produit dans les ateliers d'Alassane Mfouapon (sculpteur), Fr\u00e9d\u00e9ric Feudjeueck (coiffeur) et Marie Kouam (perleuse). <br>R\u00e9gion Ouest, Cameroun Bamil\u00e9k\u00e9 <em>y\u00e9gu\u00e9<\/em> masque en forme de caisse Bamil\u00e9k\u00e9 <em>atwekang<\/em> Masque repr\u00e9sentant le personnage Ghostface.<br>Bois, cheveux, perles, cauris, pigments et tissu<br>2015 &#8211; 2017<\/figcaption><\/figure>\n<\/div>\n<\/div>","protected":false},"excerpt":{"rendered":"<p>Herv\u00e9 Youmbi: Artists Commissioning Artists Collaborations: Cameroon This exhibition privileges and celebrates individual masquerade artists who are widely acclaimed. Yet [&hellip;]<\/p>","protected":false},"author":1,"featured_media":489,"parent":426,"menu_order":1,"comment_status":"closed","ping_status":"closed","template":"","meta":{"_acf_changed":false,"site-sidebar-layout":"default","site-content-layout":"","ast-site-content-layout":"","site-content-style":"default","site-sidebar-style":"default","ast-global-header-display":"","ast-banner-title-visibility":"","ast-main-header-display":"","ast-hfb-above-header-display":"","ast-hfb-below-header-display":"","ast-hfb-mobile-header-display":"","site-post-title":"","ast-breadcrumbs-content":"","ast-featured-img":"","footer-sml-layout":"","theme-transparent-header-meta":"","adv-header-id-meta":"","stick-header-meta":"","header-above-stick-meta":"","header-main-stick-meta":"","header-below-stick-meta":"","astra-migrate-meta-layouts":"default","ast-page-background-enabled":"default","ast-page-background-meta":{"desktop":{"background-color":"var(--ast-global-color-4)","background-image":"","background-repeat":"repeat","background-position":"center center","background-size":"auto","background-attachment":"scroll","background-type":"","background-media":"","overlay-type":"","overlay-color":"","overlay-opacity":"","overlay-gradient":""},"tablet":{"background-color":"","background-image":"","background-repeat":"repeat","background-position":"center center","background-size":"auto","background-attachment":"scroll","background-type":"","background-media":"","overlay-type":"","overlay-color":"","overlay-opacity":"","overlay-gradient":""},"mobile":{"background-color":"","background-image":"","background-repeat":"repeat","background-position":"center center","background-size":"auto","background-attachment":"scroll","background-type":"","background-media":"","overlay-type":"","overlay-color":"","overlay-opacity":"","overlay-gradient":""}},"ast-content-background-meta":{"desktop":{"background-color":"var(--ast-global-color-5)","background-image":"","background-repeat":"repeat","background-position":"center center","background-size":"auto","background-attachment":"scroll","background-type":"","background-media":"","overlay-type":"","overlay-color":"","overlay-opacity":"","overlay-gradient":""},"tablet":{"background-color":"var(--ast-global-color-5)","background-image":"","background-repeat":"repeat","background-position":"center center","background-size":"auto","background-attachment":"scroll","background-type":"","background-media":"","overlay-type":"","overlay-color":"","overlay-opacity":"","overlay-gradient":""},"mobile":{"background-color":"var(--ast-global-color-5)","background-image":"","background-repeat":"repeat","background-position":"center center","background-size":"auto","background-attachment":"scroll","background-type":"","background-media":"","overlay-type":"","overlay-color":"","overlay-opacity":"","overlay-gradient":""}},"footnotes":""},"class_list":["post-428","page","type-page","status-publish","has-post-thumbnail","hentry"],"acf":[],"yoast_head":"<!-- This site is optimized with the Yoast SEO plugin v25.3.1 - https:\/\/yoast.com\/wordpress\/plugins\/seo\/ -->\n<title>Collaboration - New African Masquerades<\/title>\n<meta name=\"robots\" content=\"noindex, follow, max-snippet:-1, max-image-preview:large, max-video-preview:-1\" \/>\n<meta property=\"og:locale\" content=\"fr_FR\" \/>\n<meta property=\"og:type\" content=\"article\" \/>\n<meta property=\"og:title\" content=\"Collaboration - New African Masquerades\" \/>\n<meta property=\"og:description\" content=\"Herv\u00e9 Youmbi: Artists Commissioning Artists Collaborations: Cameroon This exhibition privileges and celebrates individual masquerade artists who are widely acclaimed. Yet [&hellip;]\" \/>\n<meta property=\"og:url\" content=\"https:\/\/masquerades.noma.org\/fr\/exhibition-themes\/collaboration\/\" \/>\n<meta property=\"og:site_name\" content=\"New African Masquerades\" \/>\n<meta property=\"article:modified_time\" content=\"2025-07-09T16:21:54+00:00\" \/>\n<meta property=\"og:image\" content=\"https:\/\/masquerades.noma.org\/wp-content\/uploads\/2024\/10\/Herve-Youmbi-mask.jpg\" \/>\n\t<meta property=\"og:image:width\" content=\"605\" \/>\n\t<meta property=\"og:image:height\" content=\"907\" \/>\n\t<meta property=\"og:image:type\" content=\"image\/jpeg\" \/>\n<meta name=\"twitter:card\" content=\"summary_large_image\" \/>\n<meta name=\"twitter:label1\" content=\"Dur\u00e9e de lecture estim\u00e9e\" \/>\n\t<meta name=\"twitter:data1\" content=\"2 minutes\" \/>\n<script type=\"application\/ld+json\" class=\"yoast-schema-graph\">{\"@context\":\"https:\/\/schema.org\",\"@graph\":[{\"@type\":\"WebPage\",\"@id\":\"https:\/\/masquerades.noma.org\/exhibition-themes\/collaboration\/\",\"url\":\"https:\/\/masquerades.noma.org\/exhibition-themes\/collaboration\/\",\"name\":\"Collaboration - New African Masquerades\",\"isPartOf\":{\"@id\":\"https:\/\/masquerades.noma.org\/#website\"},\"primaryImageOfPage\":{\"@id\":\"https:\/\/masquerades.noma.org\/exhibition-themes\/collaboration\/#primaryimage\"},\"image\":{\"@id\":\"https:\/\/masquerades.noma.org\/exhibition-themes\/collaboration\/#primaryimage\"},\"thumbnailUrl\":\"https:\/\/masquerades.noma.org\/wp-content\/uploads\/2024\/10\/Herve-Youmbi-mask.jpg\",\"datePublished\":\"2024-10-29T17:17:38+00:00\",\"dateModified\":\"2025-07-09T16:21:54+00:00\",\"breadcrumb\":{\"@id\":\"https:\/\/masquerades.noma.org\/exhibition-themes\/collaboration\/#breadcrumb\"},\"inLanguage\":\"fr-FR\",\"potentialAction\":[{\"@type\":\"ReadAction\",\"target\":[\"https:\/\/masquerades.noma.org\/exhibition-themes\/collaboration\/\"]}]},{\"@type\":\"ImageObject\",\"inLanguage\":\"fr-FR\",\"@id\":\"https:\/\/masquerades.noma.org\/exhibition-themes\/collaboration\/#primaryimage\",\"url\":\"https:\/\/masquerades.noma.org\/wp-content\/uploads\/2024\/10\/Herve-Youmbi-mask.jpg\",\"contentUrl\":\"https:\/\/masquerades.noma.org\/wp-content\/uploads\/2024\/10\/Herve-Youmbi-mask.jpg\",\"width\":605,\"height\":907},{\"@type\":\"BreadcrumbList\",\"@id\":\"https:\/\/masquerades.noma.org\/exhibition-themes\/collaboration\/#breadcrumb\",\"itemListElement\":[{\"@type\":\"ListItem\",\"position\":1,\"name\":\"Home\",\"item\":\"https:\/\/masquerades.noma.org\/\"},{\"@type\":\"ListItem\",\"position\":2,\"name\":\"Exhibition Themes\",\"item\":\"https:\/\/masquerades.noma.org\/exhibition-themes\/\"},{\"@type\":\"ListItem\",\"position\":3,\"name\":\"Collaboration\"}]},{\"@type\":\"WebSite\",\"@id\":\"https:\/\/masquerades.noma.org\/#website\",\"url\":\"https:\/\/masquerades.noma.org\/\",\"name\":\"New Masks Now\",\"description\":\"Artistic Innovations and Collaborations\",\"publisher\":{\"@id\":\"https:\/\/masquerades.noma.org\/#organization\"},\"potentialAction\":[{\"@type\":\"SearchAction\",\"target\":{\"@type\":\"EntryPoint\",\"urlTemplate\":\"https:\/\/masquerades.noma.org\/?s={search_term_string}\"},\"query-input\":{\"@type\":\"PropertyValueSpecification\",\"valueRequired\":true,\"valueName\":\"search_term_string\"}}],\"inLanguage\":\"fr-FR\"},{\"@type\":\"Organization\",\"@id\":\"https:\/\/masquerades.noma.org\/#organization\",\"name\":\"New Orleans Museum of Art\",\"url\":\"https:\/\/masquerades.noma.org\/\",\"logo\":{\"@type\":\"ImageObject\",\"inLanguage\":\"fr-FR\",\"@id\":\"https:\/\/masquerades.noma.org\/#\/schema\/logo\/image\/\",\"url\":\"https:\/\/masquerades.noma.org\/wp-content\/uploads\/2023\/11\/nmn-banner.jpg\",\"contentUrl\":\"https:\/\/masquerades.noma.org\/wp-content\/uploads\/2023\/11\/nmn-banner.jpg\",\"width\":900,\"height\":295,\"caption\":\"New Orleans Museum of Art\"},\"image\":{\"@id\":\"https:\/\/masquerades.noma.org\/#\/schema\/logo\/image\/\"}}]}<\/script>\n<!-- \/ Yoast SEO plugin. -->","yoast_head_json":{"title":"Collaboration - New African Masquerades","robots":{"index":"noindex","follow":"follow","max-snippet":"max-snippet:-1","max-image-preview":"max-image-preview:large","max-video-preview":"max-video-preview:-1"},"og_locale":"fr_FR","og_type":"article","og_title":"Collaboration - New African Masquerades","og_description":"Herv\u00e9 Youmbi: Artists Commissioning Artists Collaborations: Cameroon This exhibition privileges and celebrates individual masquerade artists who are widely acclaimed. Yet [&hellip;]","og_url":"https:\/\/masquerades.noma.org\/fr\/exhibition-themes\/collaboration\/","og_site_name":"New African Masquerades","article_modified_time":"2025-07-09T16:21:54+00:00","og_image":[{"width":605,"height":907,"url":"https:\/\/masquerades.noma.org\/wp-content\/uploads\/2024\/10\/Herve-Youmbi-mask.jpg","type":"image\/jpeg"}],"twitter_card":"summary_large_image","twitter_misc":{"Dur\u00e9e de lecture estim\u00e9e":"2 minutes"},"schema":{"@context":"https:\/\/schema.org","@graph":[{"@type":"WebPage","@id":"https:\/\/masquerades.noma.org\/exhibition-themes\/collaboration\/","url":"https:\/\/masquerades.noma.org\/exhibition-themes\/collaboration\/","name":"Collaboration - New African Masquerades","isPartOf":{"@id":"https:\/\/masquerades.noma.org\/#website"},"primaryImageOfPage":{"@id":"https:\/\/masquerades.noma.org\/exhibition-themes\/collaboration\/#primaryimage"},"image":{"@id":"https:\/\/masquerades.noma.org\/exhibition-themes\/collaboration\/#primaryimage"},"thumbnailUrl":"https:\/\/masquerades.noma.org\/wp-content\/uploads\/2024\/10\/Herve-Youmbi-mask.jpg","datePublished":"2024-10-29T17:17:38+00:00","dateModified":"2025-07-09T16:21:54+00:00","breadcrumb":{"@id":"https:\/\/masquerades.noma.org\/exhibition-themes\/collaboration\/#breadcrumb"},"inLanguage":"fr-FR","potentialAction":[{"@type":"ReadAction","target":["https:\/\/masquerades.noma.org\/exhibition-themes\/collaboration\/"]}]},{"@type":"ImageObject","inLanguage":"fr-FR","@id":"https:\/\/masquerades.noma.org\/exhibition-themes\/collaboration\/#primaryimage","url":"https:\/\/masquerades.noma.org\/wp-content\/uploads\/2024\/10\/Herve-Youmbi-mask.jpg","contentUrl":"https:\/\/masquerades.noma.org\/wp-content\/uploads\/2024\/10\/Herve-Youmbi-mask.jpg","width":605,"height":907},{"@type":"BreadcrumbList","@id":"https:\/\/masquerades.noma.org\/exhibition-themes\/collaboration\/#breadcrumb","itemListElement":[{"@type":"ListItem","position":1,"name":"Home","item":"https:\/\/masquerades.noma.org\/"},{"@type":"ListItem","position":2,"name":"Exhibition Themes","item":"https:\/\/masquerades.noma.org\/exhibition-themes\/"},{"@type":"ListItem","position":3,"name":"Collaboration"}]},{"@type":"WebSite","@id":"https:\/\/masquerades.noma.org\/#website","url":"https:\/\/masquerades.noma.org\/","name":"New Masks Now","description":"Artistic Innovations and Collaborations","publisher":{"@id":"https:\/\/masquerades.noma.org\/#organization"},"potentialAction":[{"@type":"SearchAction","target":{"@type":"EntryPoint","urlTemplate":"https:\/\/masquerades.noma.org\/?s={search_term_string}"},"query-input":{"@type":"PropertyValueSpecification","valueRequired":true,"valueName":"search_term_string"}}],"inLanguage":"fr-FR"},{"@type":"Organization","@id":"https:\/\/masquerades.noma.org\/#organization","name":"New Orleans Museum of Art","url":"https:\/\/masquerades.noma.org\/","logo":{"@type":"ImageObject","inLanguage":"fr-FR","@id":"https:\/\/masquerades.noma.org\/#\/schema\/logo\/image\/","url":"https:\/\/masquerades.noma.org\/wp-content\/uploads\/2023\/11\/nmn-banner.jpg","contentUrl":"https:\/\/masquerades.noma.org\/wp-content\/uploads\/2023\/11\/nmn-banner.jpg","width":900,"height":295,"caption":"New Orleans Museum of Art"},"image":{"@id":"https:\/\/masquerades.noma.org\/#\/schema\/logo\/image\/"}}]}},"_links":{"self":[{"href":"https:\/\/masquerades.noma.org\/fr\/wp-json\/wp\/v2\/pages\/428","targetHints":{"allow":["GET"]}}],"collection":[{"href":"https:\/\/masquerades.noma.org\/fr\/wp-json\/wp\/v2\/pages"}],"about":[{"href":"https:\/\/masquerades.noma.org\/fr\/wp-json\/wp\/v2\/types\/page"}],"author":[{"embeddable":true,"href":"https:\/\/masquerades.noma.org\/fr\/wp-json\/wp\/v2\/users\/1"}],"replies":[{"embeddable":true,"href":"https:\/\/masquerades.noma.org\/fr\/wp-json\/wp\/v2\/comments?post=428"}],"version-history":[{"count":21,"href":"https:\/\/masquerades.noma.org\/fr\/wp-json\/wp\/v2\/pages\/428\/revisions"}],"predecessor-version":[{"id":1017,"href":"https:\/\/masquerades.noma.org\/fr\/wp-json\/wp\/v2\/pages\/428\/revisions\/1017"}],"up":[{"embeddable":true,"href":"https:\/\/masquerades.noma.org\/fr\/wp-json\/wp\/v2\/pages\/426"}],"wp:featuredmedia":[{"embeddable":true,"href":"https:\/\/masquerades.noma.org\/fr\/wp-json\/wp\/v2\/media\/489"}],"wp:attachment":[{"href":"https:\/\/masquerades.noma.org\/fr\/wp-json\/wp\/v2\/media?parent=428"}],"curies":[{"name":"wp","href":"https:\/\/api.w.org\/{rel}","templated":true}]}}