{"id":429,"date":"2024-10-29T12:17:38","date_gmt":"2024-10-29T17:17:38","guid":{"rendered":"https:\/\/masquerades.noma.org\/?page_id=429"},"modified":"2025-07-09T11:25:41","modified_gmt":"2025-07-09T16:25:41","slug":"economics","status":"publish","type":"page","link":"https:\/\/masquerades.noma.org\/fr\/exhibition-themes\/economics\/","title":{"rendered":"\u00c9conomie"},"content":{"rendered":"<div class=\"wp-block-columns alignwide mobile-reverse is-layout-flex wp-container-core-columns-is-layout-28f84493 wp-block-columns-is-layout-flex\">\n<div class=\"wp-block-column is-layout-flow wp-block-column-is-layout-flow\">\n<figure class=\"wp-block-image aligncenter size-full is-resized\"><img loading=\"lazy\" decoding=\"async\" width=\"164\" height=\"164\" src=\"https:\/\/masquerades.noma.org\/wp-content\/uploads\/2025\/06\/BB2.png\" alt=\"\" class=\"wp-image-880\" style=\"width:56px\" srcset=\"https:\/\/masquerades.noma.org\/wp-content\/uploads\/2025\/06\/BB2.png 164w, https:\/\/masquerades.noma.org\/wp-content\/uploads\/2025\/06\/BB2-150x150.png 150w, https:\/\/masquerades.noma.org\/wp-content\/uploads\/2025\/06\/BB2-12x12.png 12w\" sizes=\"auto, (max-width: 164px) 100vw, 164px\" \/><\/figure>\n\n\n\n<h2 class=\"wp-block-heading\">Chef Bassey Nsa \u2014 \u00c9conomie et m\u00e9c\u00e9nat<\/h2>\n\n\n\n<h3 class=\"wp-block-heading\">Suivez l'argent : client\u00e9lisme et \u00e9conomie \u00e0 Calabar, au Nigeria<\/h3>\n\n\n\n<p>Le masque n'est pas seulement une forme d'expression \u00e0 plusieurs niveaux, c'est aussi une forme lucrative de capital culturel. Le d\u00e9sir de subvenir \u00e0 ses besoins et \u00e0 ceux de sa famille stimule l'innovation artistique et d\u00e9termine en fin de compte le gagne-pain d'un artiste reconnu. Le chef Ekpenyong Bassey Nsa, par exemple, vit et travaille dans la ville de Calabar, au Nigeria, o\u00f9 les clubs culturels, la location d'ensembles de masques, le paiement des masques et la recherche de mat\u00e9riaux nouveaux et innovants sur les march\u00e9s sont quelques exemples de la mani\u00e8re dont l'argent impr\u00e8gne le monde du masque.<\/p>\n\n\n\n<p>Afin de suivre l'\u00e9volution des tendances tout en maintenant la qualit\u00e9 et l'accessibilit\u00e9 financi\u00e8re, le chef Bassey Nsa a mis au point un mod\u00e8le de tarification bas\u00e9 sur les co\u00fbts pour ses clients, qui propose une gamme de qualit\u00e9s et de prix associ\u00e9s. Il parcourt \u00e9galement le march\u00e9 \u00e0 la recherche des mat\u00e9riaux les plus appropri\u00e9s et les plus \u00e9conomiques, par exemple en optant pour des cordes synth\u00e9tiques pr\u00e9-teintes qui permettent une construction plus rapide, r\u00e9duisent les frais g\u00e9n\u00e9raux et augmentent la durabilit\u00e9.<\/p>\n\n\n\n<div class=\"wp-block-buttons is-layout-flex wp-block-buttons-is-layout-flex\">\n<div class=\"wp-block-button\"><a class=\"wp-block-button__link wp-element-button\" href=\"https:\/\/masquerades.noma.org\/fr\/exhibition-themes\/innovation\/\">Th\u00e8me de la prochaine exposition<\/a><\/div>\n\n\n\n<div class=\"wp-block-button\"><a class=\"wp-block-button__link wp-element-button\" href=\"https:\/\/masquerades.noma.org\/fr\/meet-the-artists\/chief-ekpenyong-bassey-nsa\/\">D\u00e9couvrez le chef Bassey Nsa<\/a><\/div>\n\n\n\n<div class=\"wp-block-button\"><a class=\"wp-block-button__link wp-element-button\" href=\"https:\/\/masquerades.noma.org\/fr\/masquerades-in-action\/nigeria\/\">Voir la galerie Nigeria<\/a><\/div>\n<\/div>\n<\/div>\n\n\n\n<div class=\"wp-block-column is-layout-flow wp-block-column-is-layout-flow\">\n<figure class=\"wp-block-image size-large max-width-half-page\"><img loading=\"lazy\" decoding=\"async\" width=\"1024\" height=\"769\" src=\"https:\/\/masquerades.noma.org\/wp-content\/uploads\/2024\/10\/Chief-Ekpenyong-Bassey-Nsa-1-1024x769.jpg\" alt=\"\" class=\"wp-image-474\" srcset=\"https:\/\/masquerades.noma.org\/wp-content\/uploads\/2024\/10\/Chief-Ekpenyong-Bassey-Nsa-1-1024x769.jpg 1024w, https:\/\/masquerades.noma.org\/wp-content\/uploads\/2024\/10\/Chief-Ekpenyong-Bassey-Nsa-1-300x225.jpg 300w, https:\/\/masquerades.noma.org\/wp-content\/uploads\/2024\/10\/Chief-Ekpenyong-Bassey-Nsa-1-768x577.jpg 768w, https:\/\/masquerades.noma.org\/wp-content\/uploads\/2024\/10\/Chief-Ekpenyong-Bassey-Nsa-1-16x12.jpg 16w, https:\/\/masquerades.noma.org\/wp-content\/uploads\/2024\/10\/Chief-Ekpenyong-Bassey-Nsa-1.jpg 1296w\" sizes=\"auto, (max-width: 1024px) 100vw, 1024px\" \/><figcaption class=\"wp-element-caption\">Le chef Ekpenyong Bassey Nsa et Afia Awan lors d'une c\u00e9r\u00e9monie de mariage \u00ab traditionnelle \u00bb, octobre 2009. Photo de Jordan A. Fenton.<\/figcaption><\/figure>\n<\/div>\n<\/div>","protected":false},"excerpt":{"rendered":"<p>Chief Bassey Nsa\u2014Economics &amp; Patronage Follow the Money: Patronage and Economics in Calabar, Nigeria Masquerade is not only a multilayered [&hellip;]<\/p>","protected":false},"author":1,"featured_media":474,"parent":426,"menu_order":2,"comment_status":"closed","ping_status":"closed","template":"","meta":{"_acf_changed":false,"site-sidebar-layout":"default","site-content-layout":"","ast-site-content-layout":"","site-content-style":"default","site-sidebar-style":"default","ast-global-header-display":"","ast-banner-title-visibility":"","ast-main-header-display":"","ast-hfb-above-header-display":"","ast-hfb-below-header-display":"","ast-hfb-mobile-header-display":"","site-post-title":"disabled","ast-breadcrumbs-content":"","ast-featured-img":"","footer-sml-layout":"","theme-transparent-header-meta":"","adv-header-id-meta":"","stick-header-meta":"","header-above-stick-meta":"","header-main-stick-meta":"","header-below-stick-meta":"","astra-migrate-meta-layouts":"default","ast-page-background-enabled":"default","ast-page-background-meta":{"desktop":{"background-color":"var(--ast-global-color-4)","background-image":"","background-repeat":"repeat","background-position":"center center","background-size":"auto","background-attachment":"scroll","background-type":"","background-media":"","overlay-type":"","overlay-color":"","overlay-opacity":"","overlay-gradient":""},"tablet":{"background-color":"","background-image":"","background-repeat":"repeat","background-position":"center center","background-size":"auto","background-attachment":"scroll","background-type":"","background-media":"","overlay-type":"","overlay-color":"","overlay-opacity":"","overlay-gradient":""},"mobile":{"background-color":"","background-image":"","background-repeat":"repeat","background-position":"center center","background-size":"auto","background-attachment":"scroll","background-type":"","background-media":"","overlay-type":"","overlay-color":"","overlay-opacity":"","overlay-gradient":""}},"ast-content-background-meta":{"desktop":{"background-color":"var(--ast-global-color-5)","background-image":"","background-repeat":"repeat","background-position":"center center","background-size":"auto","background-attachment":"scroll","background-type":"","background-media":"","overlay-type":"","overlay-color":"","overlay-opacity":"","overlay-gradient":""},"tablet":{"background-color":"var(--ast-global-color-5)","background-image":"","background-repeat":"repeat","background-position":"center center","background-size":"auto","background-attachment":"scroll","background-type":"","background-media":"","overlay-type":"","overlay-color":"","overlay-opacity":"","overlay-gradient":""},"mobile":{"background-color":"var(--ast-global-color-5)","background-image":"","background-repeat":"repeat","background-position":"center center","background-size":"auto","background-attachment":"scroll","background-type":"","background-media":"","overlay-type":"","overlay-color":"","overlay-opacity":"","overlay-gradient":""}},"footnotes":""},"class_list":["post-429","page","type-page","status-publish","has-post-thumbnail","hentry"],"acf":[],"yoast_head":"<!-- This site is optimized with the Yoast SEO plugin v25.3.1 - https:\/\/yoast.com\/wordpress\/plugins\/seo\/ -->\n<title>Economics - New African Masquerades<\/title>\n<meta name=\"robots\" content=\"noindex, follow, max-snippet:-1, max-image-preview:large, max-video-preview:-1\" \/>\n<meta property=\"og:locale\" content=\"fr_FR\" \/>\n<meta property=\"og:type\" content=\"article\" \/>\n<meta property=\"og:title\" content=\"Economics - New African Masquerades\" \/>\n<meta property=\"og:description\" content=\"Chief Bassey Nsa\u2014Economics &amp; Patronage Follow the Money: Patronage and Economics in Calabar, Nigeria Masquerade is not only a multilayered [&hellip;]\" \/>\n<meta property=\"og:url\" content=\"https:\/\/masquerades.noma.org\/fr\/exhibition-themes\/economics\/\" \/>\n<meta property=\"og:site_name\" content=\"New African Masquerades\" \/>\n<meta property=\"article:modified_time\" content=\"2025-07-09T16:25:41+00:00\" \/>\n<meta property=\"og:image\" content=\"https:\/\/masquerades.noma.org\/wp-content\/uploads\/2024\/10\/Chief-Ekpenyong-Bassey-Nsa-1.jpg\" \/>\n\t<meta property=\"og:image:width\" content=\"1296\" \/>\n\t<meta property=\"og:image:height\" content=\"973\" \/>\n\t<meta property=\"og:image:type\" content=\"image\/jpeg\" \/>\n<meta name=\"twitter:card\" content=\"summary_large_image\" \/>\n<meta name=\"twitter:label1\" content=\"Dur\u00e9e de lecture estim\u00e9e\" \/>\n\t<meta name=\"twitter:data1\" content=\"2 minutes\" \/>\n<script type=\"application\/ld+json\" class=\"yoast-schema-graph\">{\"@context\":\"https:\/\/schema.org\",\"@graph\":[{\"@type\":\"WebPage\",\"@id\":\"https:\/\/masquerades.noma.org\/exhibition-themes\/economics\/\",\"url\":\"https:\/\/masquerades.noma.org\/exhibition-themes\/economics\/\",\"name\":\"Economics - New African Masquerades\",\"isPartOf\":{\"@id\":\"https:\/\/masquerades.noma.org\/#website\"},\"primaryImageOfPage\":{\"@id\":\"https:\/\/masquerades.noma.org\/exhibition-themes\/economics\/#primaryimage\"},\"image\":{\"@id\":\"https:\/\/masquerades.noma.org\/exhibition-themes\/economics\/#primaryimage\"},\"thumbnailUrl\":\"https:\/\/masquerades.noma.org\/wp-content\/uploads\/2024\/10\/Chief-Ekpenyong-Bassey-Nsa-1.jpg\",\"datePublished\":\"2024-10-29T17:17:38+00:00\",\"dateModified\":\"2025-07-09T16:25:41+00:00\",\"breadcrumb\":{\"@id\":\"https:\/\/masquerades.noma.org\/exhibition-themes\/economics\/#breadcrumb\"},\"inLanguage\":\"fr-FR\",\"potentialAction\":[{\"@type\":\"ReadAction\",\"target\":[\"https:\/\/masquerades.noma.org\/exhibition-themes\/economics\/\"]}]},{\"@type\":\"ImageObject\",\"inLanguage\":\"fr-FR\",\"@id\":\"https:\/\/masquerades.noma.org\/exhibition-themes\/economics\/#primaryimage\",\"url\":\"https:\/\/masquerades.noma.org\/wp-content\/uploads\/2024\/10\/Chief-Ekpenyong-Bassey-Nsa-1.jpg\",\"contentUrl\":\"https:\/\/masquerades.noma.org\/wp-content\/uploads\/2024\/10\/Chief-Ekpenyong-Bassey-Nsa-1.jpg\",\"width\":1296,\"height\":973},{\"@type\":\"BreadcrumbList\",\"@id\":\"https:\/\/masquerades.noma.org\/exhibition-themes\/economics\/#breadcrumb\",\"itemListElement\":[{\"@type\":\"ListItem\",\"position\":1,\"name\":\"Home\",\"item\":\"https:\/\/masquerades.noma.org\/\"},{\"@type\":\"ListItem\",\"position\":2,\"name\":\"Exhibition Themes\",\"item\":\"https:\/\/masquerades.noma.org\/exhibition-themes\/\"},{\"@type\":\"ListItem\",\"position\":3,\"name\":\"Economics\"}]},{\"@type\":\"WebSite\",\"@id\":\"https:\/\/masquerades.noma.org\/#website\",\"url\":\"https:\/\/masquerades.noma.org\/\",\"name\":\"New Masks Now\",\"description\":\"Artistic Innovations and Collaborations\",\"publisher\":{\"@id\":\"https:\/\/masquerades.noma.org\/#organization\"},\"potentialAction\":[{\"@type\":\"SearchAction\",\"target\":{\"@type\":\"EntryPoint\",\"urlTemplate\":\"https:\/\/masquerades.noma.org\/?s={search_term_string}\"},\"query-input\":{\"@type\":\"PropertyValueSpecification\",\"valueRequired\":true,\"valueName\":\"search_term_string\"}}],\"inLanguage\":\"fr-FR\"},{\"@type\":\"Organization\",\"@id\":\"https:\/\/masquerades.noma.org\/#organization\",\"name\":\"New Orleans Museum of Art\",\"url\":\"https:\/\/masquerades.noma.org\/\",\"logo\":{\"@type\":\"ImageObject\",\"inLanguage\":\"fr-FR\",\"@id\":\"https:\/\/masquerades.noma.org\/#\/schema\/logo\/image\/\",\"url\":\"https:\/\/masquerades.noma.org\/wp-content\/uploads\/2023\/11\/nmn-banner.jpg\",\"contentUrl\":\"https:\/\/masquerades.noma.org\/wp-content\/uploads\/2023\/11\/nmn-banner.jpg\",\"width\":900,\"height\":295,\"caption\":\"New Orleans Museum of Art\"},\"image\":{\"@id\":\"https:\/\/masquerades.noma.org\/#\/schema\/logo\/image\/\"}}]}<\/script>\n<!-- \/ Yoast SEO plugin. -->","yoast_head_json":{"title":"Economics - New African Masquerades","robots":{"index":"noindex","follow":"follow","max-snippet":"max-snippet:-1","max-image-preview":"max-image-preview:large","max-video-preview":"max-video-preview:-1"},"og_locale":"fr_FR","og_type":"article","og_title":"Economics - New African Masquerades","og_description":"Chief Bassey Nsa\u2014Economics &amp; Patronage Follow the Money: Patronage and Economics in Calabar, Nigeria Masquerade is not only a multilayered [&hellip;]","og_url":"https:\/\/masquerades.noma.org\/fr\/exhibition-themes\/economics\/","og_site_name":"New African Masquerades","article_modified_time":"2025-07-09T16:25:41+00:00","og_image":[{"width":1296,"height":973,"url":"https:\/\/masquerades.noma.org\/wp-content\/uploads\/2024\/10\/Chief-Ekpenyong-Bassey-Nsa-1.jpg","type":"image\/jpeg"}],"twitter_card":"summary_large_image","twitter_misc":{"Dur\u00e9e de lecture estim\u00e9e":"2 minutes"},"schema":{"@context":"https:\/\/schema.org","@graph":[{"@type":"WebPage","@id":"https:\/\/masquerades.noma.org\/exhibition-themes\/economics\/","url":"https:\/\/masquerades.noma.org\/exhibition-themes\/economics\/","name":"Economics - New African Masquerades","isPartOf":{"@id":"https:\/\/masquerades.noma.org\/#website"},"primaryImageOfPage":{"@id":"https:\/\/masquerades.noma.org\/exhibition-themes\/economics\/#primaryimage"},"image":{"@id":"https:\/\/masquerades.noma.org\/exhibition-themes\/economics\/#primaryimage"},"thumbnailUrl":"https:\/\/masquerades.noma.org\/wp-content\/uploads\/2024\/10\/Chief-Ekpenyong-Bassey-Nsa-1.jpg","datePublished":"2024-10-29T17:17:38+00:00","dateModified":"2025-07-09T16:25:41+00:00","breadcrumb":{"@id":"https:\/\/masquerades.noma.org\/exhibition-themes\/economics\/#breadcrumb"},"inLanguage":"fr-FR","potentialAction":[{"@type":"ReadAction","target":["https:\/\/masquerades.noma.org\/exhibition-themes\/economics\/"]}]},{"@type":"ImageObject","inLanguage":"fr-FR","@id":"https:\/\/masquerades.noma.org\/exhibition-themes\/economics\/#primaryimage","url":"https:\/\/masquerades.noma.org\/wp-content\/uploads\/2024\/10\/Chief-Ekpenyong-Bassey-Nsa-1.jpg","contentUrl":"https:\/\/masquerades.noma.org\/wp-content\/uploads\/2024\/10\/Chief-Ekpenyong-Bassey-Nsa-1.jpg","width":1296,"height":973},{"@type":"BreadcrumbList","@id":"https:\/\/masquerades.noma.org\/exhibition-themes\/economics\/#breadcrumb","itemListElement":[{"@type":"ListItem","position":1,"name":"Home","item":"https:\/\/masquerades.noma.org\/"},{"@type":"ListItem","position":2,"name":"Exhibition Themes","item":"https:\/\/masquerades.noma.org\/exhibition-themes\/"},{"@type":"ListItem","position":3,"name":"Economics"}]},{"@type":"WebSite","@id":"https:\/\/masquerades.noma.org\/#website","url":"https:\/\/masquerades.noma.org\/","name":"New Masks Now","description":"Artistic Innovations and Collaborations","publisher":{"@id":"https:\/\/masquerades.noma.org\/#organization"},"potentialAction":[{"@type":"SearchAction","target":{"@type":"EntryPoint","urlTemplate":"https:\/\/masquerades.noma.org\/?s={search_term_string}"},"query-input":{"@type":"PropertyValueSpecification","valueRequired":true,"valueName":"search_term_string"}}],"inLanguage":"fr-FR"},{"@type":"Organization","@id":"https:\/\/masquerades.noma.org\/#organization","name":"New Orleans Museum of Art","url":"https:\/\/masquerades.noma.org\/","logo":{"@type":"ImageObject","inLanguage":"fr-FR","@id":"https:\/\/masquerades.noma.org\/#\/schema\/logo\/image\/","url":"https:\/\/masquerades.noma.org\/wp-content\/uploads\/2023\/11\/nmn-banner.jpg","contentUrl":"https:\/\/masquerades.noma.org\/wp-content\/uploads\/2023\/11\/nmn-banner.jpg","width":900,"height":295,"caption":"New Orleans Museum of Art"},"image":{"@id":"https:\/\/masquerades.noma.org\/#\/schema\/logo\/image\/"}}]}},"_links":{"self":[{"href":"https:\/\/masquerades.noma.org\/fr\/wp-json\/wp\/v2\/pages\/429","targetHints":{"allow":["GET"]}}],"collection":[{"href":"https:\/\/masquerades.noma.org\/fr\/wp-json\/wp\/v2\/pages"}],"about":[{"href":"https:\/\/masquerades.noma.org\/fr\/wp-json\/wp\/v2\/types\/page"}],"author":[{"embeddable":true,"href":"https:\/\/masquerades.noma.org\/fr\/wp-json\/wp\/v2\/users\/1"}],"replies":[{"embeddable":true,"href":"https:\/\/masquerades.noma.org\/fr\/wp-json\/wp\/v2\/comments?post=429"}],"version-history":[{"count":13,"href":"https:\/\/masquerades.noma.org\/fr\/wp-json\/wp\/v2\/pages\/429\/revisions"}],"predecessor-version":[{"id":1019,"href":"https:\/\/masquerades.noma.org\/fr\/wp-json\/wp\/v2\/pages\/429\/revisions\/1019"}],"up":[{"embeddable":true,"href":"https:\/\/masquerades.noma.org\/fr\/wp-json\/wp\/v2\/pages\/426"}],"wp:featuredmedia":[{"embeddable":true,"href":"https:\/\/masquerades.noma.org\/fr\/wp-json\/wp\/v2\/media\/474"}],"wp:attachment":[{"href":"https:\/\/masquerades.noma.org\/fr\/wp-json\/wp\/v2\/media?parent=429"}],"curies":[{"name":"wp","href":"https:\/\/api.w.org\/{rel}","templated":true}]}}