{"id":430,"date":"2024-10-29T12:17:38","date_gmt":"2024-10-29T17:17:38","guid":{"rendered":"https:\/\/masquerades.noma.org\/?page_id=430"},"modified":"2025-08-11T08:21:03","modified_gmt":"2025-08-11T13:21:03","slug":"innovation","status":"publish","type":"page","link":"https:\/\/masquerades.noma.org\/fr\/exhibition-themes\/innovation\/","title":{"rendered":"Innovation"},"content":{"rendered":"<div class=\"wp-block-columns alignwide mobile-reverse is-layout-flex wp-container-core-columns-is-layout-28f84493 wp-block-columns-is-layout-flex\">\n<div class=\"wp-block-column is-layout-flow wp-block-column-is-layout-flow\">\n<figure class=\"wp-block-image aligncenter size-full is-resized\"><img loading=\"lazy\" decoding=\"async\" width=\"168\" height=\"164\" src=\"https:\/\/masquerades.noma.org\/wp-content\/uploads\/2025\/06\/BB3.png\" alt=\"\" class=\"wp-image-882\" style=\"width:56px\" srcset=\"https:\/\/masquerades.noma.org\/wp-content\/uploads\/2025\/06\/BB3.png 168w, https:\/\/masquerades.noma.org\/wp-content\/uploads\/2025\/06\/BB3-12x12.png 12w\" sizes=\"auto, (max-width: 168px) 100vw, 168px\" \/><\/figure>\n\n\n\n<h2 class=\"wp-block-heading\">David Sanou\u2014Innovation<\/h2>\n\n\n\n<h3 class=\"wp-block-heading\">Innovation cr\u00e9ative : choix et compromis des artistes au Burkina Faso<\/h3>\n\n\n\n<p>Les artistes du bal masqu\u00e9 ont \u00e0 c\u0153ur de montrer au public quelque chose qu'il n'a jamais vu auparavant. Ils injectent des id\u00e9es, des mat\u00e9riaux, des styles, des motifs et des d\u00e9tails iconographiques nouveaux dans des formes existantes, parfois au point de cr\u00e9er des genres de bal masqu\u00e9 enti\u00e8rement nouveaux. En innovant et en s'adaptant aux conditions actuelles, les artistes du bal masqu\u00e9 rendent leurs \u0153uvres pertinentes et passionnantes pour le public contemporain. Ils assurent \u00e9galement le succ\u00e8s financier des artistes.<\/p>\n\n\n\n<figure class=\"wp-block-image size-large\"><img loading=\"lazy\" decoding=\"async\" width=\"683\" height=\"1024\" src=\"https:\/\/masquerades.noma.org\/wp-content\/uploads\/2025\/08\/sanou3-683x1024.jpg\" alt=\"\" class=\"wp-image-1130\" srcset=\"https:\/\/masquerades.noma.org\/wp-content\/uploads\/2025\/08\/sanou3-683x1024.jpg 683w, https:\/\/masquerades.noma.org\/wp-content\/uploads\/2025\/08\/sanou3-200x300.jpg 200w, https:\/\/masquerades.noma.org\/wp-content\/uploads\/2025\/08\/sanou3-768x1152.jpg 768w, https:\/\/masquerades.noma.org\/wp-content\/uploads\/2025\/08\/sanou3-8x12.jpg 8w, https:\/\/masquerades.noma.org\/wp-content\/uploads\/2025\/08\/sanou3.jpg 900w\" sizes=\"auto, (max-width: 683px) 100vw, 683px\" \/><figcaption class=\"wp-element-caption\">Kimi Mask saluant le public dans le quartier de Bindougosso, \u00e0 Bobo-Dioulasso, au Burkina Faso, le 3 mai 2022 (coiffe sculpt\u00e9e par David Sanou dans l'atelier d'Andr\u00e9 Sanou). Photo : Lisa Homann.<\/figcaption><\/figure>\n\n\n\n<figure class=\"wp-block-image size-large\"><img loading=\"lazy\" decoding=\"async\" width=\"672\" height=\"1024\" src=\"https:\/\/masquerades.noma.org\/wp-content\/uploads\/2025\/08\/sanou1-672x1024.jpg\" alt=\"\" class=\"wp-image-1132\" srcset=\"https:\/\/masquerades.noma.org\/wp-content\/uploads\/2025\/08\/sanou1-672x1024.jpg 672w, https:\/\/masquerades.noma.org\/wp-content\/uploads\/2025\/08\/sanou1-197x300.jpg 197w, https:\/\/masquerades.noma.org\/wp-content\/uploads\/2025\/08\/sanou1-768x1170.jpg 768w, https:\/\/masquerades.noma.org\/wp-content\/uploads\/2025\/08\/sanou1-8x12.jpg 8w, https:\/\/masquerades.noma.org\/wp-content\/uploads\/2025\/08\/sanou1.jpg 900w\" sizes=\"auto, (max-width: 672px) 100vw, 672px\" \/><figcaption class=\"wp-element-caption\">Masque photographique rendant hommage \u00e0 Papa Bala dansant dans le quartier de Sya, \u00e0 Bobo-Dioulasso, au Burkina Faso, le 6 avril 2008 (coiffe provenant de l'atelier d'Andr\u00e9 Sanou).\nPhoto : Lisa Homann.<br>Photo: Lisa Homann.<\/figcaption><\/figure>\n\n\n\n<figure class=\"wp-block-image size-large\"><img loading=\"lazy\" decoding=\"async\" width=\"686\" height=\"1024\" src=\"https:\/\/masquerades.noma.org\/wp-content\/uploads\/2025\/08\/sanou2-686x1024.jpg\" alt=\"\" class=\"wp-image-1131\" srcset=\"https:\/\/masquerades.noma.org\/wp-content\/uploads\/2025\/08\/sanou2-686x1024.jpg 686w, https:\/\/masquerades.noma.org\/wp-content\/uploads\/2025\/08\/sanou2-201x300.jpg 201w, https:\/\/masquerades.noma.org\/wp-content\/uploads\/2025\/08\/sanou2-768x1147.jpg 768w, https:\/\/masquerades.noma.org\/wp-content\/uploads\/2025\/08\/sanou2-8x12.jpg 8w, https:\/\/masquerades.noma.org\/wp-content\/uploads\/2025\/08\/sanou2.jpg 900w\" sizes=\"auto, (max-width: 686px) 100vw, 686px\" \/><figcaption class=\"wp-element-caption\">Compromise Kimi Mask honoring Andr\u00e9 Sanou in Tounouma district, Bobo-Dioulasso, Burkina Faso, May 3, 2015 (headpiece by David Sanou in the studio of Andr\u00e9 Sanou). Photo: Lisa Homann.<\/figcaption><\/figure>\n\n\n\n<p>Pour ces \u0153uvres, David Sanou a incorpor\u00e9 l'abstraction du Kimi, qui ressemble \u00e0 un oiseau, et le naturalisme des masques photographiques honorifiques afin de cr\u00e9er un genre \u00ab compromis \u00bb, qui comprend des \u00e9l\u00e9ments picturaux dans la haute planche de ses superstructures et des traits faciaux humains pour honorer un individu, mais sans produire une ressemblance directe. C'est cette capacit\u00e9 \u00e0 innover qui a fait de Sanou un artiste de masques si talentueux. Les m\u00e9c\u00e8nes de divers quartiers de la ville et des villes environnantes commandent r\u00e9guli\u00e8rement \u00e0 Sanou des coiffes sculpt\u00e9es pour mascarades et d'autres cr\u00e9ations, car son travail respecte les normes r\u00e9gionales tout en faisant preuve d'un degr\u00e9 exceptionnel de raffinement et d'ing\u00e9niosit\u00e9 cr\u00e9ative.<\/p>\n\n\n\n<div class=\"wp-block-buttons is-layout-flex wp-block-buttons-is-layout-flex\">\n<div class=\"wp-block-button\"><a class=\"wp-block-button__link wp-element-button\" href=\"https:\/\/masquerades.noma.org\/fr\/exhibition-themes\/mobility\/\">Th\u00e8me de la prochaine exposition<\/a><\/div>\n\n\n\n<div class=\"wp-block-button\"><a class=\"wp-block-button__link wp-element-button\" href=\"https:\/\/masquerades.noma.org\/fr\/meet-the-artists\/david-sanou\/\">D\u00e9couvrez David Sanou<\/a><\/div>\n\n\n\n<div class=\"wp-block-button\"><a class=\"wp-block-button__link wp-element-button\" href=\"https:\/\/masquerades.noma.org\/fr\/masquerades-in-action\/burkina-faso\/\">Voir la galerie du Burkina Faso<\/a><\/div>\n<\/div>\n<\/div>\n\n\n\n<div class=\"wp-block-column is-layout-flow wp-block-column-is-layout-flow\">\n<figure class=\"wp-block-image size-large max-width-half-page\"><img loading=\"lazy\" decoding=\"async\" width=\"768\" height=\"1024\" src=\"https:\/\/masquerades.noma.org\/wp-content\/uploads\/2025\/06\/innovation-768x1024.jpg\" alt=\"\" class=\"wp-image-908\" srcset=\"https:\/\/masquerades.noma.org\/wp-content\/uploads\/2025\/06\/innovation-768x1024.jpg 768w, https:\/\/masquerades.noma.org\/wp-content\/uploads\/2025\/06\/innovation-225x300.jpg 225w, https:\/\/masquerades.noma.org\/wp-content\/uploads\/2025\/06\/innovation-9x12.jpg 9w, https:\/\/masquerades.noma.org\/wp-content\/uploads\/2025\/06\/innovation.jpg 900w\" sizes=\"auto, (max-width: 768px) 100vw, 768px\" \/><figcaption class=\"wp-element-caption\">Compromis Masque Kimi en l'honneur d'Andr\u00e9 Sanou dans le quartier de Tounouma, Bobo-Dioulasso, Burkina Faso, 3 mai 2015 (coiffe r\u00e9alis\u00e9e par David Sanou dans l'atelier d'Andr\u00e9 Sanou). Photo : Lisa Homann.<\/figcaption><\/figure>\n<\/div>\n<\/div>","protected":false},"excerpt":{"rendered":"<p>David Sanou\u2014Innovation Creative Innovation: Artist Choices and Compromise in Burkina Faso Masquerade artists are driven to show audiences something they [&hellip;]<\/p>","protected":false},"author":1,"featured_media":1112,"parent":426,"menu_order":3,"comment_status":"closed","ping_status":"closed","template":"","meta":{"_acf_changed":false,"site-sidebar-layout":"default","site-content-layout":"","ast-site-content-layout":"","site-content-style":"default","site-sidebar-style":"default","ast-global-header-display":"","ast-banner-title-visibility":"","ast-main-header-display":"","ast-hfb-above-header-display":"","ast-hfb-below-header-display":"","ast-hfb-mobile-header-display":"","site-post-title":"","ast-breadcrumbs-content":"","ast-featured-img":"","footer-sml-layout":"","theme-transparent-header-meta":"","adv-header-id-meta":"","stick-header-meta":"","header-above-stick-meta":"","header-main-stick-meta":"","header-below-stick-meta":"","astra-migrate-meta-layouts":"default","ast-page-background-enabled":"default","ast-page-background-meta":{"desktop":{"background-color":"var(--ast-global-color-4)","background-image":"","background-repeat":"repeat","background-position":"center center","background-size":"auto","background-attachment":"scroll","background-type":"","background-media":"","overlay-type":"","overlay-color":"","overlay-opacity":"","overlay-gradient":""},"tablet":{"background-color":"","background-image":"","background-repeat":"repeat","background-position":"center center","background-size":"auto","background-attachment":"scroll","background-type":"","background-media":"","overlay-type":"","overlay-color":"","overlay-opacity":"","overlay-gradient":""},"mobile":{"background-color":"","background-image":"","background-repeat":"repeat","background-position":"center center","background-size":"auto","background-attachment":"scroll","background-type":"","background-media":"","overlay-type":"","overlay-color":"","overlay-opacity":"","overlay-gradient":""}},"ast-content-background-meta":{"desktop":{"background-color":"var(--ast-global-color-5)","background-image":"","background-repeat":"repeat","background-position":"center center","background-size":"auto","background-attachment":"scroll","background-type":"","background-media":"","overlay-type":"","overlay-color":"","overlay-opacity":"","overlay-gradient":""},"tablet":{"background-color":"var(--ast-global-color-5)","background-image":"","background-repeat":"repeat","background-position":"center center","background-size":"auto","background-attachment":"scroll","background-type":"","background-media":"","overlay-type":"","overlay-color":"","overlay-opacity":"","overlay-gradient":""},"mobile":{"background-color":"var(--ast-global-color-5)","background-image":"","background-repeat":"repeat","background-position":"center center","background-size":"auto","background-attachment":"scroll","background-type":"","background-media":"","overlay-type":"","overlay-color":"","overlay-opacity":"","overlay-gradient":""}},"footnotes":""},"class_list":["post-430","page","type-page","status-publish","has-post-thumbnail","hentry"],"acf":[],"yoast_head":"<!-- This site is optimized with the Yoast SEO plugin v25.3.1 - https:\/\/yoast.com\/wordpress\/plugins\/seo\/ -->\n<title>Innovation - New African Masquerades<\/title>\n<meta name=\"robots\" content=\"noindex, follow, max-snippet:-1, max-image-preview:large, max-video-preview:-1\" \/>\n<meta property=\"og:locale\" content=\"fr_FR\" \/>\n<meta property=\"og:type\" content=\"article\" \/>\n<meta property=\"og:title\" content=\"Innovation - New African Masquerades\" \/>\n<meta property=\"og:description\" content=\"David Sanou\u2014Innovation Creative Innovation: Artist Choices and Compromise in Burkina Faso Masquerade artists are driven to show audiences something they [&hellip;]\" \/>\n<meta property=\"og:url\" content=\"https:\/\/masquerades.noma.org\/fr\/exhibition-themes\/innovation\/\" \/>\n<meta property=\"og:site_name\" content=\"New African Masquerades\" \/>\n<meta property=\"article:modified_time\" content=\"2025-08-11T13:21:03+00:00\" \/>\n<meta property=\"og:image\" content=\"https:\/\/masquerades.noma.org\/wp-content\/uploads\/2025\/07\/innovation.jpg\" \/>\n\t<meta property=\"og:image:width\" content=\"768\" \/>\n\t<meta property=\"og:image:height\" content=\"434\" \/>\n\t<meta property=\"og:image:type\" content=\"image\/jpeg\" \/>\n<meta name=\"twitter:card\" content=\"summary_large_image\" \/>\n<meta name=\"twitter:label1\" content=\"Dur\u00e9e de lecture estim\u00e9e\" \/>\n\t<meta name=\"twitter:data1\" content=\"3 minutes\" \/>\n<script type=\"application\/ld+json\" class=\"yoast-schema-graph\">{\"@context\":\"https:\/\/schema.org\",\"@graph\":[{\"@type\":\"WebPage\",\"@id\":\"https:\/\/masquerades.noma.org\/exhibition-themes\/innovation\/\",\"url\":\"https:\/\/masquerades.noma.org\/exhibition-themes\/innovation\/\",\"name\":\"Innovation - New African Masquerades\",\"isPartOf\":{\"@id\":\"https:\/\/masquerades.noma.org\/#website\"},\"primaryImageOfPage\":{\"@id\":\"https:\/\/masquerades.noma.org\/exhibition-themes\/innovation\/#primaryimage\"},\"image\":{\"@id\":\"https:\/\/masquerades.noma.org\/exhibition-themes\/innovation\/#primaryimage\"},\"thumbnailUrl\":\"https:\/\/masquerades.noma.org\/wp-content\/uploads\/2025\/07\/innovation.jpg\",\"datePublished\":\"2024-10-29T17:17:38+00:00\",\"dateModified\":\"2025-08-11T13:21:03+00:00\",\"breadcrumb\":{\"@id\":\"https:\/\/masquerades.noma.org\/exhibition-themes\/innovation\/#breadcrumb\"},\"inLanguage\":\"fr-FR\",\"potentialAction\":[{\"@type\":\"ReadAction\",\"target\":[\"https:\/\/masquerades.noma.org\/exhibition-themes\/innovation\/\"]}]},{\"@type\":\"ImageObject\",\"inLanguage\":\"fr-FR\",\"@id\":\"https:\/\/masquerades.noma.org\/exhibition-themes\/innovation\/#primaryimage\",\"url\":\"https:\/\/masquerades.noma.org\/wp-content\/uploads\/2025\/07\/innovation.jpg\",\"contentUrl\":\"https:\/\/masquerades.noma.org\/wp-content\/uploads\/2025\/07\/innovation.jpg\",\"width\":768,\"height\":434,\"caption\":\"Innovation\"},{\"@type\":\"BreadcrumbList\",\"@id\":\"https:\/\/masquerades.noma.org\/exhibition-themes\/innovation\/#breadcrumb\",\"itemListElement\":[{\"@type\":\"ListItem\",\"position\":1,\"name\":\"Home\",\"item\":\"https:\/\/masquerades.noma.org\/\"},{\"@type\":\"ListItem\",\"position\":2,\"name\":\"Exhibition Themes\",\"item\":\"https:\/\/masquerades.noma.org\/exhibition-themes\/\"},{\"@type\":\"ListItem\",\"position\":3,\"name\":\"Innovation\"}]},{\"@type\":\"WebSite\",\"@id\":\"https:\/\/masquerades.noma.org\/#website\",\"url\":\"https:\/\/masquerades.noma.org\/\",\"name\":\"New Masks Now\",\"description\":\"Artistic Innovations and Collaborations\",\"publisher\":{\"@id\":\"https:\/\/masquerades.noma.org\/#organization\"},\"potentialAction\":[{\"@type\":\"SearchAction\",\"target\":{\"@type\":\"EntryPoint\",\"urlTemplate\":\"https:\/\/masquerades.noma.org\/?s={search_term_string}\"},\"query-input\":{\"@type\":\"PropertyValueSpecification\",\"valueRequired\":true,\"valueName\":\"search_term_string\"}}],\"inLanguage\":\"fr-FR\"},{\"@type\":\"Organization\",\"@id\":\"https:\/\/masquerades.noma.org\/#organization\",\"name\":\"New Orleans Museum of Art\",\"url\":\"https:\/\/masquerades.noma.org\/\",\"logo\":{\"@type\":\"ImageObject\",\"inLanguage\":\"fr-FR\",\"@id\":\"https:\/\/masquerades.noma.org\/#\/schema\/logo\/image\/\",\"url\":\"https:\/\/masquerades.noma.org\/wp-content\/uploads\/2023\/11\/nmn-banner.jpg\",\"contentUrl\":\"https:\/\/masquerades.noma.org\/wp-content\/uploads\/2023\/11\/nmn-banner.jpg\",\"width\":900,\"height\":295,\"caption\":\"New Orleans Museum of Art\"},\"image\":{\"@id\":\"https:\/\/masquerades.noma.org\/#\/schema\/logo\/image\/\"}}]}<\/script>\n<!-- \/ Yoast SEO plugin. -->","yoast_head_json":{"title":"Innovation - New African Masquerades","robots":{"index":"noindex","follow":"follow","max-snippet":"max-snippet:-1","max-image-preview":"max-image-preview:large","max-video-preview":"max-video-preview:-1"},"og_locale":"fr_FR","og_type":"article","og_title":"Innovation - New African Masquerades","og_description":"David Sanou\u2014Innovation Creative Innovation: Artist Choices and Compromise in Burkina Faso Masquerade artists are driven to show audiences something they [&hellip;]","og_url":"https:\/\/masquerades.noma.org\/fr\/exhibition-themes\/innovation\/","og_site_name":"New African Masquerades","article_modified_time":"2025-08-11T13:21:03+00:00","og_image":[{"width":768,"height":434,"url":"https:\/\/masquerades.noma.org\/wp-content\/uploads\/2025\/07\/innovation.jpg","type":"image\/jpeg"}],"twitter_card":"summary_large_image","twitter_misc":{"Dur\u00e9e de lecture estim\u00e9e":"3 minutes"},"schema":{"@context":"https:\/\/schema.org","@graph":[{"@type":"WebPage","@id":"https:\/\/masquerades.noma.org\/exhibition-themes\/innovation\/","url":"https:\/\/masquerades.noma.org\/exhibition-themes\/innovation\/","name":"Innovation - New African Masquerades","isPartOf":{"@id":"https:\/\/masquerades.noma.org\/#website"},"primaryImageOfPage":{"@id":"https:\/\/masquerades.noma.org\/exhibition-themes\/innovation\/#primaryimage"},"image":{"@id":"https:\/\/masquerades.noma.org\/exhibition-themes\/innovation\/#primaryimage"},"thumbnailUrl":"https:\/\/masquerades.noma.org\/wp-content\/uploads\/2025\/07\/innovation.jpg","datePublished":"2024-10-29T17:17:38+00:00","dateModified":"2025-08-11T13:21:03+00:00","breadcrumb":{"@id":"https:\/\/masquerades.noma.org\/exhibition-themes\/innovation\/#breadcrumb"},"inLanguage":"fr-FR","potentialAction":[{"@type":"ReadAction","target":["https:\/\/masquerades.noma.org\/exhibition-themes\/innovation\/"]}]},{"@type":"ImageObject","inLanguage":"fr-FR","@id":"https:\/\/masquerades.noma.org\/exhibition-themes\/innovation\/#primaryimage","url":"https:\/\/masquerades.noma.org\/wp-content\/uploads\/2025\/07\/innovation.jpg","contentUrl":"https:\/\/masquerades.noma.org\/wp-content\/uploads\/2025\/07\/innovation.jpg","width":768,"height":434,"caption":"Innovation"},{"@type":"BreadcrumbList","@id":"https:\/\/masquerades.noma.org\/exhibition-themes\/innovation\/#breadcrumb","itemListElement":[{"@type":"ListItem","position":1,"name":"Home","item":"https:\/\/masquerades.noma.org\/"},{"@type":"ListItem","position":2,"name":"Exhibition Themes","item":"https:\/\/masquerades.noma.org\/exhibition-themes\/"},{"@type":"ListItem","position":3,"name":"Innovation"}]},{"@type":"WebSite","@id":"https:\/\/masquerades.noma.org\/#website","url":"https:\/\/masquerades.noma.org\/","name":"New Masks Now","description":"Artistic Innovations and Collaborations","publisher":{"@id":"https:\/\/masquerades.noma.org\/#organization"},"potentialAction":[{"@type":"SearchAction","target":{"@type":"EntryPoint","urlTemplate":"https:\/\/masquerades.noma.org\/?s={search_term_string}"},"query-input":{"@type":"PropertyValueSpecification","valueRequired":true,"valueName":"search_term_string"}}],"inLanguage":"fr-FR"},{"@type":"Organization","@id":"https:\/\/masquerades.noma.org\/#organization","name":"New Orleans Museum of Art","url":"https:\/\/masquerades.noma.org\/","logo":{"@type":"ImageObject","inLanguage":"fr-FR","@id":"https:\/\/masquerades.noma.org\/#\/schema\/logo\/image\/","url":"https:\/\/masquerades.noma.org\/wp-content\/uploads\/2023\/11\/nmn-banner.jpg","contentUrl":"https:\/\/masquerades.noma.org\/wp-content\/uploads\/2023\/11\/nmn-banner.jpg","width":900,"height":295,"caption":"New Orleans Museum of Art"},"image":{"@id":"https:\/\/masquerades.noma.org\/#\/schema\/logo\/image\/"}}]}},"_links":{"self":[{"href":"https:\/\/masquerades.noma.org\/fr\/wp-json\/wp\/v2\/pages\/430","targetHints":{"allow":["GET"]}}],"collection":[{"href":"https:\/\/masquerades.noma.org\/fr\/wp-json\/wp\/v2\/pages"}],"about":[{"href":"https:\/\/masquerades.noma.org\/fr\/wp-json\/wp\/v2\/types\/page"}],"author":[{"embeddable":true,"href":"https:\/\/masquerades.noma.org\/fr\/wp-json\/wp\/v2\/users\/1"}],"replies":[{"embeddable":true,"href":"https:\/\/masquerades.noma.org\/fr\/wp-json\/wp\/v2\/comments?post=430"}],"version-history":[{"count":20,"href":"https:\/\/masquerades.noma.org\/fr\/wp-json\/wp\/v2\/pages\/430\/revisions"}],"predecessor-version":[{"id":1135,"href":"https:\/\/masquerades.noma.org\/fr\/wp-json\/wp\/v2\/pages\/430\/revisions\/1135"}],"up":[{"embeddable":true,"href":"https:\/\/masquerades.noma.org\/fr\/wp-json\/wp\/v2\/pages\/426"}],"wp:featuredmedia":[{"embeddable":true,"href":"https:\/\/masquerades.noma.org\/fr\/wp-json\/wp\/v2\/media\/1112"}],"wp:attachment":[{"href":"https:\/\/masquerades.noma.org\/fr\/wp-json\/wp\/v2\/media?parent=430"}],"curies":[{"name":"wp","href":"https:\/\/api.w.org\/{rel}","templated":true}]}}