{"id":431,"date":"2024-10-29T12:17:38","date_gmt":"2024-10-29T17:17:38","guid":{"rendered":"https:\/\/masquerades.noma.org\/?page_id=431"},"modified":"2025-07-20T10:21:09","modified_gmt":"2025-07-20T15:21:09","slug":"mobility","status":"publish","type":"page","link":"https:\/\/masquerades.noma.org\/fr\/exhibition-themes\/mobility\/","title":{"rendered":"Mobilit\u00e9"},"content":{"rendered":"<div class=\"wp-block-columns alignwide mobile-reverse is-layout-flex wp-container-core-columns-is-layout-28f84493 wp-block-columns-is-layout-flex\">\n<div class=\"wp-block-column is-layout-flow wp-block-column-is-layout-flow\">\n<figure class=\"wp-block-image aligncenter size-full is-resized\"><img loading=\"lazy\" decoding=\"async\" width=\"169\" height=\"165\" src=\"https:\/\/masquerades.noma.org\/wp-content\/uploads\/2025\/06\/BB1.png\" alt=\"\" class=\"wp-image-877\" style=\"width:56px\" srcset=\"https:\/\/masquerades.noma.org\/wp-content\/uploads\/2025\/06\/BB1.png 169w, https:\/\/masquerades.noma.org\/wp-content\/uploads\/2025\/06\/BB1-12x12.png 12w\" sizes=\"auto, (max-width: 169px) 100vw, 169px\" \/><\/figure>\n\n\n\n<h2 class=\"wp-block-heading\">Sheku \u00ab Goldenfinger \u00bb Fofanah \u2014 Mobilit\u00e9 et technologie<\/h2>\n\n\n\n<h3 class=\"wp-block-heading\">Mobilisation des mascarades : Sierra Leone<\/h3>\n\n\n\n<p>Les mascarades sont mobiles dans leur ex\u00e9cution et n\u00e9cessitent des gestes coordonn\u00e9s, des pas de danse et, surtout, de la musique. Au-del\u00e0 de leur mobilit\u00e9 cin\u00e9tique, les mascarades sont \u00e9galement mobiles sur le plan g\u00e9ographique, et les villes sont devenues des lieux majeurs pour l'invention de genres contemporains de mascarades urbaines, qui ont fini par \u00eatre export\u00e9s vers des communaut\u00e9s du monde entier \u00e0 mesure que leur popularit\u00e9 grandissait et que les individus voyageaient ou s'installaient \u00e0 l'\u00e9tranger.<\/p>\n\n\n\n<p>C'est le cas des \u00ab d\u00e9mons \u00bb Ordehlay et Jollay, comme on appelle les mascarades, \u00e0 l'instar de celles cr\u00e9\u00e9es par Sheku \u00ab Goldenfinger \u00bb Fofanah. Ordehlay a \u00e9t\u00e9 invent\u00e9 par de jeunes migrants confront\u00e9s aux difficult\u00e9s socio-\u00e9conomiques courantes de la vie urbaine, qui ont rejoint des soci\u00e9t\u00e9s de mascarades pour b\u00e9n\u00e9ficier du soutien financier et de la vie nocturne anim\u00e9e qu'elles offraient. Le <a href=\"\/fr\/masquerades-in-action\/sierra-leone\/\">Genre f\u00e9\u00e9rique<\/a> de la Jollay Society a \u00e9t\u00e9 import\u00e9e du Ghana afin de c\u00e9l\u00e9brer la paix et de rassembler les gens autour d'objectifs communs.<\/p>\n\n\n\n<p>Aujourd'hui, la mobilit\u00e9 des masques est acc\u00e9l\u00e9r\u00e9e par les nouvelles technologies m\u00e9diatiques et les applications de messagerie telles que WhatsApp, Facebook et YouTube. Les branches internationales et les spectacles culturels dans la diaspora ont prosp\u00e9r\u00e9, car les membres et les artistes-kotus utilisent ces plateformes pour acheter, suivre, vendre et inspirer les masques, ce qui en fait non seulement des applications sociales, mais aussi des outils commerciaux. \u00c0 mesure que les d\u00e9mons traversent les fronti\u00e8res, leur esth\u00e9tique \u00e9volue pour refl\u00e9ter de nouvelles id\u00e9es cr\u00e9atives et les pr\u00e9occupations locales.<\/p>\n\n\n\n<div class=\"wp-block-buttons is-layout-flex wp-block-buttons-is-layout-flex\">\n<div class=\"wp-block-button\"><a class=\"wp-block-button__link wp-element-button\" href=\"https:\/\/masquerades.noma.org\/fr\/exhibition-themes\/collaboration\/\">Th\u00e8me de la premi\u00e8re exposition<\/a><\/div>\n\n\n\n<div class=\"wp-block-button\"><a class=\"wp-block-button__link wp-element-button\" href=\"https:\/\/masquerades.noma.org\/fr\/meet-the-artists\/sheku-goldenfinger-fofanah\/\">D\u00e9couvrez Sheku Fofanah<\/a><\/div>\n\n\n\n<div class=\"wp-block-button\"><a class=\"wp-block-button__link wp-element-button\" href=\"https:\/\/masquerades.noma.org\/fr\/masquerades-in-action\/sierra-leone\/\">Voir la galerie Sierra Leone<\/a><\/div>\n<\/div>\n<\/div>\n\n\n\n<div class=\"wp-block-column is-layout-flow wp-block-column-is-layout-flow\">\n<figure class=\"wp-block-image size-full is-resized max-width-half-page\"><img loading=\"lazy\" decoding=\"async\" width=\"443\" height=\"661\" src=\"https:\/\/masquerades.noma.org\/wp-content\/uploads\/2024\/10\/Independence-Day-Ordehlay-devil-by-kotu-Sheku-Fofanah.jpg\" alt=\"\" class=\"wp-image-484\" style=\"width:800px\" srcset=\"https:\/\/masquerades.noma.org\/wp-content\/uploads\/2024\/10\/Independence-Day-Ordehlay-devil-by-kotu-Sheku-Fofanah.jpg 443w, https:\/\/masquerades.noma.org\/wp-content\/uploads\/2024\/10\/Independence-Day-Ordehlay-devil-by-kotu-Sheku-Fofanah-201x300.jpg 201w, https:\/\/masquerades.noma.org\/wp-content\/uploads\/2024\/10\/Independence-Day-Ordehlay-devil-by-kotu-Sheku-Fofanah-8x12.jpg 8w\" sizes=\"auto, (max-width: 443px) 100vw, 443px\" \/><figcaption class=\"wp-element-caption\">Diable Koyah cr\u00e9\u00e9 par Sheku Fofanah pour la Bolobine Ordehlay Society, expos\u00e9 et conserv\u00e9 au Mus\u00e9e national de Sierra Leone, \u00e0 Freetown. Remarquez la nature gestuelle de l'ensemble. 12 janvier 2017. Photo : Amanda M. Maples.<\/figcaption><\/figure>\n<\/div>\n<\/div>","protected":false},"excerpt":{"rendered":"<p>Sheku \u201cGoldenfinger\u201d Fofanah\u2014Mobility &amp; Technology Mobilizing Masquerades: Sierra Leone Masquerades are mobile in performance and require coordinated gestures, dance steps, [&hellip;]<\/p>","protected":false},"author":1,"featured_media":484,"parent":426,"menu_order":4,"comment_status":"closed","ping_status":"closed","template":"","meta":{"_acf_changed":false,"site-sidebar-layout":"default","site-content-layout":"","ast-site-content-layout":"","site-content-style":"default","site-sidebar-style":"default","ast-global-header-display":"","ast-banner-title-visibility":"","ast-main-header-display":"","ast-hfb-above-header-display":"","ast-hfb-below-header-display":"","ast-hfb-mobile-header-display":"","site-post-title":"","ast-breadcrumbs-content":"","ast-featured-img":"","footer-sml-layout":"","theme-transparent-header-meta":"","adv-header-id-meta":"","stick-header-meta":"","header-above-stick-meta":"","header-main-stick-meta":"","header-below-stick-meta":"","astra-migrate-meta-layouts":"default","ast-page-background-enabled":"default","ast-page-background-meta":{"desktop":{"background-color":"var(--ast-global-color-4)","background-image":"","background-repeat":"repeat","background-position":"center center","background-size":"auto","background-attachment":"scroll","background-type":"","background-media":"","overlay-type":"","overlay-color":"","overlay-opacity":"","overlay-gradient":""},"tablet":{"background-color":"","background-image":"","background-repeat":"repeat","background-position":"center center","background-size":"auto","background-attachment":"scroll","background-type":"","background-media":"","overlay-type":"","overlay-color":"","overlay-opacity":"","overlay-gradient":""},"mobile":{"background-color":"","background-image":"","background-repeat":"repeat","background-position":"center center","background-size":"auto","background-attachment":"scroll","background-type":"","background-media":"","overlay-type":"","overlay-color":"","overlay-opacity":"","overlay-gradient":""}},"ast-content-background-meta":{"desktop":{"background-color":"var(--ast-global-color-5)","background-image":"","background-repeat":"repeat","background-position":"center center","background-size":"auto","background-attachment":"scroll","background-type":"","background-media":"","overlay-type":"","overlay-color":"","overlay-opacity":"","overlay-gradient":""},"tablet":{"background-color":"var(--ast-global-color-5)","background-image":"","background-repeat":"repeat","background-position":"center center","background-size":"auto","background-attachment":"scroll","background-type":"","background-media":"","overlay-type":"","overlay-color":"","overlay-opacity":"","overlay-gradient":""},"mobile":{"background-color":"var(--ast-global-color-5)","background-image":"","background-repeat":"repeat","background-position":"center center","background-size":"auto","background-attachment":"scroll","background-type":"","background-media":"","overlay-type":"","overlay-color":"","overlay-opacity":"","overlay-gradient":""}},"footnotes":""},"class_list":["post-431","page","type-page","status-publish","has-post-thumbnail","hentry"],"acf":[],"yoast_head":"<!-- This site is optimized with the Yoast SEO plugin v25.3.1 - https:\/\/yoast.com\/wordpress\/plugins\/seo\/ -->\n<title>Mobility - New African Masquerades<\/title>\n<meta name=\"robots\" content=\"noindex, follow, max-snippet:-1, max-image-preview:large, max-video-preview:-1\" \/>\n<meta property=\"og:locale\" content=\"fr_FR\" \/>\n<meta property=\"og:type\" content=\"article\" \/>\n<meta property=\"og:title\" content=\"Mobility - New African Masquerades\" \/>\n<meta property=\"og:description\" content=\"Sheku \u201cGoldenfinger\u201d Fofanah\u2014Mobility &amp; Technology Mobilizing Masquerades: Sierra Leone Masquerades are mobile in performance and require coordinated gestures, dance steps, [&hellip;]\" \/>\n<meta property=\"og:url\" content=\"https:\/\/masquerades.noma.org\/fr\/exhibition-themes\/mobility\/\" \/>\n<meta property=\"og:site_name\" content=\"New African Masquerades\" \/>\n<meta property=\"article:modified_time\" content=\"2025-07-20T15:21:09+00:00\" \/>\n<meta property=\"og:image\" content=\"https:\/\/masquerades.noma.org\/wp-content\/uploads\/2024\/10\/Independence-Day-Ordehlay-devil-by-kotu-Sheku-Fofanah.jpg\" \/>\n\t<meta property=\"og:image:width\" content=\"443\" \/>\n\t<meta property=\"og:image:height\" content=\"661\" \/>\n\t<meta property=\"og:image:type\" content=\"image\/jpeg\" \/>\n<meta name=\"twitter:card\" content=\"summary_large_image\" \/>\n<meta name=\"twitter:label1\" content=\"Dur\u00e9e de lecture estim\u00e9e\" \/>\n\t<meta name=\"twitter:data1\" content=\"2 minutes\" \/>\n<script type=\"application\/ld+json\" class=\"yoast-schema-graph\">{\"@context\":\"https:\/\/schema.org\",\"@graph\":[{\"@type\":\"WebPage\",\"@id\":\"https:\/\/masquerades.noma.org\/exhibition-themes\/mobility\/\",\"url\":\"https:\/\/masquerades.noma.org\/exhibition-themes\/mobility\/\",\"name\":\"Mobility - New African Masquerades\",\"isPartOf\":{\"@id\":\"https:\/\/masquerades.noma.org\/#website\"},\"primaryImageOfPage\":{\"@id\":\"https:\/\/masquerades.noma.org\/exhibition-themes\/mobility\/#primaryimage\"},\"image\":{\"@id\":\"https:\/\/masquerades.noma.org\/exhibition-themes\/mobility\/#primaryimage\"},\"thumbnailUrl\":\"https:\/\/masquerades.noma.org\/wp-content\/uploads\/2024\/10\/Independence-Day-Ordehlay-devil-by-kotu-Sheku-Fofanah.jpg\",\"datePublished\":\"2024-10-29T17:17:38+00:00\",\"dateModified\":\"2025-07-20T15:21:09+00:00\",\"breadcrumb\":{\"@id\":\"https:\/\/masquerades.noma.org\/exhibition-themes\/mobility\/#breadcrumb\"},\"inLanguage\":\"fr-FR\",\"potentialAction\":[{\"@type\":\"ReadAction\",\"target\":[\"https:\/\/masquerades.noma.org\/exhibition-themes\/mobility\/\"]}]},{\"@type\":\"ImageObject\",\"inLanguage\":\"fr-FR\",\"@id\":\"https:\/\/masquerades.noma.org\/exhibition-themes\/mobility\/#primaryimage\",\"url\":\"https:\/\/masquerades.noma.org\/wp-content\/uploads\/2024\/10\/Independence-Day-Ordehlay-devil-by-kotu-Sheku-Fofanah.jpg\",\"contentUrl\":\"https:\/\/masquerades.noma.org\/wp-content\/uploads\/2024\/10\/Independence-Day-Ordehlay-devil-by-kotu-Sheku-Fofanah.jpg\",\"width\":443,\"height\":661},{\"@type\":\"BreadcrumbList\",\"@id\":\"https:\/\/masquerades.noma.org\/exhibition-themes\/mobility\/#breadcrumb\",\"itemListElement\":[{\"@type\":\"ListItem\",\"position\":1,\"name\":\"Home\",\"item\":\"https:\/\/masquerades.noma.org\/\"},{\"@type\":\"ListItem\",\"position\":2,\"name\":\"Exhibition Themes\",\"item\":\"https:\/\/masquerades.noma.org\/exhibition-themes\/\"},{\"@type\":\"ListItem\",\"position\":3,\"name\":\"Mobility\"}]},{\"@type\":\"WebSite\",\"@id\":\"https:\/\/masquerades.noma.org\/#website\",\"url\":\"https:\/\/masquerades.noma.org\/\",\"name\":\"New Masks Now\",\"description\":\"Artistic Innovations and Collaborations\",\"publisher\":{\"@id\":\"https:\/\/masquerades.noma.org\/#organization\"},\"potentialAction\":[{\"@type\":\"SearchAction\",\"target\":{\"@type\":\"EntryPoint\",\"urlTemplate\":\"https:\/\/masquerades.noma.org\/?s={search_term_string}\"},\"query-input\":{\"@type\":\"PropertyValueSpecification\",\"valueRequired\":true,\"valueName\":\"search_term_string\"}}],\"inLanguage\":\"fr-FR\"},{\"@type\":\"Organization\",\"@id\":\"https:\/\/masquerades.noma.org\/#organization\",\"name\":\"New Orleans Museum of Art\",\"url\":\"https:\/\/masquerades.noma.org\/\",\"logo\":{\"@type\":\"ImageObject\",\"inLanguage\":\"fr-FR\",\"@id\":\"https:\/\/masquerades.noma.org\/#\/schema\/logo\/image\/\",\"url\":\"https:\/\/masquerades.noma.org\/wp-content\/uploads\/2023\/11\/nmn-banner.jpg\",\"contentUrl\":\"https:\/\/masquerades.noma.org\/wp-content\/uploads\/2023\/11\/nmn-banner.jpg\",\"width\":900,\"height\":295,\"caption\":\"New Orleans Museum of Art\"},\"image\":{\"@id\":\"https:\/\/masquerades.noma.org\/#\/schema\/logo\/image\/\"}}]}<\/script>\n<!-- \/ Yoast SEO plugin. -->","yoast_head_json":{"title":"Mobility - New African Masquerades","robots":{"index":"noindex","follow":"follow","max-snippet":"max-snippet:-1","max-image-preview":"max-image-preview:large","max-video-preview":"max-video-preview:-1"},"og_locale":"fr_FR","og_type":"article","og_title":"Mobility - New African Masquerades","og_description":"Sheku \u201cGoldenfinger\u201d Fofanah\u2014Mobility &amp; Technology Mobilizing Masquerades: Sierra Leone Masquerades are mobile in performance and require coordinated gestures, dance steps, [&hellip;]","og_url":"https:\/\/masquerades.noma.org\/fr\/exhibition-themes\/mobility\/","og_site_name":"New African Masquerades","article_modified_time":"2025-07-20T15:21:09+00:00","og_image":[{"width":443,"height":661,"url":"https:\/\/masquerades.noma.org\/wp-content\/uploads\/2024\/10\/Independence-Day-Ordehlay-devil-by-kotu-Sheku-Fofanah.jpg","type":"image\/jpeg"}],"twitter_card":"summary_large_image","twitter_misc":{"Dur\u00e9e de lecture estim\u00e9e":"2 minutes"},"schema":{"@context":"https:\/\/schema.org","@graph":[{"@type":"WebPage","@id":"https:\/\/masquerades.noma.org\/exhibition-themes\/mobility\/","url":"https:\/\/masquerades.noma.org\/exhibition-themes\/mobility\/","name":"Mobility - New African Masquerades","isPartOf":{"@id":"https:\/\/masquerades.noma.org\/#website"},"primaryImageOfPage":{"@id":"https:\/\/masquerades.noma.org\/exhibition-themes\/mobility\/#primaryimage"},"image":{"@id":"https:\/\/masquerades.noma.org\/exhibition-themes\/mobility\/#primaryimage"},"thumbnailUrl":"https:\/\/masquerades.noma.org\/wp-content\/uploads\/2024\/10\/Independence-Day-Ordehlay-devil-by-kotu-Sheku-Fofanah.jpg","datePublished":"2024-10-29T17:17:38+00:00","dateModified":"2025-07-20T15:21:09+00:00","breadcrumb":{"@id":"https:\/\/masquerades.noma.org\/exhibition-themes\/mobility\/#breadcrumb"},"inLanguage":"fr-FR","potentialAction":[{"@type":"ReadAction","target":["https:\/\/masquerades.noma.org\/exhibition-themes\/mobility\/"]}]},{"@type":"ImageObject","inLanguage":"fr-FR","@id":"https:\/\/masquerades.noma.org\/exhibition-themes\/mobility\/#primaryimage","url":"https:\/\/masquerades.noma.org\/wp-content\/uploads\/2024\/10\/Independence-Day-Ordehlay-devil-by-kotu-Sheku-Fofanah.jpg","contentUrl":"https:\/\/masquerades.noma.org\/wp-content\/uploads\/2024\/10\/Independence-Day-Ordehlay-devil-by-kotu-Sheku-Fofanah.jpg","width":443,"height":661},{"@type":"BreadcrumbList","@id":"https:\/\/masquerades.noma.org\/exhibition-themes\/mobility\/#breadcrumb","itemListElement":[{"@type":"ListItem","position":1,"name":"Home","item":"https:\/\/masquerades.noma.org\/"},{"@type":"ListItem","position":2,"name":"Exhibition Themes","item":"https:\/\/masquerades.noma.org\/exhibition-themes\/"},{"@type":"ListItem","position":3,"name":"Mobility"}]},{"@type":"WebSite","@id":"https:\/\/masquerades.noma.org\/#website","url":"https:\/\/masquerades.noma.org\/","name":"New Masks Now","description":"Artistic Innovations and Collaborations","publisher":{"@id":"https:\/\/masquerades.noma.org\/#organization"},"potentialAction":[{"@type":"SearchAction","target":{"@type":"EntryPoint","urlTemplate":"https:\/\/masquerades.noma.org\/?s={search_term_string}"},"query-input":{"@type":"PropertyValueSpecification","valueRequired":true,"valueName":"search_term_string"}}],"inLanguage":"fr-FR"},{"@type":"Organization","@id":"https:\/\/masquerades.noma.org\/#organization","name":"New Orleans Museum of Art","url":"https:\/\/masquerades.noma.org\/","logo":{"@type":"ImageObject","inLanguage":"fr-FR","@id":"https:\/\/masquerades.noma.org\/#\/schema\/logo\/image\/","url":"https:\/\/masquerades.noma.org\/wp-content\/uploads\/2023\/11\/nmn-banner.jpg","contentUrl":"https:\/\/masquerades.noma.org\/wp-content\/uploads\/2023\/11\/nmn-banner.jpg","width":900,"height":295,"caption":"New Orleans Museum of Art"},"image":{"@id":"https:\/\/masquerades.noma.org\/#\/schema\/logo\/image\/"}}]}},"_links":{"self":[{"href":"https:\/\/masquerades.noma.org\/fr\/wp-json\/wp\/v2\/pages\/431","targetHints":{"allow":["GET"]}}],"collection":[{"href":"https:\/\/masquerades.noma.org\/fr\/wp-json\/wp\/v2\/pages"}],"about":[{"href":"https:\/\/masquerades.noma.org\/fr\/wp-json\/wp\/v2\/types\/page"}],"author":[{"embeddable":true,"href":"https:\/\/masquerades.noma.org\/fr\/wp-json\/wp\/v2\/users\/1"}],"replies":[{"embeddable":true,"href":"https:\/\/masquerades.noma.org\/fr\/wp-json\/wp\/v2\/comments?post=431"}],"version-history":[{"count":14,"href":"https:\/\/masquerades.noma.org\/fr\/wp-json\/wp\/v2\/pages\/431\/revisions"}],"predecessor-version":[{"id":1046,"href":"https:\/\/masquerades.noma.org\/fr\/wp-json\/wp\/v2\/pages\/431\/revisions\/1046"}],"up":[{"embeddable":true,"href":"https:\/\/masquerades.noma.org\/fr\/wp-json\/wp\/v2\/pages\/426"}],"wp:featuredmedia":[{"embeddable":true,"href":"https:\/\/masquerades.noma.org\/fr\/wp-json\/wp\/v2\/media\/484"}],"wp:attachment":[{"href":"https:\/\/masquerades.noma.org\/fr\/wp-json\/wp\/v2\/media?parent=431"}],"curies":[{"name":"wp","href":"https:\/\/api.w.org\/{rel}","templated":true}]}}