{"id":82,"date":"2023-10-25T09:48:39","date_gmt":"2023-10-25T14:48:39","guid":{"rendered":"https:\/\/masks.noma.org\/?page_id=82"},"modified":"2025-07-25T09:44:38","modified_gmt":"2025-07-25T14:44:38","slug":"about-the-exhibition","status":"publish","type":"page","link":"https:\/\/masquerades.noma.org\/fr\/about-the-exhibition\/","title":{"rendered":"L'exposition"},"content":{"rendered":"<div style=\"height:55vh\" aria-hidden=\"true\" class=\"wp-block-spacer\"><\/div>\n\n\n\n<div class=\"wp-block-columns alignfull mobile-reverse is-layout-flex wp-container-core-columns-is-layout-28f84493 wp-block-columns-is-layout-flex\">\n<div class=\"wp-block-column is-layout-flow wp-block-column-is-layout-flow\" style=\"flex-basis:60%\"><\/div>\n\n\n\n<div class=\"wp-block-column is-layout-flow wp-block-column-is-layout-flow\" style=\"flex-basis:40%\">\n<div class=\"wp-block-group has-background is-layout-constrained wp-container-core-group-is-layout-f611be13 wp-block-group-is-layout-constrained\" style=\"background-color:#121212e0;padding-top:var(--wp--preset--spacing--50);padding-right:var(--wp--preset--spacing--50);padding-bottom:var(--wp--preset--spacing--50);padding-left:var(--wp--preset--spacing--50)\">\n<h2 class=\"wp-block-heading\">L'exposition<\/h2>\n\n\n\n<p><em><strong>Nouvelles mascarades africaines : innovations artistiques et collaborations<\/strong><\/em> partage les histoires de quatre artistes du bal masqu\u00e9 : <a href=\"https:\/\/masquerades.noma.org\/fr\/meet-the-artists\/herve-youmbi\/\">Herv\u00e9 Youmbi<\/a> (Cameroun), <a href=\"https:\/\/masquerades.noma.org\/fr\/meet-the-artists\/chief-ekpenyong-bassey-nsa\/\">Chef Ekpenyong Bassey Nsa<\/a> (Nigeria), <a href=\"https:\/\/masquerades.noma.org\/fr\/meet-the-artists\/david-sanou\/\">David Sanou<\/a> (Burkina Faso), et <a href=\"https:\/\/masquerades.noma.org\/fr\/meet-the-artists\/sheku-goldenfinger-fofanah\/\">Sheku \u201cGoldenfinger\u201d Fofanah<\/a> (Sierra Leone), en explorant leurs motivations, leurs choix artistiques, les r\u00e9seaux de m\u00e9c\u00e9nat et \u00e9conomiques auxquels ils participent, et la mani\u00e8re dont les artistes adaptent leurs genres respectifs en r\u00e9ponse aux circonstances actuelles et aux tendances changeantes, tant au niveau local que mondial. Ce projet s'inscrit dans une d\u00e9marche humaniste, guid\u00e9e par des consid\u00e9rations \u00e9thiques dans le cadre de la collaboration avec des artistes vivants issus d'anciens territoires colonis\u00e9s, et vise \u00e0 favoriser des interactions significatives avec le public et les communaut\u00e9s des deux c\u00f4t\u00e9s de l'Atlantique.<\/p>\n\n\n\n<iframe title=\"3DGS 3\" src=\"https:\/\/www.kiriengine.app\/share\/3dgsEmbed\/1916641304817696768?userId=1099863&#038;bg_theme=dark&#038;auto_spin=1\" frameborder=\"0\" allowfullscreen mozallowfullscreen webkitallowfullscreen allow=\"autoplay; fullscreen;\" execution-while-out-of-viewport execution-while-not-rendered style=\"max-width:100%;max-height:100%;min-width:100%;min-height:480px;\"><\/iframe>\n\n\n\n<p class=\"caption\">Nigeria<\/p>\n\n\n\n<iframe title=\"3DGS 4\" src=\"https:\/\/www.kiriengine.app\/share\/3dgsEmbed\/1918409489170563072?userId=1099863&#038;bg_theme=dark&#038;auto_spin=1\" frameborder=\"0\" allowfullscreen mozallowfullscreen webkitallowfullscreen allow=\"autoplay; fullscreen;\" execution-while-out-of-viewport execution-while-not-rendered style=\"max-width:100%;max-height:100%;min-width:100%;min-height:480px;\"><\/iframe>\n\n\n\n<p class=\"caption\">Burkina Faso<\/p>\n\n\n\n<iframe title=\"3DGS 1\" src=\"https:\/\/www.kiriengine.app\/share\/3dgsEmbed\/1914645918011883520?userId=1099863&#038;bg_theme=dark&#038;auto_spin=1\" frameborder=\"0\" allowfullscreen mozallowfullscreen webkitallowfullscreen allow=\"autoplay; fullscreen;\" execution-while-out-of-viewport execution-while-not-rendered style=\"max-width:100%;max-height:100%;min-width:100%;min-height:480px;\"><\/iframe>\n\n\n\n<p class=\"caption\">Nigeria<\/p>\n\n\n\n<figure class=\"wp-block-image aligncenter size-full is-resized\"><img loading=\"lazy\" decoding=\"async\" width=\"768\" height=\"157\" src=\"https:\/\/masquerades.noma.org\/wp-content\/uploads\/2025\/07\/blocks-768x157-2.png\" alt=\"Breeze Blocks\" class=\"wp-image-1097\" style=\"width:244px\" srcset=\"https:\/\/masquerades.noma.org\/wp-content\/uploads\/2025\/07\/blocks-768x157-2.png 768w, https:\/\/masquerades.noma.org\/wp-content\/uploads\/2025\/07\/blocks-768x157-2-300x61.png 300w, https:\/\/masquerades.noma.org\/wp-content\/uploads\/2025\/07\/blocks-768x157-2-18x4.png 18w\" sizes=\"auto, (max-width: 768px) 100vw, 768px\" \/><\/figure>\n\n\n\n<figure class=\"wp-block-image size-large\"><img loading=\"lazy\" decoding=\"async\" width=\"1024\" height=\"683\" src=\"https:\/\/masquerades.noma.org\/wp-content\/uploads\/2025\/06\/Youmbi-Installation_Photo-by-Wayan-Barre-1024x683.jpg\" alt=\"\" class=\"wp-image-874\" srcset=\"https:\/\/masquerades.noma.org\/wp-content\/uploads\/2025\/06\/Youmbi-Installation_Photo-by-Wayan-Barre-1024x683.jpg 1024w, https:\/\/masquerades.noma.org\/wp-content\/uploads\/2025\/06\/Youmbi-Installation_Photo-by-Wayan-Barre-300x200.jpg 300w, https:\/\/masquerades.noma.org\/wp-content\/uploads\/2025\/06\/Youmbi-Installation_Photo-by-Wayan-Barre-768x512.jpg 768w, https:\/\/masquerades.noma.org\/wp-content\/uploads\/2025\/06\/Youmbi-Installation_Photo-by-Wayan-Barre-18x12.jpg 18w, https:\/\/masquerades.noma.org\/wp-content\/uploads\/2025\/06\/Youmbi-Installation_Photo-by-Wayan-Barre.jpg 1200w\" sizes=\"auto, (max-width: 1024px) 100vw, 1024px\" \/><figcaption class=\"wp-element-caption\">Installation Youmbi. Photo de Wayan Barre<\/figcaption><\/figure>\n\n\n\n<figure class=\"wp-block-image size-large\"><img loading=\"lazy\" decoding=\"async\" width=\"1024\" height=\"683\" src=\"https:\/\/masquerades.noma.org\/wp-content\/uploads\/2025\/06\/Installation_Photo-by-Sesthasek-Boonchai-1024x683.jpg\" alt=\"\" class=\"wp-image-873\" srcset=\"https:\/\/masquerades.noma.org\/wp-content\/uploads\/2025\/06\/Installation_Photo-by-Sesthasek-Boonchai-1024x683.jpg 1024w, https:\/\/masquerades.noma.org\/wp-content\/uploads\/2025\/06\/Installation_Photo-by-Sesthasek-Boonchai-300x200.jpg 300w, https:\/\/masquerades.noma.org\/wp-content\/uploads\/2025\/06\/Installation_Photo-by-Sesthasek-Boonchai-768x512.jpg 768w, https:\/\/masquerades.noma.org\/wp-content\/uploads\/2025\/06\/Installation_Photo-by-Sesthasek-Boonchai-18x12.jpg 18w, https:\/\/masquerades.noma.org\/wp-content\/uploads\/2025\/06\/Installation_Photo-by-Sesthasek-Boonchai.jpg 1200w\" sizes=\"auto, (max-width: 1024px) 100vw, 1024px\" \/><figcaption class=\"wp-element-caption\">Photo de l'installation par Sesthasek Boonchai<\/figcaption><\/figure>\n\n\n\n<figure class=\"wp-block-image size-large\"><img loading=\"lazy\" decoding=\"async\" width=\"683\" height=\"1024\" src=\"https:\/\/masquerades.noma.org\/wp-content\/uploads\/2025\/06\/Sanou-Installation_Photo-by-Sesthasek-Boonchai-683x1024.jpg\" alt=\"\" class=\"wp-image-872\" srcset=\"https:\/\/masquerades.noma.org\/wp-content\/uploads\/2025\/06\/Sanou-Installation_Photo-by-Sesthasek-Boonchai-683x1024.jpg 683w, https:\/\/masquerades.noma.org\/wp-content\/uploads\/2025\/06\/Sanou-Installation_Photo-by-Sesthasek-Boonchai-200x300.jpg 200w, https:\/\/masquerades.noma.org\/wp-content\/uploads\/2025\/06\/Sanou-Installation_Photo-by-Sesthasek-Boonchai-768x1152.jpg 768w, https:\/\/masquerades.noma.org\/wp-content\/uploads\/2025\/06\/Sanou-Installation_Photo-by-Sesthasek-Boonchai-8x12.jpg 8w, https:\/\/masquerades.noma.org\/wp-content\/uploads\/2025\/06\/Sanou-Installation_Photo-by-Sesthasek-Boonchai.jpg 800w\" sizes=\"auto, (max-width: 683px) 100vw, 683px\" \/><figcaption class=\"wp-element-caption\">Installation Sanou. Photo de Sesthasek Boonchai.<\/figcaption><\/figure>\n\n\n\n<figure class=\"wp-block-image size-large\"><img loading=\"lazy\" decoding=\"async\" width=\"1024\" height=\"683\" src=\"https:\/\/masquerades.noma.org\/wp-content\/uploads\/2025\/06\/Sanou-Installation_Photo-by-Wayan-Barre-1024x683.jpg\" alt=\"\" class=\"wp-image-871\" srcset=\"https:\/\/masquerades.noma.org\/wp-content\/uploads\/2025\/06\/Sanou-Installation_Photo-by-Wayan-Barre-1024x683.jpg 1024w, https:\/\/masquerades.noma.org\/wp-content\/uploads\/2025\/06\/Sanou-Installation_Photo-by-Wayan-Barre-300x200.jpg 300w, https:\/\/masquerades.noma.org\/wp-content\/uploads\/2025\/06\/Sanou-Installation_Photo-by-Wayan-Barre-768x512.jpg 768w, https:\/\/masquerades.noma.org\/wp-content\/uploads\/2025\/06\/Sanou-Installation_Photo-by-Wayan-Barre-18x12.jpg 18w, https:\/\/masquerades.noma.org\/wp-content\/uploads\/2025\/06\/Sanou-Installation_Photo-by-Wayan-Barre.jpg 1200w\" sizes=\"auto, (max-width: 1024px) 100vw, 1024px\" \/><figcaption class=\"wp-element-caption\">Installation Sanou. Photo de Sesthasek Boonchai.<\/figcaption><\/figure>\n\n\n\n<figure class=\"wp-block-image size-large\"><img loading=\"lazy\" decoding=\"async\" width=\"1024\" height=\"683\" src=\"https:\/\/masquerades.noma.org\/wp-content\/uploads\/2025\/06\/Fofonah-Installation_Photo-by-Wayan-Barre-1024x683.jpg\" alt=\"\" class=\"wp-image-869\" srcset=\"https:\/\/masquerades.noma.org\/wp-content\/uploads\/2025\/06\/Fofonah-Installation_Photo-by-Wayan-Barre-1024x683.jpg 1024w, https:\/\/masquerades.noma.org\/wp-content\/uploads\/2025\/06\/Fofonah-Installation_Photo-by-Wayan-Barre-300x200.jpg 300w, https:\/\/masquerades.noma.org\/wp-content\/uploads\/2025\/06\/Fofonah-Installation_Photo-by-Wayan-Barre-768x512.jpg 768w, https:\/\/masquerades.noma.org\/wp-content\/uploads\/2025\/06\/Fofonah-Installation_Photo-by-Wayan-Barre-18x12.jpg 18w, https:\/\/masquerades.noma.org\/wp-content\/uploads\/2025\/06\/Fofonah-Installation_Photo-by-Wayan-Barre.jpg 1200w\" sizes=\"auto, (max-width: 1024px) 100vw, 1024px\" \/><figcaption class=\"wp-element-caption\">Installation Fofonah. Photo de Wayan Barre<\/figcaption><\/figure>\n\n\n\n<figure class=\"wp-block-image size-large\"><img loading=\"lazy\" decoding=\"async\" width=\"1024\" height=\"683\" src=\"https:\/\/masquerades.noma.org\/wp-content\/uploads\/2025\/06\/Immersive-Room-Installation_Photo-by-Wayan-Barre-1024x683.jpg\" alt=\"\" class=\"wp-image-866\" srcset=\"https:\/\/masquerades.noma.org\/wp-content\/uploads\/2025\/06\/Immersive-Room-Installation_Photo-by-Wayan-Barre-1024x683.jpg 1024w, https:\/\/masquerades.noma.org\/wp-content\/uploads\/2025\/06\/Immersive-Room-Installation_Photo-by-Wayan-Barre-300x200.jpg 300w, https:\/\/masquerades.noma.org\/wp-content\/uploads\/2025\/06\/Immersive-Room-Installation_Photo-by-Wayan-Barre-768x512.jpg 768w, https:\/\/masquerades.noma.org\/wp-content\/uploads\/2025\/06\/Immersive-Room-Installation_Photo-by-Wayan-Barre-18x12.jpg 18w, https:\/\/masquerades.noma.org\/wp-content\/uploads\/2025\/06\/Immersive-Room-Installation_Photo-by-Wayan-Barre.jpg 1200w\" sizes=\"auto, (max-width: 1024px) 100vw, 1024px\" \/><figcaption class=\"wp-element-caption\">Installation immersive. Photo de Wayan Barre<\/figcaption><\/figure>\n\n\n\n<figure class=\"wp-block-image size-large\"><img loading=\"lazy\" decoding=\"async\" width=\"1024\" height=\"683\" src=\"https:\/\/masquerades.noma.org\/wp-content\/uploads\/2025\/06\/Bassey-Nsa-Installation_Photo-by-Wayan-Barre-1024x683.jpg\" alt=\"\" class=\"wp-image-865\" srcset=\"https:\/\/masquerades.noma.org\/wp-content\/uploads\/2025\/06\/Bassey-Nsa-Installation_Photo-by-Wayan-Barre-1024x683.jpg 1024w, https:\/\/masquerades.noma.org\/wp-content\/uploads\/2025\/06\/Bassey-Nsa-Installation_Photo-by-Wayan-Barre-300x200.jpg 300w, https:\/\/masquerades.noma.org\/wp-content\/uploads\/2025\/06\/Bassey-Nsa-Installation_Photo-by-Wayan-Barre-768x512.jpg 768w, https:\/\/masquerades.noma.org\/wp-content\/uploads\/2025\/06\/Bassey-Nsa-Installation_Photo-by-Wayan-Barre-18x12.jpg 18w, https:\/\/masquerades.noma.org\/wp-content\/uploads\/2025\/06\/Bassey-Nsa-Installation_Photo-by-Wayan-Barre.jpg 1200w\" sizes=\"auto, (max-width: 1024px) 100vw, 1024px\" \/><figcaption class=\"wp-element-caption\">Installation de Bassey Nsa. Photo de Wayan Barre<\/figcaption><\/figure>\n\n\n\n<div style=\"height:24px\" aria-hidden=\"true\" class=\"wp-block-spacer\"><\/div>\n\n\n\n<div class=\"wp-block-buttons is-layout-flex wp-block-buttons-is-layout-flex\">\n<div class=\"wp-block-button\"><a class=\"wp-block-button__link wp-element-button\" href=\"https:\/\/masquerades.noma.org\/fr\/exhibition-themes\/what-is-masquerade\/\">Qu'est-ce que Masquerade ?<\/a><\/div>\n\n\n\n<div class=\"wp-block-button\"><a class=\"wp-block-button__link wp-element-button\" href=\"https:\/\/masquerades.noma.org\/fr\/meet-the-artists\/herve-youmbi\/\">Rencontrez les Artistes<\/a><\/div>\n<\/div>\n<\/div>\n<\/div>\n<\/div>\n\n\n\n<p><\/p>","protected":false},"excerpt":{"rendered":"<p>The Exhibition New African Masquerades: Artistic Innovations and Collaborations shares the stories of four masquerade artists: Herv\u00e9 Youmbi (Cameroon), Chief [&hellip;]<\/p>","protected":false},"author":2,"featured_media":0,"parent":0,"menu_order":3,"comment_status":"closed","ping_status":"closed","template":"","meta":{"_acf_changed":false,"site-sidebar-layout":"default","site-content-layout":"","ast-site-content-layout":"","site-content-style":"default","site-sidebar-style":"default","ast-global-header-display":"","ast-banner-title-visibility":"","ast-main-header-display":"","ast-hfb-above-header-display":"","ast-hfb-below-header-display":"","ast-hfb-mobile-header-display":"","site-post-title":"","ast-breadcrumbs-content":"","ast-featured-img":"","footer-sml-layout":"","theme-transparent-header-meta":"","adv-header-id-meta":"","stick-header-meta":"","header-above-stick-meta":"","header-main-stick-meta":"","header-below-stick-meta":"","astra-migrate-meta-layouts":"default","ast-page-background-enabled":"default","ast-page-background-meta":{"desktop":{"background-color":"var(--ast-global-color-4)","background-image":"","background-repeat":"repeat","background-position":"center center","background-size":"auto","background-attachment":"scroll","background-type":"","background-media":"","overlay-type":"","overlay-color":"","overlay-opacity":"","overlay-gradient":""},"tablet":{"background-color":"","background-image":"","background-repeat":"repeat","background-position":"center center","background-size":"auto","background-attachment":"scroll","background-type":"","background-media":"","overlay-type":"","overlay-color":"","overlay-opacity":"","overlay-gradient":""},"mobile":{"background-color":"","background-image":"","background-repeat":"repeat","background-position":"center center","background-size":"auto","background-attachment":"scroll","background-type":"","background-media":"","overlay-type":"","overlay-color":"","overlay-opacity":"","overlay-gradient":""}},"ast-content-background-meta":{"desktop":{"background-color":"var(--ast-global-color-5)","background-image":"","background-repeat":"repeat","background-position":"center center","background-size":"auto","background-attachment":"scroll","background-type":"","background-media":"","overlay-type":"","overlay-color":"","overlay-opacity":"","overlay-gradient":""},"tablet":{"background-color":"var(--ast-global-color-5)","background-image":"","background-repeat":"repeat","background-position":"center center","background-size":"auto","background-attachment":"scroll","background-type":"","background-media":"","overlay-type":"","overlay-color":"","overlay-opacity":"","overlay-gradient":""},"mobile":{"background-color":"var(--ast-global-color-5)","background-image":"","background-repeat":"repeat","background-position":"center center","background-size":"auto","background-attachment":"scroll","background-type":"","background-media":"","overlay-type":"","overlay-color":"","overlay-opacity":"","overlay-gradient":""}},"footnotes":""},"class_list":["post-82","page","type-page","status-publish","hentry"],"acf":[],"yoast_head":"<!-- This site is optimized with the Yoast SEO plugin v25.3.1 - https:\/\/yoast.com\/wordpress\/plugins\/seo\/ -->\n<title>The Exhibition - New African Masquerades<\/title>\n<meta name=\"robots\" content=\"noindex, follow, max-snippet:-1, max-image-preview:large, max-video-preview:-1\" \/>\n<meta property=\"og:locale\" content=\"fr_FR\" \/>\n<meta property=\"og:type\" content=\"article\" \/>\n<meta property=\"og:title\" content=\"The Exhibition - New African Masquerades\" \/>\n<meta property=\"og:description\" content=\"The Exhibition New African Masquerades: Artistic Innovations and Collaborations shares the stories of four masquerade artists: Herv\u00e9 Youmbi (Cameroon), Chief [&hellip;]\" \/>\n<meta property=\"og:url\" content=\"https:\/\/masquerades.noma.org\/fr\/about-the-exhibition\/\" \/>\n<meta property=\"og:site_name\" content=\"New African Masquerades\" \/>\n<meta property=\"article:modified_time\" content=\"2025-07-25T14:44:38+00:00\" \/>\n<meta property=\"og:image\" content=\"https:\/\/masquerades.noma.org\/wp-content\/uploads\/2025\/07\/blocks-768x157-2.png\" \/>\n\t<meta property=\"og:image:width\" content=\"768\" \/>\n\t<meta property=\"og:image:height\" content=\"157\" \/>\n\t<meta property=\"og:image:type\" content=\"image\/png\" \/>\n<meta name=\"twitter:card\" content=\"summary_large_image\" \/>\n<meta name=\"twitter:label1\" content=\"Dur\u00e9e de lecture estim\u00e9e\" \/>\n\t<meta name=\"twitter:data1\" content=\"3 minutes\" \/>\n<script type=\"application\/ld+json\" class=\"yoast-schema-graph\">{\"@context\":\"https:\/\/schema.org\",\"@graph\":[{\"@type\":\"WebPage\",\"@id\":\"https:\/\/masquerades.noma.org\/about-the-exhibition\/\",\"url\":\"https:\/\/masquerades.noma.org\/about-the-exhibition\/\",\"name\":\"The Exhibition - New African Masquerades\",\"isPartOf\":{\"@id\":\"https:\/\/masquerades.noma.org\/#website\"},\"primaryImageOfPage\":{\"@id\":\"https:\/\/masquerades.noma.org\/about-the-exhibition\/#primaryimage\"},\"image\":{\"@id\":\"https:\/\/masquerades.noma.org\/about-the-exhibition\/#primaryimage\"},\"thumbnailUrl\":\"https:\/\/masquerades.noma.org\/wp-content\/uploads\/2025\/07\/blocks-768x157-2.png\",\"datePublished\":\"2023-10-25T14:48:39+00:00\",\"dateModified\":\"2025-07-25T14:44:38+00:00\",\"breadcrumb\":{\"@id\":\"https:\/\/masquerades.noma.org\/about-the-exhibition\/#breadcrumb\"},\"inLanguage\":\"fr-FR\",\"potentialAction\":[{\"@type\":\"ReadAction\",\"target\":[\"https:\/\/masquerades.noma.org\/about-the-exhibition\/\"]}]},{\"@type\":\"ImageObject\",\"inLanguage\":\"fr-FR\",\"@id\":\"https:\/\/masquerades.noma.org\/about-the-exhibition\/#primaryimage\",\"url\":\"https:\/\/masquerades.noma.org\/wp-content\/uploads\/2025\/07\/blocks-768x157-2.png\",\"contentUrl\":\"https:\/\/masquerades.noma.org\/wp-content\/uploads\/2025\/07\/blocks-768x157-2.png\"},{\"@type\":\"BreadcrumbList\",\"@id\":\"https:\/\/masquerades.noma.org\/about-the-exhibition\/#breadcrumb\",\"itemListElement\":[{\"@type\":\"ListItem\",\"position\":1,\"name\":\"Home\",\"item\":\"https:\/\/masquerades.noma.org\/\"},{\"@type\":\"ListItem\",\"position\":2,\"name\":\"The Exhibition\"}]},{\"@type\":\"WebSite\",\"@id\":\"https:\/\/masquerades.noma.org\/#website\",\"url\":\"https:\/\/masquerades.noma.org\/\",\"name\":\"New Masks Now\",\"description\":\"Artistic Innovations and Collaborations\",\"publisher\":{\"@id\":\"https:\/\/masquerades.noma.org\/#organization\"},\"potentialAction\":[{\"@type\":\"SearchAction\",\"target\":{\"@type\":\"EntryPoint\",\"urlTemplate\":\"https:\/\/masquerades.noma.org\/?s={search_term_string}\"},\"query-input\":{\"@type\":\"PropertyValueSpecification\",\"valueRequired\":true,\"valueName\":\"search_term_string\"}}],\"inLanguage\":\"fr-FR\"},{\"@type\":\"Organization\",\"@id\":\"https:\/\/masquerades.noma.org\/#organization\",\"name\":\"New Orleans Museum of Art\",\"url\":\"https:\/\/masquerades.noma.org\/\",\"logo\":{\"@type\":\"ImageObject\",\"inLanguage\":\"fr-FR\",\"@id\":\"https:\/\/masquerades.noma.org\/#\/schema\/logo\/image\/\",\"url\":\"https:\/\/masquerades.noma.org\/wp-content\/uploads\/2023\/11\/nmn-banner.jpg\",\"contentUrl\":\"https:\/\/masquerades.noma.org\/wp-content\/uploads\/2023\/11\/nmn-banner.jpg\",\"width\":900,\"height\":295,\"caption\":\"New Orleans Museum of Art\"},\"image\":{\"@id\":\"https:\/\/masquerades.noma.org\/#\/schema\/logo\/image\/\"}}]}<\/script>\n<!-- \/ Yoast SEO plugin. -->","yoast_head_json":{"title":"The Exhibition - New African Masquerades","robots":{"index":"noindex","follow":"follow","max-snippet":"max-snippet:-1","max-image-preview":"max-image-preview:large","max-video-preview":"max-video-preview:-1"},"og_locale":"fr_FR","og_type":"article","og_title":"The Exhibition - New African Masquerades","og_description":"The Exhibition New African Masquerades: Artistic Innovations and Collaborations shares the stories of four masquerade artists: Herv\u00e9 Youmbi (Cameroon), Chief [&hellip;]","og_url":"https:\/\/masquerades.noma.org\/fr\/about-the-exhibition\/","og_site_name":"New African Masquerades","article_modified_time":"2025-07-25T14:44:38+00:00","og_image":[{"width":768,"height":157,"url":"https:\/\/masquerades.noma.org\/wp-content\/uploads\/2025\/07\/blocks-768x157-2.png","type":"image\/png"}],"twitter_card":"summary_large_image","twitter_misc":{"Dur\u00e9e de lecture estim\u00e9e":"3 minutes"},"schema":{"@context":"https:\/\/schema.org","@graph":[{"@type":"WebPage","@id":"https:\/\/masquerades.noma.org\/about-the-exhibition\/","url":"https:\/\/masquerades.noma.org\/about-the-exhibition\/","name":"The Exhibition - New African Masquerades","isPartOf":{"@id":"https:\/\/masquerades.noma.org\/#website"},"primaryImageOfPage":{"@id":"https:\/\/masquerades.noma.org\/about-the-exhibition\/#primaryimage"},"image":{"@id":"https:\/\/masquerades.noma.org\/about-the-exhibition\/#primaryimage"},"thumbnailUrl":"https:\/\/masquerades.noma.org\/wp-content\/uploads\/2025\/07\/blocks-768x157-2.png","datePublished":"2023-10-25T14:48:39+00:00","dateModified":"2025-07-25T14:44:38+00:00","breadcrumb":{"@id":"https:\/\/masquerades.noma.org\/about-the-exhibition\/#breadcrumb"},"inLanguage":"fr-FR","potentialAction":[{"@type":"ReadAction","target":["https:\/\/masquerades.noma.org\/about-the-exhibition\/"]}]},{"@type":"ImageObject","inLanguage":"fr-FR","@id":"https:\/\/masquerades.noma.org\/about-the-exhibition\/#primaryimage","url":"https:\/\/masquerades.noma.org\/wp-content\/uploads\/2025\/07\/blocks-768x157-2.png","contentUrl":"https:\/\/masquerades.noma.org\/wp-content\/uploads\/2025\/07\/blocks-768x157-2.png"},{"@type":"BreadcrumbList","@id":"https:\/\/masquerades.noma.org\/about-the-exhibition\/#breadcrumb","itemListElement":[{"@type":"ListItem","position":1,"name":"Home","item":"https:\/\/masquerades.noma.org\/"},{"@type":"ListItem","position":2,"name":"The Exhibition"}]},{"@type":"WebSite","@id":"https:\/\/masquerades.noma.org\/#website","url":"https:\/\/masquerades.noma.org\/","name":"New Masks Now","description":"Artistic Innovations and Collaborations","publisher":{"@id":"https:\/\/masquerades.noma.org\/#organization"},"potentialAction":[{"@type":"SearchAction","target":{"@type":"EntryPoint","urlTemplate":"https:\/\/masquerades.noma.org\/?s={search_term_string}"},"query-input":{"@type":"PropertyValueSpecification","valueRequired":true,"valueName":"search_term_string"}}],"inLanguage":"fr-FR"},{"@type":"Organization","@id":"https:\/\/masquerades.noma.org\/#organization","name":"New Orleans Museum of Art","url":"https:\/\/masquerades.noma.org\/","logo":{"@type":"ImageObject","inLanguage":"fr-FR","@id":"https:\/\/masquerades.noma.org\/#\/schema\/logo\/image\/","url":"https:\/\/masquerades.noma.org\/wp-content\/uploads\/2023\/11\/nmn-banner.jpg","contentUrl":"https:\/\/masquerades.noma.org\/wp-content\/uploads\/2023\/11\/nmn-banner.jpg","width":900,"height":295,"caption":"New Orleans Museum of Art"},"image":{"@id":"https:\/\/masquerades.noma.org\/#\/schema\/logo\/image\/"}}]}},"_links":{"self":[{"href":"https:\/\/masquerades.noma.org\/fr\/wp-json\/wp\/v2\/pages\/82","targetHints":{"allow":["GET"]}}],"collection":[{"href":"https:\/\/masquerades.noma.org\/fr\/wp-json\/wp\/v2\/pages"}],"about":[{"href":"https:\/\/masquerades.noma.org\/fr\/wp-json\/wp\/v2\/types\/page"}],"author":[{"embeddable":true,"href":"https:\/\/masquerades.noma.org\/fr\/wp-json\/wp\/v2\/users\/2"}],"replies":[{"embeddable":true,"href":"https:\/\/masquerades.noma.org\/fr\/wp-json\/wp\/v2\/comments?post=82"}],"version-history":[{"count":42,"href":"https:\/\/masquerades.noma.org\/fr\/wp-json\/wp\/v2\/pages\/82\/revisions"}],"predecessor-version":[{"id":1104,"href":"https:\/\/masquerades.noma.org\/fr\/wp-json\/wp\/v2\/pages\/82\/revisions\/1104"}],"wp:attachment":[{"href":"https:\/\/masquerades.noma.org\/fr\/wp-json\/wp\/v2\/media?parent=82"}],"curies":[{"name":"wp","href":"https:\/\/api.w.org\/{rel}","templated":true}]}}