{"id":87,"date":"2023-10-25T09:49:40","date_gmt":"2023-10-25T14:49:40","guid":{"rendered":"https:\/\/masks.noma.org\/?page_id=87"},"modified":"2025-07-16T12:48:41","modified_gmt":"2025-07-16T17:48:41","slug":"resources","status":"publish","type":"page","link":"https:\/\/masquerades.noma.org\/fr\/the-project\/resources\/","title":{"rendered":"Ressources"},"content":{"rendered":"<h1 class=\"wp-block-heading\">Ressources<\/h1>\n\n\n\n<div style=\"height:36px\" aria-hidden=\"true\" class=\"wp-block-spacer\"><\/div>\n\n\n\n<p><strong><a href=\"https:\/\/masquerades.noma.org\/wp-content\/uploads\/2025\/05\/Selected-Further-Readings.pdf\">Autres lectures recommand\u00e9es<\/a><\/strong><\/p>\n\n\n\n<p><strong><a href=\"https:\/\/noma.org\/wp-content\/uploads\/2025\/05\/19-0125-NAM-Educators-Guide-5.13.25.pdf\" target=\"_blank\" rel=\"noreferrer noopener\">Guide de l'\u00e9ducateur<\/a><\/strong><br>Ceci <em>Nouvelles mascarades africaines : innovations artistiques et collaborations <\/em>Le guide de l'\u00e9ducateur comprend une pr\u00e9sentation des quatre artistes majeurs mis \u00e0 l'honneur dans cette exposition temporaire, ainsi que des ressources suppl\u00e9mentaires (notamment des liens vers des images et des vid\u00e9os, ainsi qu'un aper\u00e7u des programmes scolaires) pour accompagner l'apprentissage autour du contenu de l'exposition. Des questions de r\u00e9flexion, des activit\u00e9s en classe et une section intitul\u00e9e \u00ab Community + Collections Connection \u00bb (Lien entre la communaut\u00e9 et les collections) aident les \u00e9l\u00e8ves \u00e0 \u00e9tablir des parall\u00e8les entre les mascarades d'Afrique de l'Ouest, d'autres formes d'art collaboratif, les arts et cultures de la Nouvelle-Orl\u00e9ans et leur propre vie.<\/p>\n\n\n\n<figure class=\"wp-block-image aligncenter size-full is-resized\"><img loading=\"lazy\" decoding=\"async\" width=\"900\" height=\"184\" src=\"https:\/\/masquerades.noma.org\/wp-content\/uploads\/2025\/06\/blocks.png\" alt=\"\" class=\"wp-image-857\" style=\"width:244px\" srcset=\"https:\/\/masquerades.noma.org\/wp-content\/uploads\/2025\/06\/blocks.png 900w, https:\/\/masquerades.noma.org\/wp-content\/uploads\/2025\/06\/blocks-300x61.png 300w, https:\/\/masquerades.noma.org\/wp-content\/uploads\/2025\/06\/blocks-768x157.png 768w, https:\/\/masquerades.noma.org\/wp-content\/uploads\/2025\/06\/blocks-18x4.png 18w\" sizes=\"auto, (max-width: 900px) 100vw, 900px\" \/><\/figure>\n\n\n\n<div style=\"height:16px\" aria-hidden=\"true\" class=\"wp-block-spacer\"><\/div>\n\n\n\n<div class=\"wp-block-buttons is-layout-flex wp-block-buttons-is-layout-flex\">\n<div class=\"wp-block-button\"><a class=\"wp-block-button__link wp-element-button\" href=\"https:\/\/masquerades.noma.org\/fr\/the-project\/meet-the-team\/\">Rencontrez l'\u00e9quipe<\/a><\/div>\n\n\n\n<div class=\"wp-block-button\"><a class=\"wp-block-button__link wp-element-button\" href=\"https:\/\/masquerades.noma.org\/fr\/the-project\/ethics-methodology\/\">\u00c9thique et M\u00e9thodologie<\/a><\/div>\n<\/div>","protected":false},"excerpt":{"rendered":"<p>Resources Further Selected Readings Educator GuideThis New African Masquerades: Artistic Innovations and Collaborations Educator Guide includes introductions to the four [&hellip;]<\/p>","protected":false},"author":2,"featured_media":0,"parent":1082,"menu_order":2,"comment_status":"closed","ping_status":"closed","template":"","meta":{"_acf_changed":false,"site-sidebar-layout":"default","site-content-layout":"","ast-site-content-layout":"","site-content-style":"default","site-sidebar-style":"default","ast-global-header-display":"","ast-banner-title-visibility":"","ast-main-header-display":"","ast-hfb-above-header-display":"","ast-hfb-below-header-display":"","ast-hfb-mobile-header-display":"","site-post-title":"disabled","ast-breadcrumbs-content":"","ast-featured-img":"","footer-sml-layout":"","theme-transparent-header-meta":"","adv-header-id-meta":"","stick-header-meta":"","header-above-stick-meta":"","header-main-stick-meta":"","header-below-stick-meta":"","astra-migrate-meta-layouts":"default","ast-page-background-enabled":"default","ast-page-background-meta":{"desktop":{"background-color":"var(--ast-global-color-4)","background-image":"","background-repeat":"repeat","background-position":"center center","background-size":"auto","background-attachment":"scroll","background-type":"","background-media":"","overlay-type":"","overlay-color":"","overlay-opacity":"","overlay-gradient":""},"tablet":{"background-color":"","background-image":"","background-repeat":"repeat","background-position":"center center","background-size":"auto","background-attachment":"scroll","background-type":"","background-media":"","overlay-type":"","overlay-color":"","overlay-opacity":"","overlay-gradient":""},"mobile":{"background-color":"","background-image":"","background-repeat":"repeat","background-position":"center center","background-size":"auto","background-attachment":"scroll","background-type":"","background-media":"","overlay-type":"","overlay-color":"","overlay-opacity":"","overlay-gradient":""}},"ast-content-background-meta":{"desktop":{"background-color":"var(--ast-global-color-5)","background-image":"","background-repeat":"repeat","background-position":"center center","background-size":"auto","background-attachment":"scroll","background-type":"","background-media":"","overlay-type":"","overlay-color":"","overlay-opacity":"","overlay-gradient":""},"tablet":{"background-color":"var(--ast-global-color-5)","background-image":"","background-repeat":"repeat","background-position":"center center","background-size":"auto","background-attachment":"scroll","background-type":"","background-media":"","overlay-type":"","overlay-color":"","overlay-opacity":"","overlay-gradient":""},"mobile":{"background-color":"var(--ast-global-color-5)","background-image":"","background-repeat":"repeat","background-position":"center center","background-size":"auto","background-attachment":"scroll","background-type":"","background-media":"","overlay-type":"","overlay-color":"","overlay-opacity":"","overlay-gradient":""}},"footnotes":""},"class_list":["post-87","page","type-page","status-publish","hentry"],"acf":[],"yoast_head":"<!-- This site is optimized with the Yoast SEO plugin v25.3.1 - https:\/\/yoast.com\/wordpress\/plugins\/seo\/ -->\n<title>Resources - New African Masquerades<\/title>\n<meta name=\"robots\" content=\"noindex, follow, max-snippet:-1, max-image-preview:large, max-video-preview:-1\" \/>\n<meta property=\"og:locale\" content=\"fr_FR\" \/>\n<meta property=\"og:type\" content=\"article\" \/>\n<meta property=\"og:title\" content=\"Resources - New African Masquerades\" \/>\n<meta property=\"og:description\" content=\"Resources Further Selected Readings Educator GuideThis New African Masquerades: Artistic Innovations and Collaborations Educator Guide includes introductions to the four [&hellip;]\" \/>\n<meta property=\"og:url\" content=\"https:\/\/masquerades.noma.org\/fr\/the-project\/resources\/\" \/>\n<meta property=\"og:site_name\" content=\"New African Masquerades\" \/>\n<meta property=\"article:modified_time\" content=\"2025-07-16T17:48:41+00:00\" \/>\n<meta property=\"og:image\" content=\"https:\/\/masquerades.noma.org\/wp-content\/uploads\/2025\/06\/blocks.png\" \/>\n\t<meta property=\"og:image:width\" content=\"900\" \/>\n\t<meta property=\"og:image:height\" content=\"184\" \/>\n\t<meta property=\"og:image:type\" content=\"image\/png\" \/>\n<meta name=\"twitter:card\" content=\"summary_large_image\" \/>\n<meta name=\"twitter:label1\" content=\"Dur\u00e9e de lecture estim\u00e9e\" \/>\n\t<meta name=\"twitter:data1\" content=\"1 minute\" \/>\n<script type=\"application\/ld+json\" class=\"yoast-schema-graph\">{\"@context\":\"https:\/\/schema.org\",\"@graph\":[{\"@type\":\"WebPage\",\"@id\":\"https:\/\/masquerades.noma.org\/the-project\/resources\/\",\"url\":\"https:\/\/masquerades.noma.org\/the-project\/resources\/\",\"name\":\"Resources - New African Masquerades\",\"isPartOf\":{\"@id\":\"https:\/\/masquerades.noma.org\/#website\"},\"primaryImageOfPage\":{\"@id\":\"https:\/\/masquerades.noma.org\/the-project\/resources\/#primaryimage\"},\"image\":{\"@id\":\"https:\/\/masquerades.noma.org\/the-project\/resources\/#primaryimage\"},\"thumbnailUrl\":\"https:\/\/masquerades.noma.org\/wp-content\/uploads\/2025\/06\/blocks.png\",\"datePublished\":\"2023-10-25T14:49:40+00:00\",\"dateModified\":\"2025-07-16T17:48:41+00:00\",\"breadcrumb\":{\"@id\":\"https:\/\/masquerades.noma.org\/the-project\/resources\/#breadcrumb\"},\"inLanguage\":\"fr-FR\",\"potentialAction\":[{\"@type\":\"ReadAction\",\"target\":[\"https:\/\/masquerades.noma.org\/the-project\/resources\/\"]}]},{\"@type\":\"ImageObject\",\"inLanguage\":\"fr-FR\",\"@id\":\"https:\/\/masquerades.noma.org\/the-project\/resources\/#primaryimage\",\"url\":\"https:\/\/masquerades.noma.org\/wp-content\/uploads\/2025\/06\/blocks.png\",\"contentUrl\":\"https:\/\/masquerades.noma.org\/wp-content\/uploads\/2025\/06\/blocks.png\"},{\"@type\":\"BreadcrumbList\",\"@id\":\"https:\/\/masquerades.noma.org\/the-project\/resources\/#breadcrumb\",\"itemListElement\":[{\"@type\":\"ListItem\",\"position\":1,\"name\":\"Home\",\"item\":\"https:\/\/masquerades.noma.org\/\"},{\"@type\":\"ListItem\",\"position\":2,\"name\":\"The Project\",\"item\":\"https:\/\/masquerades.noma.org\/the-project\/\"},{\"@type\":\"ListItem\",\"position\":3,\"name\":\"Resources\"}]},{\"@type\":\"WebSite\",\"@id\":\"https:\/\/masquerades.noma.org\/#website\",\"url\":\"https:\/\/masquerades.noma.org\/\",\"name\":\"New Masks Now\",\"description\":\"Artistic Innovations and Collaborations\",\"publisher\":{\"@id\":\"https:\/\/masquerades.noma.org\/#organization\"},\"potentialAction\":[{\"@type\":\"SearchAction\",\"target\":{\"@type\":\"EntryPoint\",\"urlTemplate\":\"https:\/\/masquerades.noma.org\/?s={search_term_string}\"},\"query-input\":{\"@type\":\"PropertyValueSpecification\",\"valueRequired\":true,\"valueName\":\"search_term_string\"}}],\"inLanguage\":\"fr-FR\"},{\"@type\":\"Organization\",\"@id\":\"https:\/\/masquerades.noma.org\/#organization\",\"name\":\"New Orleans Museum of Art\",\"url\":\"https:\/\/masquerades.noma.org\/\",\"logo\":{\"@type\":\"ImageObject\",\"inLanguage\":\"fr-FR\",\"@id\":\"https:\/\/masquerades.noma.org\/#\/schema\/logo\/image\/\",\"url\":\"https:\/\/masquerades.noma.org\/wp-content\/uploads\/2023\/11\/nmn-banner.jpg\",\"contentUrl\":\"https:\/\/masquerades.noma.org\/wp-content\/uploads\/2023\/11\/nmn-banner.jpg\",\"width\":900,\"height\":295,\"caption\":\"New Orleans Museum of Art\"},\"image\":{\"@id\":\"https:\/\/masquerades.noma.org\/#\/schema\/logo\/image\/\"}}]}<\/script>\n<!-- \/ Yoast SEO plugin. -->","yoast_head_json":{"title":"Resources - New African Masquerades","robots":{"index":"noindex","follow":"follow","max-snippet":"max-snippet:-1","max-image-preview":"max-image-preview:large","max-video-preview":"max-video-preview:-1"},"og_locale":"fr_FR","og_type":"article","og_title":"Resources - New African Masquerades","og_description":"Resources Further Selected Readings Educator GuideThis New African Masquerades: Artistic Innovations and Collaborations Educator Guide includes introductions to the four [&hellip;]","og_url":"https:\/\/masquerades.noma.org\/fr\/the-project\/resources\/","og_site_name":"New African Masquerades","article_modified_time":"2025-07-16T17:48:41+00:00","og_image":[{"width":900,"height":184,"url":"https:\/\/masquerades.noma.org\/wp-content\/uploads\/2025\/06\/blocks.png","type":"image\/png"}],"twitter_card":"summary_large_image","twitter_misc":{"Dur\u00e9e de lecture estim\u00e9e":"1 minute"},"schema":{"@context":"https:\/\/schema.org","@graph":[{"@type":"WebPage","@id":"https:\/\/masquerades.noma.org\/the-project\/resources\/","url":"https:\/\/masquerades.noma.org\/the-project\/resources\/","name":"Resources - New African Masquerades","isPartOf":{"@id":"https:\/\/masquerades.noma.org\/#website"},"primaryImageOfPage":{"@id":"https:\/\/masquerades.noma.org\/the-project\/resources\/#primaryimage"},"image":{"@id":"https:\/\/masquerades.noma.org\/the-project\/resources\/#primaryimage"},"thumbnailUrl":"https:\/\/masquerades.noma.org\/wp-content\/uploads\/2025\/06\/blocks.png","datePublished":"2023-10-25T14:49:40+00:00","dateModified":"2025-07-16T17:48:41+00:00","breadcrumb":{"@id":"https:\/\/masquerades.noma.org\/the-project\/resources\/#breadcrumb"},"inLanguage":"fr-FR","potentialAction":[{"@type":"ReadAction","target":["https:\/\/masquerades.noma.org\/the-project\/resources\/"]}]},{"@type":"ImageObject","inLanguage":"fr-FR","@id":"https:\/\/masquerades.noma.org\/the-project\/resources\/#primaryimage","url":"https:\/\/masquerades.noma.org\/wp-content\/uploads\/2025\/06\/blocks.png","contentUrl":"https:\/\/masquerades.noma.org\/wp-content\/uploads\/2025\/06\/blocks.png"},{"@type":"BreadcrumbList","@id":"https:\/\/masquerades.noma.org\/the-project\/resources\/#breadcrumb","itemListElement":[{"@type":"ListItem","position":1,"name":"Home","item":"https:\/\/masquerades.noma.org\/"},{"@type":"ListItem","position":2,"name":"The Project","item":"https:\/\/masquerades.noma.org\/the-project\/"},{"@type":"ListItem","position":3,"name":"Resources"}]},{"@type":"WebSite","@id":"https:\/\/masquerades.noma.org\/#website","url":"https:\/\/masquerades.noma.org\/","name":"New Masks Now","description":"Artistic Innovations and Collaborations","publisher":{"@id":"https:\/\/masquerades.noma.org\/#organization"},"potentialAction":[{"@type":"SearchAction","target":{"@type":"EntryPoint","urlTemplate":"https:\/\/masquerades.noma.org\/?s={search_term_string}"},"query-input":{"@type":"PropertyValueSpecification","valueRequired":true,"valueName":"search_term_string"}}],"inLanguage":"fr-FR"},{"@type":"Organization","@id":"https:\/\/masquerades.noma.org\/#organization","name":"New Orleans Museum of Art","url":"https:\/\/masquerades.noma.org\/","logo":{"@type":"ImageObject","inLanguage":"fr-FR","@id":"https:\/\/masquerades.noma.org\/#\/schema\/logo\/image\/","url":"https:\/\/masquerades.noma.org\/wp-content\/uploads\/2023\/11\/nmn-banner.jpg","contentUrl":"https:\/\/masquerades.noma.org\/wp-content\/uploads\/2023\/11\/nmn-banner.jpg","width":900,"height":295,"caption":"New Orleans Museum of Art"},"image":{"@id":"https:\/\/masquerades.noma.org\/#\/schema\/logo\/image\/"}}]}},"_links":{"self":[{"href":"https:\/\/masquerades.noma.org\/fr\/wp-json\/wp\/v2\/pages\/87","targetHints":{"allow":["GET"]}}],"collection":[{"href":"https:\/\/masquerades.noma.org\/fr\/wp-json\/wp\/v2\/pages"}],"about":[{"href":"https:\/\/masquerades.noma.org\/fr\/wp-json\/wp\/v2\/types\/page"}],"author":[{"embeddable":true,"href":"https:\/\/masquerades.noma.org\/fr\/wp-json\/wp\/v2\/users\/2"}],"replies":[{"embeddable":true,"href":"https:\/\/masquerades.noma.org\/fr\/wp-json\/wp\/v2\/comments?post=87"}],"version-history":[{"count":10,"href":"https:\/\/masquerades.noma.org\/fr\/wp-json\/wp\/v2\/pages\/87\/revisions"}],"predecessor-version":[{"id":1088,"href":"https:\/\/masquerades.noma.org\/fr\/wp-json\/wp\/v2\/pages\/87\/revisions\/1088"}],"up":[{"embeddable":true,"href":"https:\/\/masquerades.noma.org\/fr\/wp-json\/wp\/v2\/pages\/1082"}],"wp:attachment":[{"href":"https:\/\/masquerades.noma.org\/fr\/wp-json\/wp\/v2\/media?parent=87"}],"curies":[{"name":"wp","href":"https:\/\/api.w.org\/{rel}","templated":true}]}}